{"id":6043,"date":"2025-09-26T14:22:10","date_gmt":"2025-09-26T13:22:10","guid":{"rendered":"https:\/\/verloskundigenpraktijkmargriet.nl\/00-05-hafta\/"},"modified":"2025-11-02T21:23:26","modified_gmt":"2025-11-02T20:23:26","slug":"00-05-hafta","status":"publish","type":"page","link":"https:\/\/verloskundigenpraktijkmargriet.nl\/tr\/00-05-hafta\/","title":{"rendered":"00-05 Hafta"},"content":{"rendered":"<p>[et_pb_section fb_built=&#8221;1&#8243; _builder_version=&#8221;4.27.4&#8243; use_background_color_gradient=&#8221;on&#8221; background_color_gradient_stops=&#8221;rgba(0,0,0,0.18) 0%|rgba(0,0,0,0.18) 100%&#8221; background_color_gradient_overlays_image=&#8221;on&#8221; background_image=&#8221;https:\/\/verloskundigenpraktijkmargriet.nl\/wp-content\/uploads\/2022\/11\/newborn-baby-feet-on-creamy-blanket-mom-and-her-c-2021-08-26-20-11-48-utc-scaled-1.jpg&#8221; custom_padding=&#8221;35px||35px||true|false&#8221; bottom_divider_style=&#8221;ramp2&#8243; bottom_divider_color=&#8221;#f9f8f2&#8243; locked=&#8221;off&#8221; global_colors_info=&#8221;{}&#8221;][et_pb_row use_custom_gutter=&#8221;on&#8221; gutter_width=&#8221;2&#8243; make_equal=&#8221;on&#8221; _builder_version=&#8221;4.18.1&#8243; width=&#8221;98%&#8221; width_tablet=&#8221;90%&#8221; width_phone=&#8221;90%&#8221; width_last_edited=&#8221;on|tablet&#8221; max_width=&#8221;1170px&#8221; max_width_tablet=&#8221;90%&#8221; max_width_phone=&#8221;90%&#8221; max_width_last_edited=&#8221;on|tablet&#8221; custom_margin_tablet=&#8221;120px||||false|false&#8221; custom_margin_phone=&#8221;120px||||false|false&#8221; custom_margin_last_edited=&#8221;on|tablet&#8221; global_colors_info=&#8221;{}&#8221;][et_pb_column type=&#8221;4_4&#8243; _builder_version=&#8221;4.16&#8243; custom_padding=&#8221;|||&#8221; global_colors_info=&#8221;{}&#8221; custom_padding__hover=&#8221;|||&#8221;][et_pb_text _builder_version=&#8221;4.27.4&#8243; text_font=&#8221;|||||on|||&#8221; text_text_color=&#8221;#ffffff&#8221; text_font_size=&#8221;20px&#8221; header_font=&#8221;Playfair Display|||on|||||&#8221; header_text_color=&#8221;#ffffff&#8221; header_font_size=&#8221;50px&#8221; header_letter_spacing=&#8221;3px&#8221; header_line_height=&#8221;1.5em&#8221; header_2_text_color=&#8221;#FFFFFF&#8221; header_2_font_size=&#8221;45px&#8221; text_orientation=&#8221;center&#8221; max_width=&#8221;800px&#8221; module_alignment=&#8221;center&#8221; custom_padding=&#8221;53px||&#8221; header_font_size_tablet=&#8221;&#8221; header_font_size_phone=&#8221;25px&#8221; header_font_size_last_edited=&#8221;on|phone&#8221; global_colors_info=&#8221;{}&#8221;]<\/p>\n<h2 class=\"site-title\">MARGRIET EBEL\u0130K KL\u0130N\u0130\u011e\u0130<\/h2>\n<p class=\"site-description\">0-5 Hafta<\/p>\n<p>[\/et_pb_text][et_pb_divider color=&#8221;#ffffff&#8221; _builder_version=&#8221;4.18.0&#8243; _module_preset=&#8221;default&#8221; global_colors_info=&#8221;{}&#8221;][\/et_pb_divider][et_pb_menu menu_id=&#8221;3&#8243; active_link_color=&#8221;#ffffff&#8221; dropdown_menu_line_color=&#8221;#993300&#8243; dropdown_menu_text_color=&#8221;#000000&#8243; dropdown_menu_active_link_color=&#8221;#993300&#8243; mobile_menu_text_color=&#8221;#000000&#8243; disabled_on=&#8221;on|on|off&#8221; _builder_version=&#8221;4.20.4&#8243; _module_preset=&#8221;default&#8221; menu_font=&#8221;|||||on|||&#8221; menu_text_color=&#8221;#ffffff&#8221; menu_font_size=&#8221;17px&#8221; background_enable_color=&#8221;off&#8221; positioning=&#8221;relative&#8221; text_orientation=&#8221;center&#8221; width=&#8221;100%&#8221; global_colors_info=&#8221;{}&#8221;][\/et_pb_menu][\/et_pb_column][\/et_pb_row][\/et_pb_section][et_pb_section fb_built=&#8221;1&#8243; admin_label=&#8221;Header&#8221; _builder_version=&#8221;4.18.1&#8243; use_background_color_gradient=&#8221;on&#8221; background_color_gradient_direction=&#8221;90deg&#8221; background_color_gradient_stops=&#8221;rgba(210,218,228,0.38) 45%|#ffffff 45%&#8221; background_color_gradient_start=&#8221;rgba(210,218,228,0.38)&#8221; background_color_gradient_start_position=&#8221;45%&#8221; background_color_gradient_end=&#8221;#ffffff&#8221; background_color_gradient_end_position=&#8221;45%&#8221; background_image=&#8221;https:\/\/verloskundigenpraktijkmargriet.nl\/wp-content\/uploads\/2022\/11\/wed-bg-3.png&#8221; custom_margin=&#8221;||||false|false&#8221; custom_padding=&#8221;50px|0px|50px|0px|true|false&#8221; global_colors_info=&#8221;{}&#8221;][et_pb_row column_structure=&#8221;1_4,1_2,1_4&#8243; _builder_version=&#8221;4.18.1&#8243; _module_preset=&#8221;default&#8221; width=&#8221;90%&#8221; max_width=&#8221;1400px&#8221; module_alignment=&#8221;center&#8221; global_colors_info=&#8221;{}&#8221;][et_pb_column type=&#8221;1_4&#8243; disabled_on=&#8221;on|on|off&#8221; _builder_version=&#8221;4.18.1&#8243; _module_preset=&#8221;default&#8221; global_colors_info=&#8221;{}&#8221;][et_pb_text _builder_version=&#8221;4.27.4&#8243; _module_preset=&#8221;default&#8221; link_font=&#8221;|600||||on|||&#8221; link_text_color=&#8221;#000000&#8243; link_font_size=&#8221;16px&#8221; ul_text_color=&#8221;#ffffff&#8221; header_font=&#8221;|||on|||||&#8221; header_font_size=&#8221;22px&#8221; background_color=&#8221;rgba(214,185,148,0.87)&#8221; background_enable_image=&#8221;off&#8221; background_size=&#8221;contain&#8221; background_position=&#8221;bottom_center&#8221; custom_padding=&#8221;20px|10px|20px|10px|true|true&#8221; sticky_position=&#8221;top&#8221; sticky_offset_top=&#8221;15px&#8221; hover_enabled=&#8221;0&#8243; border_radii=&#8221;on|15px|15px|15px|15px&#8221; box_shadow_style=&#8221;preset1&#8243; global_colors_info=&#8221;{}&#8221; sticky_enabled=&#8221;0&#8243;]<\/p>\n<h2><span style=\"color: #993300;\"><strong>Bu sayfada<\/strong><\/span><\/h2>\n<p>&nbsp;<\/p>\n<ul>\n<li><a href=\"#afsp\">Randevu al\u0131n<\/a><\/li>\n<li><a href=\"#foli\">Folik asit ve D vitamini<\/a><\/li>\n<li><a href=\"#voed\">Beslenme ve ya\u015fam tarz\u0131<\/a><\/li>\n<li><a href=\"#bloe\">Kanama ve d\u00fc\u015f\u00fck<\/a><\/li>\n<\/ul>\n<p>[\/et_pb_text][\/et_pb_column][et_pb_column type=&#8221;1_2&#8243; _builder_version=&#8221;4.18.1&#8243; _module_preset=&#8221;default&#8221; global_colors_info=&#8221;{}&#8221;][et_pb_text _builder_version=&#8221;4.19.0&#8243; text_font=&#8221;||||||||&#8221; header_font=&#8221;|700||||on|||&#8221; header_font_size=&#8221;40px&#8221; header_line_height=&#8221;1.3em&#8221; header_font_size_tablet=&#8221;50px&#8221; header_font_size_phone=&#8221;40px&#8221; header_font_size_last_edited=&#8221;on|phone&#8221; global_colors_info=&#8221;{}&#8221;]<\/p>\n<h1><span style=\"color: #993300;\">0-5 Hafta<\/span><\/h1>\n<p>[\/et_pb_text][et_pb_text _builder_version=&#8221;4.27.4&#8243; text_font=&#8221;||||||||&#8221; header_font=&#8221;|700||||on|||&#8221; header_font_size=&#8221;40px&#8221; header_line_height=&#8221;1.3em&#8221; header_font_size_tablet=&#8221;50px&#8221; header_font_size_phone=&#8221;40px&#8221; header_font_size_last_edited=&#8221;on|phone&#8221; global_colors_info=&#8221;{}&#8221;]<\/p>\n<h2><span style=\"color: #993300;\">Pozitif hamilelik testi<\/span><\/h2>\n<p>[\/et_pb_text][et_pb_text _builder_version=&#8221;4.18.1&#8243; text_font=&#8221;|300|||||||&#8221; text_text_color=&#8221;#000000&#8243; text_font_size=&#8221;16px&#8221; text_line_height=&#8221;1.8em&#8221; header_font=&#8221;Yeseva One||||||||&#8221; header_text_color=&#8221;#3c1c20&#8243; header_font_size=&#8221;47px&#8221; header_line_height=&#8221;1.2em&#8221; text_orientation=&#8221;justified&#8221; custom_margin=&#8221;-13px||&#8221; locked=&#8221;off&#8221; global_colors_info=&#8221;{}&#8221;]<\/p>\n<p>Ba\u015fard\u0131n\u0131z ve hamile kald\u0131n\u0131z m\u0131? Tebrikler! Hamile oldu\u011funuzun ilk i\u015fareti genellikle adet d\u00f6neminizin gecikmesidir. Bu daha sonra pozitif bir gebelik testi ile do\u011frulan\u0131r. Bazen inanamay\u0131p birden fazla test yapabilirsiniz. Bu mant\u0131kl\u0131 bir tepkidir, ancak emin olun: ma\u011fazalardan sat\u0131n alabilece\u011finiz gebelik testleri olduk\u00e7a g\u00fcvenilirdir. Pozitif gebelik testi an\u0131nda bebe\u011finiz hala \u00e7ok k\u00fc\u00e7\u00fckt\u00fcr, sadece bir \u00e7ikolata par\u00e7as\u0131 b\u00fcy\u00fckl\u00fc\u011f\u00fcndedir!      <\/p>\n<p>[\/et_pb_text][\/et_pb_column][et_pb_column type=&#8221;1_4&#8243; _builder_version=&#8221;4.18.1&#8243; _module_preset=&#8221;default&#8221; global_colors_info=&#8221;{}&#8221;][et_pb_image src=&#8221;https:\/\/verloskundigenpraktijkmargriet.nl\/wp-content\/uploads\/2022\/11\/wachtkamer.jpg&#8221; title_text=&#8221;bekleme odas\u0131&#8221; align=&#8221;center&#8221; _builder_version=&#8221;4.19.0&#8243; _module_preset=&#8221;default&#8221; custom_margin=&#8221;40px||||false|false&#8221; border_radii=&#8221;on|5px|5px|5px|5px&#8221; box_shadow_style=&#8221;preset1&#8243; global_colors_info=&#8221;{}&#8221;][\/et_pb_image][\/et_pb_column][\/et_pb_row][et_pb_row column_structure=&#8221;1_4,3_4&#8243; _builder_version=&#8221;4.18.1&#8243; _module_preset=&#8221;default&#8221; width=&#8221;90%&#8221; max_width=&#8221;1400px&#8221; module_alignment=&#8221;center&#8221; global_colors_info=&#8221;{}&#8221;][et_pb_column type=&#8221;1_4&#8243; disabled_on=&#8221;on|on|off&#8221; _builder_version=&#8221;4.18.1&#8243; _module_preset=&#8221;default&#8221; global_colors_info=&#8221;{}&#8221;][\/et_pb_column][et_pb_column type=&#8221;3_4&#8243; _builder_version=&#8221;4.18.1&#8243; _module_preset=&#8221;default&#8221; global_colors_info=&#8221;{}&#8221;][et_pb_text module_id=&#8221;afsp&#8221; _builder_version=&#8221;4.27.4&#8243; text_font=&#8221;|300|||||||&#8221; text_text_color=&#8221;#000000&#8243; text_font_size=&#8221;16px&#8221; text_line_height=&#8221;1.8em&#8221; header_font=&#8221;Yeseva One||||||||&#8221; header_text_color=&#8221;#3c1c20&#8243; header_font_size=&#8221;47px&#8221; header_line_height=&#8221;1.2em&#8221; header_3_font=&#8221;|600||||on|||&#8221; text_orientation=&#8221;justified&#8221; custom_margin=&#8221;-13px||&#8221; locked=&#8221;off&#8221; global_colors_info=&#8221;{}&#8221;]<\/p>\n<h3 class=\"western\"><span style=\"color: #993300;\">\u0130lk haftalarda neler olur?<\/span><\/h3>\n<p class=\"p1\">Do\u011fum biliminde <span class=\"s1\">son adet tarihinden<\/span> itibaren sayar\u0131z. Bu ilk takvim haftalar\u0131nda hen\u00fcz embriyo yoktur, ancak t\u00fcm s\u00fcreleri tutarl\u0131 bir \u015fekilde saymak i\u00e7in bunu <span class=\"s1\">ba\u015flang\u0131\u00e7 noktas\u0131<\/span> olarak kullan\u0131r\u0131z. <\/p>\n<p class=\"p1\"><span class=\"s1\">Yumurtlama<\/span> d\u00f6neminde yumurta ve sperm h\u00fccresi birle\u015fir. D\u00f6llenen yumurta (zigot) birka\u00e7 g\u00fcn i\u00e7inde rahme ula\u015f\u0131r ve <g id=\"gid_1\">yerle\u015fir<\/g>. Sa\u011fl\u0131kl\u0131 hamieliklerin \u00e7o\u011funda bu yerle\u015fme <g id=\"gid_2\">yumurtlamadan 8-10 g\u00fcn sonra<\/g> ger\u00e7ekle\u015fir. Bunun ki\u015fiden ki\u015fiye de\u011fi\u015fmesi normaldir; \u00e7ok ge\u00e7 ger\u00e7ekle\u015fen yerle\u015fme daha s\u0131k erken d\u00fc\u015f\u00fckle birlikte g\u00f6r\u00fcl\u00fcr, ancak genellikle sorunsuz ilerler.   <\/p>\n<p class=\"p1\">Ba\u015far\u0131l\u0131 yerle\u015fmeden sonra <span class=\"s1\">hCG<\/span> \u00fcretirsiniz. Bu hormon <g id=\"gid_1\">korpus luteum&#8217;un<\/g> (yumurtal\u0131\u011f\u0131n\u0131zda) progesteron \u00fcretmeye devam etmesini sa\u011flar, b\u00f6ylece rahim i\u00e7 zar\u0131 korunur ve <g id=\"gid_2\">adet g\u00f6rmeniz durur<\/g>. Hamilelik testleri genellikle <span class=\"s1\">ka\u00e7\u0131r\u0131lan adet d\u00f6neminde veya k\u0131sa s\u00fcre sonra<\/span> pozitif olur (bazen 3-4. haftadan itibaren). Kan testleri hCG&#8217;yi daha erken ve daha kesin \u00f6l\u00e7ebilir, ancak tek bir de\u011fer \u00e7ok az \u015fey s\u00f6yler; doktorlar \u015f\u00fcphe durumunda <span class=\"s1\">48 saatteki e\u011filime<\/span> bakmay\u0131 tercih ederler.   <\/p>\n<p class=\"p1\">5. haftada <span class=\"s1\">sinir sistemi, kalp ve b\u00fcy\u00fck organlar\u0131n<\/span> geli\u015fimi h\u0131zlan\u0131r. <span class=\"s1\">N\u00f6ral t\u00fcp<\/span> (beyin ve omurilik dahil) <span class=\"s1\">d\u00f6llenmeden sonraki d\u00f6rd\u00fcnc\u00fc haftada<\/span> (son adet tarihinden yakla\u015f\u0131k 6 hafta hamile say\u0131l\u0131r) kapan\u0131r, bu nedenle k\u0131lavuzlar hamilelik \u00f6ncesi ve ba\u015flang\u0131c\u0131nda <span class=\"s1\">folik asit<\/span> \u00f6nerir. <span class=\"s1\">Kalp<\/span> olu\u015fur ve <span class=\"s1\">bu d\u00f6nemde<\/span> ilk kez atmaya ba\u015flar, ancak bu ultrason g\u00f6r\u00fcnt\u00fclemede her zaman hemen g\u00f6r\u00fclmez.  <\/p>\n<p>[\/et_pb_text][et_pb_text module_id=&#8221;afsp&#8221; _builder_version=&#8221;4.19.0&#8243; text_font=&#8221;|300|||||||&#8221; text_text_color=&#8221;#000000&#8243; text_font_size=&#8221;16px&#8221; text_line_height=&#8221;1.8em&#8221; header_font=&#8221;Yeseva One||||||||&#8221; header_text_color=&#8221;#3c1c20&#8243; header_font_size=&#8221;47px&#8221; header_line_height=&#8221;1.2em&#8221; header_3_font=&#8221;|600||||on|||&#8221; text_orientation=&#8221;justified&#8221; custom_margin=&#8221;-13px||&#8221; locked=&#8221;off&#8221; global_colors_info=&#8221;{}&#8221;]<\/p>\n<h3 class=\"western\"><span style=\"color: #993300;\">\u00c7evrimi\u00e7i kay\u0131t olun veya randevu al\u0131n<\/span><\/h3>\n<p>Hamile oldu\u011funuzu \u00f6\u011frendi\u011finiz anda bizi arayabilir veya kendinizi <a href=\"https:\/\/margriet.uwpraktijkonline.nl\/\" target=\"_blank\" rel=\"noopener\">online kaydettirebilirsiniz<\/a>. \u0130lk randevuyu her zaman 6-7. hamilelik haftas\u0131 civar\u0131nda planl\u0131yoruz. Erken ultrason planlamak da m\u00fcmk\u00fcnd\u00fcr. Bunu istiyorsan\u0131z, ilk telefon g\u00f6r\u00fc\u015fmesi s\u0131ras\u0131nda belirtebilirsiniz.<\/p>\n<p>[\/et_pb_text][\/et_pb_column][\/et_pb_row][et_pb_row column_structure=&#8221;1_4,1_4,1_2&#8243; _builder_version=&#8221;4.18.1&#8243; _module_preset=&#8221;default&#8221; width=&#8221;90%&#8221; max_width=&#8221;1400px&#8221; module_alignment=&#8221;center&#8221; global_colors_info=&#8221;{}&#8221;][et_pb_column type=&#8221;1_4&#8243; disabled_on=&#8221;on|on|off&#8221; _builder_version=&#8221;4.18.1&#8243; _module_preset=&#8221;default&#8221; global_colors_info=&#8221;{}&#8221;][\/et_pb_column][et_pb_column type=&#8221;1_4&#8243; _builder_version=&#8221;4.18.1&#8243; _module_preset=&#8221;default&#8221; global_colors_info=&#8221;{}&#8221;][et_pb_image src=&#8221;https:\/\/verloskundigenpraktijkmargriet.nl\/wp-content\/uploads\/2022\/11\/Imag2.png&#8221; title_text=&#8221;Imag2&#8243; url=&#8221;https:\/\/www.pns.nl\/documenten\/folder-zwanger&#8221; url_new_window=&#8221;on&#8221; align=&#8221;center&#8221; _builder_version=&#8221;4.19.0&#8243; _module_preset=&#8221;default&#8221; width=&#8221;100%&#8221; border_radii=&#8221;on|5px|5px|5px|5px&#8221; box_shadow_style=&#8221;preset1&#8243; global_colors_info=&#8221;{}&#8221;][\/et_pb_image][\/et_pb_column][et_pb_column type=&#8221;1_2&#8243; _builder_version=&#8221;4.18.1&#8243; _module_preset=&#8221;default&#8221; global_colors_info=&#8221;{}&#8221;][et_pb_text module_id=&#8221;foli&#8221; _builder_version=&#8221;4.19.0&#8243; text_font=&#8221;|300|||||||&#8221; text_text_color=&#8221;#000000&#8243; text_font_size=&#8221;16px&#8221; text_line_height=&#8221;1.8em&#8221; header_font=&#8221;Yeseva One||||||||&#8221; header_text_color=&#8221;#3c1c20&#8243; header_font_size=&#8221;47px&#8221; header_line_height=&#8221;1.2em&#8221; header_3_font=&#8221;|600||||on|||&#8221; text_orientation=&#8221;justified&#8221; custom_margin=&#8221;20px||60px||false|false&#8221; locked=&#8221;off&#8221; global_colors_info=&#8221;{}&#8221;]<\/p>\n<h3 class=\"western\"><span style=\"color: #993300;\">Folik asit ve D vitamini<\/span><\/h3>\n<p>Folik asit ve D vitamini almak i\u00e7in en iyi zaman, hamile kalma iste\u011finiz oldu\u011fu and\u0131r. Hangi markay\u0131 se\u00e7ti\u011finiz \u00f6nemli de\u011fil, \u00e7\u00fcnk\u00fc t\u00fcm folik asit ve D vitamini tabletleri hamilelik i\u00e7in iyidir. Folik asit, \u00f6rne\u011fin a\u00e7\u0131k omurga veya kafatas\u0131 olan bir bebek sahibi olma riskini azaltarak sa\u011fl\u0131kl\u0131 bir hamilelik \u015fans\u0131n\u0131 art\u0131r\u0131r. En iyisi d\u00f6llenme \u00f6ncesi d\u00f6rt hafta \u00f6nce ba\u015flamak ve d\u00f6llenme sonras\u0131 10 haftaya kadar devam etmektir.   <\/p>\n<p>[\/et_pb_text][et_pb_text module_id=&#8221;voed&#8221; _builder_version=&#8221;4.18.1&#8243; text_font=&#8221;|300|||||||&#8221; text_text_color=&#8221;#000000&#8243; text_font_size=&#8221;16px&#8221; text_line_height=&#8221;1.8em&#8221; header_font=&#8221;Yeseva One||||||||&#8221; header_text_color=&#8221;#3c1c20&#8243; header_font_size=&#8221;47px&#8221; header_line_height=&#8221;1.2em&#8221; header_3_font=&#8221;|600||||on|||&#8221; text_orientation=&#8221;justified&#8221; custom_margin=&#8221;-13px||&#8221; locked=&#8221;off&#8221; global_colors_info=&#8221;{}&#8221;]<\/p>\n<h3 class=\"western\"><span style=\"color: #993300;\">Beslenme ve ya\u015fam tarz\u0131<\/span><\/h3>\n<p>Bebe\u011finizin iyi geli\u015fimi i\u00e7in m\u00fcmk\u00fcn oldu\u011funca sa\u011fl\u0131kl\u0131 ya\u015famak \u00f6nemlidir. Bu, sigara i\u00e7meyi, uyu\u015fturucu kullan\u0131m\u0131n\u0131 ve alkol t\u00fcketimini b\u0131rakmak anlam\u0131na gelir. Ayr\u0131ca sa\u011fl\u0131kl\u0131 ve dengeli beslenmenizi ve yeterince egzersiz yapman\u0131z\u0131 \u00f6neririz. Ek olarak folik asit ve D vitamini alabilirsiniz. Kesinlikle iki ki\u015filik yemek yemenize gerek yok, \u00e7\u00fcnk\u00fc karn\u0131n\u0131zda hen\u00fcz ikinci bir ki\u015fi yok!    <\/p>\n<p>[\/et_pb_text][\/et_pb_column][\/et_pb_row][et_pb_row column_structure=&#8221;1_4,3_4&#8243; _builder_version=&#8221;4.18.1&#8243; _module_preset=&#8221;default&#8221; width=&#8221;90%&#8221; max_width=&#8221;1400px&#8221; module_alignment=&#8221;center&#8221; global_colors_info=&#8221;{}&#8221;][et_pb_column type=&#8221;1_4&#8243; disabled_on=&#8221;on|on|off&#8221; _builder_version=&#8221;4.18.1&#8243; _module_preset=&#8221;default&#8221; global_colors_info=&#8221;{}&#8221;][\/et_pb_column][et_pb_column type=&#8221;3_4&#8243; _builder_version=&#8221;4.18.1&#8243; _module_preset=&#8221;default&#8221; global_colors_info=&#8221;{}&#8221;][et_pb_text module_id=&#8221;bloe&#8221; _builder_version=&#8221;4.18.1&#8243; text_font=&#8221;|300|||||||&#8221; text_text_color=&#8221;#000000&#8243; text_font_size=&#8221;16px&#8221; text_line_height=&#8221;1.8em&#8221; header_font=&#8221;Yeseva One||||||||&#8221; header_text_color=&#8221;#3c1c20&#8243; header_font_size=&#8221;47px&#8221; header_line_height=&#8221;1.2em&#8221; header_3_font=&#8221;|600||||on|||&#8221; text_orientation=&#8221;justified&#8221; custom_margin=&#8221;-13px||&#8221; locked=&#8221;off&#8221; global_colors_info=&#8221;{}&#8221;]<\/p>\n<h3 class=\"western\"><span style=\"color: #993300;\">Kanama ve d\u00fc\u015f\u00fck<\/span><\/h3>\n<p>Hamileli\u011fin ilk \u00fc\u00e7 ay\u0131nda yakla\u015f\u0131k her 5 kad\u0131ndan 1&#8217;i kanama ya\u015far. Bu, ba\u015flang\u0131\u00e7ta implantasyondan veya en k\u00f6t\u00fc durumda d\u00fc\u015f\u00fckten kaynaklanabilir. Maalesef her 10 hamilelikten 1&#8217;i d\u00fc\u015f\u00fckle sonu\u00e7lan\u0131r. \u00c7o\u011fu durumda, embriyonun b\u00fcy\u00fcyememesine neden olan bir geli\u015fim hatas\u0131 s\u00f6z konusudur. Nadiren genetik bir sorun olur, bu y\u00fczden bu konuda endi\u015felenmeyin. Ka\u00e7 haftal\u0131k hamile olursan\u0131z olun, d\u00fc\u015f\u00fck bir\u00e7ok kad\u0131n i\u00e7in duygusal olarak ac\u0131 vericidir. D\u00fc\u015f\u00fck yapt\u0131\u011f\u0131n\u0131z\u0131 d\u00fc\u015f\u00fcn\u00fcyorsan\u0131z, hemen bizimle <u>ileti\u015fime<\/u> ge\u00e7in!      <o:p><\/o:p><\/p>\n<p>[\/et_pb_text][et_pb_text module_id=&#8221;afs&#8221; _builder_version=&#8221;4.18.1&#8243; text_font=&#8221;|300|||||||&#8221; text_text_color=&#8221;#000000&#8243; text_font_size=&#8221;16px&#8221; text_line_height=&#8221;1.8em&#8221; header_font=&#8221;Yeseva One||||||||&#8221; header_text_color=&#8221;#3c1c20&#8243; header_font_size=&#8221;47px&#8221; header_line_height=&#8221;1.2em&#8221; header_3_font=&#8221;|600||||on|||&#8221; header_3_font_size=&#8221;30px&#8221; text_orientation=&#8221;justified&#8221; custom_margin=&#8221;-13px||&#8221; custom_padding=&#8221;||0px|||&#8221; locked=&#8221;off&#8221; global_colors_info=&#8221;{}&#8221;]<\/p>\n<p>D\u00fc\u015f\u00fck yapt\u0131\u011f\u0131n\u0131zda, v\u00fccudunuz embriyoyu atar. Bu, \u015fiddetli bir adet kanamas\u0131 gibi hissedilir. Do\u011fal bir s\u00fcre\u00e7tir, ancak bir\u00e7ok kad\u0131n i\u00e7in \u00e7ok zorlay\u0131c\u0131 bir olayd\u0131r. \u00c7ok fazla kanama ya\u015f\u0131yorsan\u0131z, her zaman bizimle ileti\u015fime ge\u00e7in. Kanaman\u0131n nereden geldi\u011fini ve embriyonun hala sa\u011flam olup olmad\u0131\u011f\u0131n\u0131 ultrasonla kontrol edebiliriz.     <o:p><\/o:p><\/p>\n<p>D\u00fc\u015f\u00fck durumunda, s\u00fcreci m\u00fcmk\u00fcn oldu\u011funca yumu\u015fak hale getirmek i\u00e7in size rehberlik edece\u011fiz. Ne zaman bizi araman\u0131z gerekti\u011fini a\u00e7\u0131klayacak ve s\u00fcre\u00e7 hakk\u0131nda size bilgi verece\u011fiz. Hamileli\u011fin 12<sup>.<\/sup> haftas\u0131ndan sonra kanama ya\u015f\u0131yorsan\u0131z, her zaman bizimle <u>ileti\u015fime<\/u> ge\u00e7in.   <o:p><\/o:p><\/p>\n<p>[\/et_pb_text][\/et_pb_column][\/et_pb_row][et_pb_row column_structure=&#8221;1_4,1_4,1_2&#8243; _builder_version=&#8221;4.19.0&#8243; _module_preset=&#8221;default&#8221; width=&#8221;90%&#8221; width_tablet=&#8221;90%&#8221; width_phone=&#8221;98%&#8221; width_last_edited=&#8221;on|phone&#8221; max_width=&#8221;1400px&#8221; module_alignment=&#8221;center&#8221; global_colors_info=&#8221;{}&#8221;][et_pb_column type=&#8221;1_4&#8243; disabled_on=&#8221;on|on|off&#8221; _builder_version=&#8221;4.19.0&#8243; _module_preset=&#8221;default&#8221; global_colors_info=&#8221;{}&#8221; custom_css_main_element_last_edited=&#8221;on|tablet&#8221; custom_css_main_element_tablet=&#8221;width: 0% !important;&#8221; custom_css_main_element_phone=&#8221;width: 0% !important;&#8221;][\/et_pb_column][et_pb_column type=&#8221;1_4&#8243; _builder_version=&#8221;4.19.0&#8243; _module_preset=&#8221;default&#8221; global_colors_info=&#8221;{}&#8221; custom_css_main_element_last_edited=&#8221;on|tablet&#8221; custom_css_main_element_tablet=&#8221;width: 50% !important;&#8221; custom_css_main_element_phone=&#8221;width: 50% !important;&#8221;][et_pb_button button_url=&#8221;https:\/\/verloskundigenpraktijkmargriet.nl\/tr\/cocuk-istegi\/&#8221; button_text=&#8221;\u00c7ocuk \u0130ste\u011fi&#8221; button_alignment=&#8221;left&#8221; _builder_version=&#8221;4.19.0&#8243; _module_preset=&#8221;default&#8221; custom_button=&#8221;on&#8221; button_text_color=&#8221;#993300&#8243; button_border_width=&#8221;0px&#8221; button_font=&#8221;|||||on|||&#8221; button_icon=&#8221;&#x23;||divi||400&#8243; button_icon_placement=&#8221;left&#8221; button_on_hover=&#8221;off&#8221; global_colors_info=&#8221;{}&#8221; button_bg_color__hover_enabled=&#8221;on|hover&#8221; button_bg_color__hover=&#8221;RGBA(255,255,255,0)&#8221; button_bg_enable_color__hover=&#8221;on&#8221;][\/et_pb_button][\/et_pb_column][et_pb_column type=&#8221;1_2&#8243; _builder_version=&#8221;4.19.0&#8243; _module_preset=&#8221;default&#8221; global_colors_info=&#8221;{}&#8221; custom_css_main_element_last_edited=&#8221;on|tablet&#8221; custom_css_main_element_tablet=&#8221;width: 33.3% !important;&#8221; custom_css_main_element_phone=&#8221;width: 50% !important;&#8221;][et_pb_button button_url=&#8221;https:\/\/verloskundigenpraktijkmargriet.nl\/tr\/05-11-hafta\/&#8221; button_text=&#8221;05-11 Hafta&#8221; button_alignment=&#8221;right&#8221; _builder_version=&#8221;4.19.0&#8243; _module_preset=&#8221;default&#8221; custom_button=&#8221;on&#8221; button_text_color=&#8221;#993300&#8243; button_border_width=&#8221;0px&#8221; button_font=&#8221;|||||on|||&#8221; button_icon=&#8221;&#x24;||divi||400&#8243; button_on_hover=&#8221;off&#8221; global_colors_info=&#8221;{}&#8221; button_bg_color__hover_enabled=&#8221;on|hover&#8221; button_bg_color__hover=&#8221;RGBA(255,255,255,0)&#8221; button_bg_enable_color__hover=&#8221;on&#8221;][\/et_pb_button][\/et_pb_column][\/et_pb_row][\/et_pb_section]<\/p>\n","protected":false},"excerpt":{"rendered":"<p>MARGRIET EBEL\u0130K KL\u0130N\u0130\u011e\u0130 0-5 HaftaBu sayfada &nbsp; Randevu al\u0131n Folik asit ve D vitamini Beslenme ve ya\u015fam tarz\u0131 Kanama ve d\u00fc\u015f\u00fck 0-5 HaftaPozitif hamilelik testiBa\u015fard\u0131n\u0131z ve hamile kald\u0131n\u0131z m\u0131? Tebrikler! Hamile oldu\u011funuzun ilk i\u015fareti genellikle adet d\u00f6neminizin gecikmesidir. Bu daha sonra pozitif bir gebelik testi ile do\u011frulan\u0131r. Bazen inanamay\u0131p birden fazla test yapabilirsiniz. Bu mant\u0131kl\u0131 [&hellip;]<\/p>\n","protected":false},"author":1,"featured_media":0,"parent":0,"menu_order":0,"comment_status":"closed","ping_status":"closed","template":"","meta":{"_et_pb_use_builder":"on","_et_pb_old_content":"","_et_gb_content_width":"","two_page_speed":{"current_score":{"desktop_score":91,"desktop_tti":"0.8\u00a0","mobile_score":83,"mobile_tti":"3.8\u00a0","date":"08.10.2025 08:03:25 pm","status":"completed"}},"footnotes":""},"class_list":["post-6043","page","type-page","status-publish","hentry"],"_links":{"self":[{"href":"https:\/\/verloskundigenpraktijkmargriet.nl\/tr\/wp-json\/wp\/v2\/pages\/6043","targetHints":{"allow":["GET"]}}],"collection":[{"href":"https:\/\/verloskundigenpraktijkmargriet.nl\/tr\/wp-json\/wp\/v2\/pages"}],"about":[{"href":"https:\/\/verloskundigenpraktijkmargriet.nl\/tr\/wp-json\/wp\/v2\/types\/page"}],"author":[{"embeddable":true,"href":"https:\/\/verloskundigenpraktijkmargriet.nl\/tr\/wp-json\/wp\/v2\/users\/1"}],"replies":[{"embeddable":true,"href":"https:\/\/verloskundigenpraktijkmargriet.nl\/tr\/wp-json\/wp\/v2\/comments?post=6043"}],"version-history":[{"count":0,"href":"https:\/\/verloskundigenpraktijkmargriet.nl\/tr\/wp-json\/wp\/v2\/pages\/6043\/revisions"}],"wp:attachment":[{"href":"https:\/\/verloskundigenpraktijkmargriet.nl\/tr\/wp-json\/wp\/v2\/media?parent=6043"}],"curies":[{"name":"wp","href":"https:\/\/api.w.org\/{rel}","templated":true}]}}