{"id":6019,"date":"2025-09-26T14:21:17","date_gmt":"2025-09-26T13:21:17","guid":{"rendered":"https:\/\/verloskundigenpraktijkmargriet.nl\/24-32-hafta\/"},"modified":"2025-11-02T21:24:20","modified_gmt":"2025-11-02T20:24:20","slug":"24-32-hafta","status":"publish","type":"page","link":"https:\/\/verloskundigenpraktijkmargriet.nl\/tr\/24-32-hafta\/","title":{"rendered":"24-32 Hafta"},"content":{"rendered":"<p>[et_pb_section fb_built=&#8221;1&#8243; _builder_version=&#8221;4.27.4&#8243; use_background_color_gradient=&#8221;on&#8221; background_color_gradient_stops=&#8221;rgba(0,0,0,0.18) 0%|rgba(0,0,0,0.18) 100%&#8221; background_color_gradient_overlays_image=&#8221;on&#8221; background_image=&#8221;https:\/\/verloskundigenpraktijkmargriet.nl\/wp-content\/uploads\/2022\/11\/newborn-baby-feet-on-creamy-blanket-mom-and-her-c-2021-08-26-20-11-48-utc-scaled-1.jpg&#8221; custom_padding=&#8221;25px||50px||false|false&#8221; bottom_divider_style=&#8221;wave&#8221; bottom_divider_color=&#8221;#f9f8f2&#8243; locked=&#8221;off&#8221; global_colors_info=&#8221;{}&#8221;][et_pb_row use_custom_gutter=&#8221;on&#8221; gutter_width=&#8221;2&#8243; make_equal=&#8221;on&#8221; _builder_version=&#8221;4.18.1&#8243; width=&#8221;98%&#8221; width_tablet=&#8221;90%&#8221; width_phone=&#8221;90%&#8221; width_last_edited=&#8221;on|tablet&#8221; max_width=&#8221;1170px&#8221; max_width_tablet=&#8221;90%&#8221; max_width_phone=&#8221;90%&#8221; max_width_last_edited=&#8221;on|tablet&#8221; custom_margin_tablet=&#8221;120px||||false|false&#8221; custom_margin_phone=&#8221;120px||||false|false&#8221; custom_margin_last_edited=&#8221;on|tablet&#8221; global_colors_info=&#8221;{}&#8221;][et_pb_column type=&#8221;4_4&#8243; _builder_version=&#8221;4.16&#8243; custom_padding=&#8221;|||&#8221; global_colors_info=&#8221;{}&#8221; custom_padding__hover=&#8221;|||&#8221;][et_pb_text _builder_version=&#8221;4.27.4&#8243; text_font=&#8221;|||||on|||&#8221; text_text_color=&#8221;#ffffff&#8221; text_font_size=&#8221;20px&#8221; header_font=&#8221;Playfair Display|||on|||||&#8221; header_text_color=&#8221;#ffffff&#8221; header_font_size=&#8221;50px&#8221; header_letter_spacing=&#8221;3px&#8221; header_line_height=&#8221;1.5em&#8221; header_2_text_color=&#8221;#FFFFFF&#8221; header_2_font_size=&#8221;45px&#8221; text_orientation=&#8221;center&#8221; max_width=&#8221;800px&#8221; module_alignment=&#8221;center&#8221; custom_padding=&#8221;53px||&#8221; header_font_size_tablet=&#8221;&#8221; header_font_size_phone=&#8221;25px&#8221; header_font_size_last_edited=&#8221;on|phone&#8221; global_colors_info=&#8221;{}&#8221;]<\/p>\n<h2 class=\"site-title\">MARGRIET EBEL\u0130K KL\u0130N\u0130\u011e\u0130<\/h2>\n<p class=\"site-description\">24-32 Hafta<\/p>\n<p>[\/et_pb_text][et_pb_divider color=&#8221;#ffffff&#8221; _builder_version=&#8221;4.18.0&#8243; _module_preset=&#8221;default&#8221; global_colors_info=&#8221;{}&#8221;][\/et_pb_divider][et_pb_menu menu_id=&#8221;44&#8243; active_link_color=&#8221;#ffffff&#8221; dropdown_menu_line_color=&#8221;#993300&#8243; dropdown_menu_text_color=&#8221;#000000&#8243; dropdown_menu_active_link_color=&#8221;#993300&#8243; mobile_menu_text_color=&#8221;#000000&#8243; disabled_on=&#8221;on|on|off&#8221; _builder_version=&#8221;4.19.0&#8243; _module_preset=&#8221;default&#8221; menu_font=&#8221;|||||on|||&#8221; menu_text_color=&#8221;#ffffff&#8221; menu_font_size=&#8221;17px&#8221; background_enable_color=&#8221;off&#8221; positioning=&#8221;relative&#8221; text_orientation=&#8221;center&#8221; width=&#8221;100%&#8221; global_colors_info=&#8221;{}&#8221;][\/et_pb_menu][\/et_pb_column][\/et_pb_row][\/et_pb_section][et_pb_section fb_built=&#8221;1&#8243; admin_label=&#8221;Header&#8221; _builder_version=&#8221;4.18.1&#8243; use_background_color_gradient=&#8221;on&#8221; background_color_gradient_direction=&#8221;90deg&#8221; background_color_gradient_stops=&#8221;rgba(210,218,228,0.38) 45%|#ffffff 45%&#8221; background_color_gradient_start=&#8221;rgba(210,218,228,0.38)&#8221; background_color_gradient_start_position=&#8221;45%&#8221; background_color_gradient_end=&#8221;#ffffff&#8221; background_color_gradient_end_position=&#8221;45%&#8221; background_image=&#8221;https:\/\/verloskundigenpraktijkmargriet.nl\/wp-content\/uploads\/2022\/11\/wed-bg-3.png&#8221; custom_margin=&#8221;||||false|false&#8221; custom_padding=&#8221;54px|0px|54px|0px|true|false&#8221; global_colors_info=&#8221;{}&#8221;][et_pb_row column_structure=&#8221;1_4,3_4&#8243; _builder_version=&#8221;4.18.1&#8243; _module_preset=&#8221;default&#8221; width=&#8221;90%&#8221; max_width=&#8221;1400px&#8221; module_alignment=&#8221;center&#8221; locked=&#8221;off&#8221; global_colors_info=&#8221;{}&#8221;][et_pb_column type=&#8221;1_4&#8243; _builder_version=&#8221;4.18.1&#8243; _module_preset=&#8221;default&#8221; global_colors_info=&#8221;{}&#8221;][et_pb_text disabled_on=&#8221;on|on|off&#8221; _builder_version=&#8221;4.27.4&#8243; _module_preset=&#8221;default&#8221; link_font=&#8221;|600||||on|||&#8221; link_text_color=&#8221;#000000&#8243; link_font_size=&#8221;16px&#8221; ul_text_color=&#8221;#ffffff&#8221; header_font=&#8221;|||on|||||&#8221; header_font_size=&#8221;22px&#8221; background_color=&#8221;rgba(214,185,148,0.87)&#8221; background_enable_image=&#8221;off&#8221; background_size=&#8221;contain&#8221; background_position=&#8221;bottom_center&#8221; custom_padding=&#8221;20px|10px|20px|10px|true|true&#8221; sticky_position=&#8221;top&#8221; sticky_offset_top=&#8221;15px&#8221; hover_enabled=&#8221;0&#8243; border_radii=&#8221;on|15px|15px|15px|15px&#8221; box_shadow_style=&#8221;preset1&#8243; global_colors_info=&#8221;{}&#8221; sticky_enabled=&#8221;0&#8243;]<\/p>\n<h2><span style=\"color: #993300;\"><strong>Bu sayfada<\/strong><\/span><\/h2>\n<p>&nbsp;<\/p>\n<ul>\n<li><a href=\"#abl\">\u00dc\u00e7\u00fcnc\u00fc trimester arama talimatlar\u0131<\/a><\/li>\n<li><a href=\"#bab\">Bebek \u00e7eyizi<\/a><\/li>\n<\/ul>\n<p>[\/et_pb_text][\/et_pb_column][et_pb_column type=&#8221;3_4&#8243; _builder_version=&#8221;4.18.1&#8243; _module_preset=&#8221;default&#8221; global_colors_info=&#8221;{}&#8221;][et_pb_text _builder_version=&#8221;4.18.1&#8243; _module_preset=&#8221;e598b17a-9229-42f6-b238-019d6094332e&#8221; header_font=&#8221;|700||||on|||&#8221; header_text_align=&#8221;left&#8221; header_text_color=&#8221;#000000&#8243; header_font_size=&#8221;35px&#8221; header_line_height=&#8221;1.1em&#8221; custom_margin=&#8221;||10px||false|false&#8221; custom_padding_tablet=&#8221;&#8221; custom_padding_phone=&#8221;|5px||5px|false|true&#8221; custom_padding_last_edited=&#8221;on|phone&#8221; header_font_size_tablet=&#8221;50px&#8221; header_font_size_phone=&#8221;30px&#8221; header_font_size_last_edited=&#8221;on|phone&#8221; header_line_height_tablet=&#8221;1.2em&#8221; header_line_height_phone=&#8221;1.2em&#8221; header_line_height_last_edited=&#8221;on|desktop&#8221; locked=&#8221;off&#8221; global_colors_info=&#8221;{}&#8221;]<\/p>\n<h1><span style=\"color: #993300;\">24-32 Hafta<\/span><\/h1>\n<p>[\/et_pb_text][et_pb_text _builder_version=&#8221;4.18.1&#8243; text_font=&#8221;|300|||||||&#8221; text_text_color=&#8221;#000000&#8243; text_font_size=&#8221;16px&#8221; text_line_height=&#8221;1.8em&#8221; header_font=&#8221;Yeseva One||||||||&#8221; header_text_color=&#8221;#3c1c20&#8243; header_font_size=&#8221;47px&#8221; header_line_height=&#8221;1.2em&#8221; custom_margin=&#8221;-13px||&#8221; locked=&#8221;off&#8221; global_colors_info=&#8221;{}&#8221;]<\/p>\n<p style=\"text-align: left;\">\n<p>\u0130kinci trimester genellikle \u00e7ok h\u0131zl\u0131 ge\u00e7mi\u015ftir, hamile kad\u0131nlar bu haftalarda kendilerini iyi hissederler, sanki her \u015feyin \u00fcstesinden gelebileceklermi\u015f gibi! Bebe\u011finiz de h\u0131zla b\u00fcy\u00fcm\u00fc\u015ft\u00fcr. Art\u0131k bir kiloya kadar a\u011f\u0131rl\u0131\u011fa ula\u015fabilir ve yakla\u015f\u0131k 37 santimetre uzunlu\u011funda olabilir. 24. gebelik haftas\u0131ndan itibaren t\u00fcm gerekli organlar mevcuttur ve bebe\u011finiz ya\u015fayabilir durumdad\u0131r. Bebe\u011finizin tamamen geli\u015fmesi i\u00e7in hala baz\u0131 ad\u0131mlar gereklidir.    <\/p>\n<p>27. haftadan itibaren \u00fc\u00e7\u00fcnc\u00fc trimester ba\u015flar, bu da ne yaz\u0131k ki daha fazla rahats\u0131zl\u0131\u011f\u0131n ortaya \u00e7\u0131kabilece\u011fi anlam\u0131na gelir. Bel a\u011fr\u0131s\u0131 ve kar\u0131n sertle\u015fmesi gibi durumlar\u0131 d\u00fc\u015f\u00fcn\u00fcn. Bu haftalarda e\u015fler de bebeklerin kar\u0131n i\u00e7inde hareket etti\u011fini hissedebilirler.  <\/p>\n<p>[\/et_pb_text][et_pb_text module_id=&#8221;abl&#8221; _builder_version=&#8221;4.27.4&#8243; text_font=&#8221;|300|||||||&#8221; text_text_color=&#8221;#000000&#8243; text_font_size=&#8221;16px&#8221; text_line_height=&#8221;1.8em&#8221; header_font=&#8221;Yeseva One||||||||&#8221; header_text_color=&#8221;#3c1c20&#8243; header_font_size=&#8221;47px&#8221; header_line_height=&#8221;1.2em&#8221; header_3_font=&#8221;|600||||on|||&#8221; text_orientation=&#8221;justified&#8221; custom_margin=&#8221;-13px||&#8221; locked=&#8221;off&#8221; global_colors_info=&#8221;{}&#8221;]<\/p>\n<h2 class=\"western\"><span style=\"color: #993300;\">\u00dc\u00e7\u00fcnc\u00fc trimester arama talimatlar\u0131<\/span><\/h2>\n<p>\u00dc\u00e7\u00fcnc\u00fc trimester ba\u015flam\u0131\u015ft\u0131r. Bu trimester genellikle ikinci trimester kadar sorunsuz ge\u00e7mez, \u00e7\u00fcnk\u00fc baz\u0131 komplikasyonlar ortaya \u00e7\u0131kabilir. Bu nedenle randevular\u0131n\u0131z da daha s\u0131k olacakt\u0131r, b\u00f6ylece her \u015feyi m\u00fcmk\u00fcn oldu\u011funca iyi takip edebiliriz. Tabii ki gebeli\u011fin komplikasyonsuz ge\u00e7mesini umars\u0131n\u0131z, ancak yine de ortaya \u00e7\u0131karsa bizi ne zaman araman\u0131z gerekti\u011fini bilmeniz \u00f6nemlidir. Gerekli arama talimatlar\u0131n\u0131 randevular s\u0131ras\u0131nda da veririz.    <\/p>\n<p>[\/et_pb_text][et_pb_text _builder_version=&#8221;4.27.4&#8243; text_font=&#8221;|300|||||||&#8221; text_text_color=&#8221;#000000&#8243; text_font_size=&#8221;16px&#8221; text_line_height=&#8221;1.8em&#8221; header_font=&#8221;Yeseva One||||||||&#8221; header_text_color=&#8221;#3c1c20&#8243; header_font_size=&#8221;47px&#8221; header_line_height=&#8221;1.2em&#8221; header_3_font=&#8221;|600||||on|||&#8221; background_color=&#8221;rgba(243,219,195,0.34)&#8221; text_orientation=&#8221;justified&#8221; width_tablet=&#8221;&#8221; width_phone=&#8221;&#8221; width_last_edited=&#8221;on|phone&#8221; custom_margin=&#8221;||||false|false&#8221; custom_padding=&#8221;25px|25px|25px|25px|true|true&#8221; border_radii=&#8221;on|15px|15px|15px|15px&#8221; box_shadow_style=&#8221;preset1&#8243; box_shadow_blur=&#8221;2px&#8221; locked=&#8221;off&#8221; global_colors_info=&#8221;{}&#8221;]<\/p>\n<h2><span style=\"color: #993300;\"><strong>A\u015fa\u011f\u0131daki durumlarda bizi mutlaka aray\u0131n<\/strong><\/span><\/h2>\n<p>A\u015fa\u011f\u0131da hangi durumlarda bizi her zaman arayabilece\u011finizi anlat\u0131yoruz:<\/p>\n<ul>\n<li style=\"list-style-type: none;\">\n<ul>\n<li>Endi\u015fe;<\/li>\n<li>Vajinal kanama;<\/li>\n<li>\u015eikayetlerin kombinasyonu; ba\u015f a\u011fr\u0131s\u0131, kusma, y\u0131ld\u0131z g\u00f6rme, \u00fcst kar\u0131n a\u011fr\u0131s\u0131;<\/li>\n<li>Bebe\u011finizi daha az hareket ederken hissetmek;<\/li>\n<li>37. haftadan \u00f6nce kar\u0131n ve\/veya s\u0131rtta gidip gelen ve a\u011fr\u0131n\u0131n artt\u0131\u011f\u0131 a\u011fr\u0131;<\/li>\n<li>Amniyon s\u0131v\u0131s\u0131 kayb\u0131;<\/li>\n<li>Ka\u015f\u0131nt\u0131 \u015fikayetleri.<\/li>\n<\/ul>\n<\/li>\n<\/ul>\n<p>[\/et_pb_text][et_pb_text module_id=&#8221;bab&#8221; _builder_version=&#8221;4.27.4&#8243; text_font=&#8221;|300|||||||&#8221; text_text_color=&#8221;#000000&#8243; text_font_size=&#8221;16px&#8221; text_line_height=&#8221;1.8em&#8221; header_font=&#8221;Yeseva One||||||||&#8221; header_text_color=&#8221;#3c1c20&#8243; header_font_size=&#8221;47px&#8221; header_line_height=&#8221;1.2em&#8221; header_3_font=&#8221;|||||on|||&#8221; text_orientation=&#8221;justified&#8221; custom_margin=&#8221;||||false|false&#8221; locked=&#8221;off&#8221; global_colors_info=&#8221;{}&#8221;]<\/p>\n<h2 class=\"western\"><span style=\"color: #993300;\">Bebek \u00e7eyizi<\/span><\/h2>\n<p>Genellikle bu haftalarda bebe\u011fin geli\u015fi i\u00e7in her \u015fey haz\u0131rlan\u0131r. Oda haz\u0131rlan\u0131r ve son b\u00fcy\u00fck al\u0131\u015fveri\u015fler yap\u0131l\u0131r. Her \u015feye sahip oldu\u011funuzdan emin olmak ister misiniz? O zaman \u015fu <a href=\"https:\/\/deverloskundige.nl\/bevalling\/subtekstpagina\/68\/checklist-wat-heb-je-nodig\/\" target=\"_blank\" rel=\"noopener\">listeye<\/a> bak\u0131n. Bir\u00e7ok \u015fey do\u011fum paketinizde de bulunur. Bunu sigortadan al\u0131yorsan\u0131z, i\u00e7eri\u011finin ne oldu\u011funa iyice bak\u0131n.     <span><\/span><\/p>\n<p>[\/et_pb_text][et_pb_image src=&#8221;https:\/\/verloskundigenpraktijkmargriet.nl\/wp-content\/uploads\/2022\/11\/Screenshot-2022-11-10-at-20-21-56-Dit-zijn-volgens-jullie-de-meest-nutteloze-aankopen-van-de-babyuitzet.png&#8221; title_text=&#8221;Ekran g\u00f6r\u00fcnt\u00fcs\u00fc 2022-11-10 saat 20-21-56 Sizce bebek \u00e7eyizinin en gereksiz al\u0131\u015fveri\u015fleri bunlar&#8221; align=&#8221;center&#8221; _builder_version=&#8221;4.19.0&#8243; _module_preset=&#8221;default&#8221; border_radii=&#8221;on|15px|15px|15px|15px&#8221; box_shadow_style=&#8221;preset1&#8243; global_colors_info=&#8221;{}&#8221;][\/et_pb_image][\/et_pb_column][\/et_pb_row][et_pb_row column_structure=&#8221;1_4,1_4,1_2&#8243; _builder_version=&#8221;4.19.0&#8243; _module_preset=&#8221;default&#8221; width=&#8221;90%&#8221; width_tablet=&#8221;&#8221; width_phone=&#8221;98%&#8221; width_last_edited=&#8221;on|phone&#8221; max_width=&#8221;1400px&#8221; module_alignment=&#8221;center&#8221; global_colors_info=&#8221;{}&#8221;][et_pb_column type=&#8221;1_4&#8243; disabled_on=&#8221;on|on|off&#8221; _builder_version=&#8221;4.19.0&#8243; _module_preset=&#8221;default&#8221; global_colors_info=&#8221;{}&#8221; custom_css_main_element_last_edited=&#8221;on|tablet&#8221; custom_css_main_element_tablet=&#8221;width: 0% !important;&#8221; custom_css_main_element_phone=&#8221;width: 0% !important;&#8221;][\/et_pb_column][et_pb_column type=&#8221;1_4&#8243; _builder_version=&#8221;4.19.0&#8243; _module_preset=&#8221;default&#8221; global_colors_info=&#8221;{}&#8221; custom_css_main_element_last_edited=&#8221;on|tablet&#8221; custom_css_main_element_tablet=&#8221;width: 50% !important;&#8221; custom_css_main_element_phone=&#8221;width: 50% !important;&#8221;][et_pb_button button_url=&#8221;https:\/\/verloskundigenpraktijkmargriet.nl\/tr\/16-24-hafta\/&#8221; button_text=&#8221;16-24 Hafta&#8221; button_alignment=&#8221;left&#8221; _builder_version=&#8221;4.19.0&#8243; _module_preset=&#8221;default&#8221; custom_button=&#8221;on&#8221; button_text_color=&#8221;#993300&#8243; button_border_width=&#8221;0px&#8221; button_font=&#8221;|||||on|||&#8221; button_icon=&#8221;&#x23;||divi||400&#8243; button_icon_placement=&#8221;left&#8221; button_on_hover=&#8221;off&#8221; global_colors_info=&#8221;{}&#8221; button_bg_color__hover_enabled=&#8221;on|hover&#8221; button_bg_color__hover=&#8221;RGBA(255,255,255,0)&#8221; button_bg_enable_color__hover=&#8221;on&#8221;][\/et_pb_button][\/et_pb_column][et_pb_column type=&#8221;1_2&#8243; _builder_version=&#8221;4.19.0&#8243; _module_preset=&#8221;default&#8221; global_colors_info=&#8221;{}&#8221; custom_css_main_element_last_edited=&#8221;on|tablet&#8221; custom_css_main_element_tablet=&#8221;width: 33.3% !important;&#8221; custom_css_main_element_phone=&#8221;width: 50% !important;&#8221;][et_pb_button button_url=&#8221;https:\/\/verloskundigenpraktijkmargriet.nl\/tr\/32-37-hafta\/&#8221; button_text=&#8221;32-37 Hafta&#8221; button_alignment=&#8221;right&#8221; _builder_version=&#8221;4.19.0&#8243; _module_preset=&#8221;default&#8221; custom_button=&#8221;on&#8221; button_text_color=&#8221;#993300&#8243; button_border_width=&#8221;0px&#8221; button_font=&#8221;|||||on|||&#8221; button_icon=&#8221;&#x24;||divi||400&#8243; button_on_hover=&#8221;off&#8221; global_colors_info=&#8221;{}&#8221; button_bg_color__hover_enabled=&#8221;on|hover&#8221; button_bg_color__hover=&#8221;RGBA(255,255,255,0)&#8221; button_bg_enable_color__hover=&#8221;on&#8221;][\/et_pb_button][\/et_pb_column][\/et_pb_row][\/et_pb_section]<\/p>\n","protected":false},"excerpt":{"rendered":"<p>MARGRIET EBEL\u0130K KL\u0130N\u0130\u011e\u0130 24-32 HaftaBu sayfada &nbsp; \u00dc\u00e7\u00fcnc\u00fc trimester arama talimatlar\u0131 Bebek \u00e7eyizi 24-32 Hafta \u0130kinci trimester genellikle \u00e7ok h\u0131zl\u0131 ge\u00e7mi\u015ftir, hamile kad\u0131nlar bu haftalarda kendilerini iyi hissederler, sanki her \u015feyin \u00fcstesinden gelebileceklermi\u015f gibi! Bebe\u011finiz de h\u0131zla b\u00fcy\u00fcm\u00fc\u015ft\u00fcr. Art\u0131k bir kiloya kadar a\u011f\u0131rl\u0131\u011fa ula\u015fabilir ve yakla\u015f\u0131k 37 santimetre uzunlu\u011funda olabilir. 24. gebelik haftas\u0131ndan itibaren t\u00fcm [&hellip;]<\/p>\n","protected":false},"author":1,"featured_media":0,"parent":0,"menu_order":0,"comment_status":"closed","ping_status":"closed","template":"","meta":{"_et_pb_use_builder":"on","_et_pb_old_content":"","_et_gb_content_width":"","two_page_speed":{"current_score":{"desktop_score":91,"desktop_tti":"0.8\u00a0","mobile_score":84,"mobile_tti":"3.6\u00a0","date":"03.10.2025 09:47:00 pm","status":"error_no_score"}},"footnotes":""},"class_list":["post-6019","page","type-page","status-publish","hentry"],"_links":{"self":[{"href":"https:\/\/verloskundigenpraktijkmargriet.nl\/tr\/wp-json\/wp\/v2\/pages\/6019","targetHints":{"allow":["GET"]}}],"collection":[{"href":"https:\/\/verloskundigenpraktijkmargriet.nl\/tr\/wp-json\/wp\/v2\/pages"}],"about":[{"href":"https:\/\/verloskundigenpraktijkmargriet.nl\/tr\/wp-json\/wp\/v2\/types\/page"}],"author":[{"embeddable":true,"href":"https:\/\/verloskundigenpraktijkmargriet.nl\/tr\/wp-json\/wp\/v2\/users\/1"}],"replies":[{"embeddable":true,"href":"https:\/\/verloskundigenpraktijkmargriet.nl\/tr\/wp-json\/wp\/v2\/comments?post=6019"}],"version-history":[{"count":0,"href":"https:\/\/verloskundigenpraktijkmargriet.nl\/tr\/wp-json\/wp\/v2\/pages\/6019\/revisions"}],"wp:attachment":[{"href":"https:\/\/verloskundigenpraktijkmargriet.nl\/tr\/wp-json\/wp\/v2\/media?parent=6019"}],"curies":[{"name":"wp","href":"https:\/\/api.w.org\/{rel}","templated":true}]}}