{"id":5991,"date":"2025-09-26T14:09:11","date_gmt":"2025-09-26T13:09:11","guid":{"rendered":"https:\/\/verloskundigenpraktijkmargriet.nl\/32-37-hafta\/"},"modified":"2025-11-02T21:28:04","modified_gmt":"2025-11-02T20:28:04","slug":"32-37-hafta","status":"publish","type":"page","link":"https:\/\/verloskundigenpraktijkmargriet.nl\/tr\/32-37-hafta\/","title":{"rendered":"32-37 Hafta"},"content":{"rendered":"<p>[et_pb_section fb_built=&#8221;1&#8243; next_background_color=&#8221;#ffffff&#8221; _builder_version=&#8221;4.27.4&#8243; use_background_color_gradient=&#8221;on&#8221; background_color_gradient_stops=&#8221;rgba(0,0,0,0.18) 0%|rgba(0,0,0,0.18) 100%&#8221; background_color_gradient_overlays_image=&#8221;on&#8221; background_image=&#8221;https:\/\/verloskundigenpraktijkmargriet.nl\/wp-content\/uploads\/2022\/11\/newborn-baby-feet-on-creamy-blanket-mom-and-her-c-2021-08-26-20-11-48-utc-scaled-1.jpg&#8221; custom_padding=&#8221;25px||25px||true|false&#8221; bottom_divider_style=&#8221;asymmetric4&#8243; global_colors_info=&#8221;{}&#8221;][et_pb_row use_custom_gutter=&#8221;on&#8221; gutter_width=&#8221;2&#8243; make_equal=&#8221;on&#8221; _builder_version=&#8221;4.18.1&#8243; width=&#8221;98%&#8221; width_tablet=&#8221;90%&#8221; width_phone=&#8221;90%&#8221; width_last_edited=&#8221;on|tablet&#8221; max_width=&#8221;1170px&#8221; max_width_tablet=&#8221;90%&#8221; max_width_phone=&#8221;90%&#8221; max_width_last_edited=&#8221;on|tablet&#8221; custom_margin_tablet=&#8221;120px||||false|false&#8221; custom_margin_phone=&#8221;120px||||false|false&#8221; custom_margin_last_edited=&#8221;on|tablet&#8221; global_colors_info=&#8221;{}&#8221;][et_pb_column type=&#8221;4_4&#8243; _builder_version=&#8221;4.16&#8243; custom_padding=&#8221;|||&#8221; global_colors_info=&#8221;{}&#8221; custom_padding__hover=&#8221;|||&#8221;][et_pb_text _builder_version=&#8221;4.27.4&#8243; text_font=&#8221;|||||on|||&#8221; text_text_color=&#8221;#ffffff&#8221; text_font_size=&#8221;20px&#8221; header_font=&#8221;Playfair Display|||on|||||&#8221; header_text_color=&#8221;#ffffff&#8221; header_font_size=&#8221;50px&#8221; header_letter_spacing=&#8221;3px&#8221; header_line_height=&#8221;1.5em&#8221; header_2_text_color=&#8221;#FFFFFF&#8221; header_2_font_size=&#8221;45px&#8221; text_orientation=&#8221;center&#8221; max_width=&#8221;800px&#8221; module_alignment=&#8221;center&#8221; custom_padding=&#8221;53px||&#8221; header_font_size_tablet=&#8221;&#8221; header_font_size_phone=&#8221;25px&#8221; header_font_size_last_edited=&#8221;on|phone&#8221; global_colors_info=&#8221;{}&#8221;]<\/p>\n<h2 class=\"site-title\">MARGRIET EBEL\u0130K KL\u0130N\u0130\u011e\u0130<\/h2>\n<p class=\"site-description\">32-37 Hafta<\/p>\n<p>[\/et_pb_text][et_pb_divider color=&#8221;#ffffff&#8221; _builder_version=&#8221;4.18.0&#8243; _module_preset=&#8221;default&#8221; global_colors_info=&#8221;{}&#8221;][\/et_pb_divider][et_pb_menu menu_id=&#8221;44&#8243; active_link_color=&#8221;#ffffff&#8221; dropdown_menu_line_color=&#8221;#993300&#8243; dropdown_menu_text_color=&#8221;#000000&#8243; dropdown_menu_active_link_color=&#8221;#993300&#8243; mobile_menu_text_color=&#8221;#000000&#8243; disabled_on=&#8221;on|on|off&#8221; _builder_version=&#8221;4.19.0&#8243; _module_preset=&#8221;default&#8221; menu_font=&#8221;|||||on|||&#8221; menu_text_color=&#8221;#ffffff&#8221; menu_font_size=&#8221;17px&#8221; background_enable_color=&#8221;off&#8221; positioning=&#8221;relative&#8221; text_orientation=&#8221;center&#8221; width=&#8221;100%&#8221; global_colors_info=&#8221;{}&#8221;][\/et_pb_menu][\/et_pb_column][\/et_pb_row][\/et_pb_section][et_pb_section fb_built=&#8221;1&#8243; admin_label=&#8221;Header&#8221; _builder_version=&#8221;4.18.1&#8243; _module_preset=&#8221;default&#8221; background_enable_color=&#8221;off&#8221; background_image=&#8221;https:\/\/verloskundigenpraktijkmargriet.nl\/wp-content\/uploads\/2022\/11\/wed-bg-1.png&#8221; background_size=&#8221;contain&#8221; overflow-x=&#8221;hidden&#8221; overflow-y=&#8221;hidden&#8221; custom_padding=&#8221;50px||50px||true|false&#8221; global_colors_info=&#8221;{}&#8221;][et_pb_row column_structure=&#8221;1_4,3_4&#8243; _builder_version=&#8221;4.18.1&#8243; _module_preset=&#8221;default&#8221; width=&#8221;90%&#8221; max_width=&#8221;1400px&#8221; module_alignment=&#8221;center&#8221; hover_enabled=&#8221;0&#8243; locked=&#8221;off&#8221; global_colors_info=&#8221;{}&#8221; sticky_enabled=&#8221;0&#8243;][et_pb_column type=&#8221;1_4&#8243; _builder_version=&#8221;4.18.1&#8243; _module_preset=&#8221;default&#8221; global_colors_info=&#8221;{}&#8221;][et_pb_text disabled_on=&#8221;on|on|off&#8221; _builder_version=&#8221;4.27.4&#8243; _module_preset=&#8221;default&#8221; link_font=&#8221;|600||||on|||&#8221; link_text_color=&#8221;#000000&#8243; link_font_size=&#8221;16px&#8221; ul_text_color=&#8221;#ffffff&#8221; header_font=&#8221;|||on|||||&#8221; header_font_size=&#8221;22px&#8221; background_color=&#8221;rgba(214,185,148,0.87)&#8221; background_enable_image=&#8221;off&#8221; background_size=&#8221;contain&#8221; background_position=&#8221;bottom_center&#8221; custom_padding=&#8221;20px|10px|20px|10px|true|true&#8221; sticky_position=&#8221;top&#8221; sticky_offset_top=&#8221;40px&#8221; hover_enabled=&#8221;0&#8243; border_radii=&#8221;on|15px|15px|15px|15px&#8221; box_shadow_style=&#8221;preset1&#8243; locked=&#8221;off&#8221; global_colors_info=&#8221;{}&#8221; sticky_enabled=&#8221;0&#8243;]<\/p>\n<h2><span style=\"color: #993300;\"><strong>Bu sayfada<\/strong><\/span><\/h2>\n<p>&nbsp;<\/p>\n<ul>\n<li><a href=\"#beva\">Do\u011fum Plan\u0131<\/a><\/li>\n<li><a href=\"#groe\">B\u00fcy\u00fcme ultrasonografi veya pozisyon ultrasonografi<\/a><\/li>\n<\/ul>\n<p>[\/et_pb_text][\/et_pb_column][et_pb_column type=&#8221;3_4&#8243; _builder_version=&#8221;4.18.1&#8243; _module_preset=&#8221;default&#8221; global_colors_info=&#8221;{}&#8221;][et_pb_text _builder_version=&#8221;4.18.1&#8243; _module_preset=&#8221;e598b17a-9229-42f6-b238-019d6094332e&#8221; header_font=&#8221;|700||||on|||&#8221; header_text_color=&#8221;#000000&#8243; header_font_size=&#8221;40px&#8221; header_line_height=&#8221;1.1em&#8221; custom_margin=&#8221;3px||10px||false|false&#8221; custom_padding_tablet=&#8221;&#8221; custom_padding_phone=&#8221;|5px||5px|false|true&#8221; custom_padding_last_edited=&#8221;on|phone&#8221; header_font_size_tablet=&#8221;50px&#8221; header_font_size_phone=&#8221;30px&#8221; header_font_size_last_edited=&#8221;on|phone&#8221; header_line_height_tablet=&#8221;1.2em&#8221; header_line_height_phone=&#8221;1.2em&#8221; header_line_height_last_edited=&#8221;on|desktop&#8221; locked=&#8221;off&#8221; global_colors_info=&#8221;{}&#8221;]<\/p>\n<h1><span style=\"color: #993300;\">32-37 Hafta<\/span><\/h1>\n<p>[\/et_pb_text][et_pb_text _builder_version=&#8221;4.18.1&#8243; text_font=&#8221;|300|||||||&#8221; text_text_color=&#8221;#000000&#8243; text_font_size=&#8221;16px&#8221; text_line_height=&#8221;1.8em&#8221; header_font=&#8221;Yeseva One||||||||&#8221; header_text_color=&#8221;#3c1c20&#8243; header_font_size=&#8221;47px&#8221; header_line_height=&#8221;1.2em&#8221; text_orientation=&#8221;justified&#8221; custom_margin=&#8221;||||false|false&#8221; custom_padding=&#8221;|50px|||false|false&#8221; custom_padding_tablet=&#8221;|50px|||false|false&#8221; custom_padding_phone=&#8221;|5px||5px|false|true&#8221; custom_padding_last_edited=&#8221;on|phone&#8221; locked=&#8221;off&#8221; global_colors_info=&#8221;{}&#8221;]<\/p>\n<p><span>\u00dc\u00e7\u00fcnc\u00fc ve son trimester birka\u00e7 hafta \u00f6nce ba\u015flad\u0131. Bebe\u011finiz \u015fimdi h\u0131zla b\u00fcy\u00fcyor ve son haftalarda bir ila iki kilo alabilir. Bunu h\u0131zla b\u00fcy\u00fcyen karn\u0131n\u0131zdan fark edeceksiniz. Bebe\u011finizi her g\u00fcn hareket ederken hissediyorsunuz, bu da fiziksel olarak biraz daha zorla\u015ft\u0131rabilir. Bel a\u011fr\u0131s\u0131 ya\u015fayabilir veya daha s\u0131k kar\u0131n sertle\u015fmesi hissedebilirsiniz. Ayr\u0131ca bebe\u011finiz a\u015fa\u011f\u0131 inmeye ba\u015flar ve bu da bat\u0131c\u0131 a\u011fr\u0131ya neden olabilir.      <br \/>Bu d\u00f6nemde iki haftada bir yan\u0131m\u0131za geliyorsunuz. Do\u011fum i\u00e7in hangi istek ve beklentileriniz oldu\u011funu, nerede do\u011fum yapmak istedi\u011finizi ve hangi \u015fekilde do\u011fum yapmay\u0131 tercih etti\u011finizi konu\u015fuyoruz. <br \/><\/span><\/p>\n<p>[\/et_pb_text][\/et_pb_column][\/et_pb_row][et_pb_row column_structure=&#8221;1_4,1_4,1_2&#8243; _builder_version=&#8221;4.19.0&#8243; _module_preset=&#8221;default&#8221; width=&#8221;90%&#8221; max_width=&#8221;1400px&#8221; module_alignment=&#8221;center&#8221; locked=&#8221;off&#8221; global_colors_info=&#8221;{}&#8221;][et_pb_column type=&#8221;1_4&#8243; _builder_version=&#8221;4.18.1&#8243; _module_preset=&#8221;default&#8221; global_colors_info=&#8221;{}&#8221;][\/et_pb_column][et_pb_column type=&#8221;1_4&#8243; _builder_version=&#8221;4.19.0&#8243; _module_preset=&#8221;default&#8221; global_colors_info=&#8221;{}&#8221;][et_pb_text module_id=&#8221;beva&#8221; _builder_version=&#8221;4.27.4&#8243; text_font=&#8221;|300|||||||&#8221; text_text_color=&#8221;#000000&#8243; text_font_size=&#8221;16px&#8221; text_line_height=&#8221;1.8em&#8221; header_font=&#8221;Yeseva One||||||||&#8221; header_text_color=&#8221;#3c1c20&#8243; header_font_size=&#8221;47px&#8221; header_line_height=&#8221;1.2em&#8221; header_3_font=&#8221;|600||||on|||&#8221; text_orientation=&#8221;justified&#8221; custom_margin=&#8221;||||false|false&#8221; locked=&#8221;off&#8221; global_colors_info=&#8221;{}&#8221;]<\/p>\n<h2 class=\"western\"><span style=\"color: #993300;\">Do\u011fum Plan\u0131<\/span><\/h2>\n<p>32. gebelik haftas\u0131 civar\u0131nda size a\u00e7\u0131klama yapaca\u011f\u0131z ve bir do\u011fum plan\u0131 yazman\u0131z\u0131 isteyece\u011fiz. Do\u011fum plan\u0131 yazarak do\u011fumla ilgili isteklerinizi a\u00e7\u0131k\u00e7a belirtebilir ve neyi be\u011fenip neyi be\u011fenmedi\u011finizi ifade edebilirsiniz. Ayn\u0131 zamanda en \u00e7ok nerede do\u011fum yapmak istedi\u011finizi de belirtirsiniz.  <\/p>\n<p>Den Haag&#8217;da geni\u015f bir se\u00e7enek yelpazesine sahibiz, ancak tabii ki evde de do\u011fum yapabilirsiniz. E\u011fer sonuncusunu belirtirseniz, lohusa bak\u0131m\u0131 gereken t\u00fcm malzemeler konusunda sizinle her \u015feyi g\u00f6zden ge\u00e7irecektir. <\/p>\n<p>&nbsp;<\/p>\n<p>[\/et_pb_text][\/et_pb_column][et_pb_column type=&#8221;1_2&#8243; _builder_version=&#8221;4.19.0&#8243; _module_preset=&#8221;default&#8221; custom_css_main_element=&#8221;width: 40% !important;&#8221; global_colors_info=&#8221;{}&#8221; custom_css_main_element_last_edited=&#8221;on|tablet&#8221; custom_css_main_element_phone=&#8221;width: 100% !important;&#8221; custom_css_main_element_tablet=&#8221;width: 100% !important;&#8221;][et_pb_image src=&#8221;https:\/\/verloskundigenpraktijkmargriet.nl\/wp-content\/uploads\/2022\/11\/badbevalling-.jpg&#8221; title_text=&#8221;banyo do\u011fumu&#8221; _builder_version=&#8221;4.19.0&#8243; _module_preset=&#8221;default&#8221; global_colors_info=&#8221;{}&#8221;][\/et_pb_image][\/et_pb_column][\/et_pb_row][et_pb_row column_structure=&#8221;1_4,3_4&#8243; _builder_version=&#8221;4.18.1&#8243; _module_preset=&#8221;default&#8221; width=&#8221;90%&#8221; max_width=&#8221;1400px&#8221; module_alignment=&#8221;center&#8221; custom_padding=&#8221;||0px|||&#8221; locked=&#8221;off&#8221; global_colors_info=&#8221;{}&#8221;][et_pb_column type=&#8221;1_4&#8243; _builder_version=&#8221;4.18.1&#8243; _module_preset=&#8221;default&#8221; global_colors_info=&#8221;{}&#8221;][\/et_pb_column][et_pb_column type=&#8221;3_4&#8243; _builder_version=&#8221;4.18.1&#8243; _module_preset=&#8221;default&#8221; global_colors_info=&#8221;{}&#8221;][et_pb_text module_id=&#8221;groe&#8221; _builder_version=&#8221;4.19.0&#8243; text_font=&#8221;|300|||||||&#8221; text_text_color=&#8221;#000000&#8243; text_font_size=&#8221;16px&#8221; text_line_height=&#8221;1.8em&#8221; header_font=&#8221;Yeseva One||||||||&#8221; header_text_color=&#8221;#3c1c20&#8243; header_font_size=&#8221;47px&#8221; header_line_height=&#8221;1.2em&#8221; header_3_font=&#8221;|600||||on|||&#8221; text_orientation=&#8221;justified&#8221; min_height=&#8221;357.2px&#8221; custom_margin=&#8221;50px||||false|false&#8221; locked=&#8221;off&#8221; global_colors_info=&#8221;{}&#8221;]<\/p>\n<h3 class=\"western\"><span style=\"color: #993300;\"> <\/span><\/h3>\n<p>Ayr\u0131ca HMC Westeinde veya Haga hastanesini se\u00e7ebilirsiniz. Her iki hastanede de bizimle ve bir lohusa bak\u0131c\u0131s\u0131yla do\u011fum yapars\u0131n\u0131z. Sadece nadir durumlarda \u00e7evredeki hastanelerden birine y\u00f6nlendirmemiz gerekebilir, ancak o zaman da sizinle birlikte geliriz.  <\/p>\n<p>Do\u011fum plan\u0131n\u0131z\u0131 m\u00fcmk\u00fcn oldu\u011funca basit ve a\u00e7\u0131k yap\u0131n. Bu \u015fekilde do\u011fumunuzda haz\u0131r bulunacak di\u011fer sa\u011fl\u0131k \u00e7al\u0131\u015fanlar\u0131 i\u00e7in de a\u00e7\u0131k olur. 34. hafta civar\u0131nda do\u011fum plan\u0131n\u0131 birlikte g\u00f6r\u00fc\u015fece\u011fiz.  <\/p>\n<p>Do\u011fum plan\u0131n\u0131za haz\u0131rl\u0131k olarak a\u015fa\u011f\u0131daki ba\u011flant\u0131lara bak\u0131n\u0131z;<\/p>\n<ul>\n<li style=\"list-style-type: none;\">\n<ul>\n<li><a href=\"https:\/\/deverloskundige.nl\/over-de-verloskundige\/subtekstpagina\/185\/bevallen-hoe-bereid-je-je-voor\" target=\"_blank\" rel=\"noopener\">Do\u011fuma nas\u0131l haz\u0131rlan\u0131rs\u0131n\u0131z<\/a><\/li>\n<li><a href=\"https:\/\/deverloskundige.nl\/nieuws\/artikel\/krachtige-verhalen-over-zwangerschap-en-geboorte\/333\" target=\"_blank\" rel=\"noopener\">Prati\u011fimizden deneyim hikayeleri<\/a><\/li>\n<li><a href=\"https:\/\/deverloskundige.nl\/over-de-verloskundige\/subtekstpagina\/186\/bevallingshoudingen\/\" target=\"_blank\" rel=\"noopener\">Hangi pozisyon size uyar<\/a><\/li>\n<li><a href=\"https:\/\/deverloskundige.nl\/over-de-verloskundige\/subtekstpagina\/187\/bevallingspijn\/\" target=\"_blank\" rel=\"noopener\">A\u011fr\u0131yla nas\u0131l ba\u015fa \u00e7\u0131kars\u0131n\u0131z?<\/a><\/li>\n<\/ul>\n<\/li>\n<\/ul>\n<p>[\/et_pb_text][\/et_pb_column][\/et_pb_row][et_pb_row column_structure=&#8221;1_4,3_4&#8243; _builder_version=&#8221;4.18.1&#8243; _module_preset=&#8221;default&#8221; width=&#8221;90%&#8221; max_width=&#8221;1400px&#8221; module_alignment=&#8221;center&#8221; min_height=&#8221;470.8px&#8221; custom_padding=&#8221;10px|||||&#8221; locked=&#8221;off&#8221; global_colors_info=&#8221;{}&#8221;][et_pb_column type=&#8221;1_4&#8243; _builder_version=&#8221;4.18.1&#8243; _module_preset=&#8221;default&#8221; global_colors_info=&#8221;{}&#8221;][\/et_pb_column][et_pb_column type=&#8221;3_4&#8243; _builder_version=&#8221;4.18.1&#8243; _module_preset=&#8221;default&#8221; global_colors_info=&#8221;{}&#8221;][et_pb_text module_id=&#8221;groe&#8221; _builder_version=&#8221;4.27.4&#8243; text_font=&#8221;|300|||||||&#8221; text_text_color=&#8221;#000000&#8243; text_font_size=&#8221;16px&#8221; text_line_height=&#8221;1.8em&#8221; header_font=&#8221;Yeseva One||||||||&#8221; header_text_color=&#8221;#3c1c20&#8243; header_font_size=&#8221;47px&#8221; header_line_height=&#8221;1.2em&#8221; header_3_font=&#8221;|600||||on|||&#8221; text_orientation=&#8221;justified&#8221; min_height=&#8221;372.8px&#8221; custom_margin=&#8221;50px||||false|false&#8221; locked=&#8221;off&#8221; global_colors_info=&#8221;{}&#8221;]<\/p>\n<h2 class=\"western\"><span style=\"color: #993300;\">B\u00fcy\u00fcme ultrasonografi veya pozisyon ultrasonografi<\/span><\/h2>\n<p>\u00dc\u00e7\u00fcnc\u00fc trimesterde b\u00fcy\u00fcme ultrasonografi yap\u0131lmas\u0131 i\u00e7in neden olabilir. Bazen bu, gebeli\u011fin ba\u015f\u0131nda sizin i\u00e7in belirli bir bak\u0131m yolu belirlemi\u015f olmam\u0131zdan kaynaklan\u0131r. Di\u011fer zamanlarda bebe\u011fin b\u00fcy\u00fcmesinden \u015f\u00fcphe etmemizden kaynaklanabilir. \u00d6rne\u011fin, d\u0131\u015f muayene s\u0131ras\u0131nda bebe\u011fin biraz fazla b\u00fcy\u00fck veya k\u00fc\u00e7\u00fck oldu\u011fundan \u015f\u00fcphelenmemiz ve bunu b\u00fcy\u00fcme ultrasonografisiyle do\u011frulamak istememiz olabilir. Ultrasonografi asla %100 garanti vermez, ancak d\u0131\u015f muayeneden daha do\u011frudur.<br \/>Ayr\u0131ca bebe\u011fin kafas\u0131n\u0131n a\u015fa\u011f\u0131da olup olmad\u0131\u011f\u0131ndan %100 emin olmamam\u0131z da m\u00fcmk\u00fcnd\u00fcr. Baz\u0131 bebekler (sadece y\u00fczde \u00fc\u00e7 ila d\u00f6rt) hala kafalar\u0131 rahimde yukar\u0131da olacak \u015fekilde yatarlar. Buna makat prezentasyonu diyoruz ve do\u011fum s\u0131ras\u0131nda sorunlara neden olabilir. Ultrasonografide kafan\u0131n rahimde yukar\u0131da oldu\u011funu g\u00f6rd\u00fc\u011f\u00fcm\u00fczde, bebe\u011fi \u00e7evirmek isteyip istemedi\u011finizi sizinle g\u00f6r\u00fc\u015fece\u011fiz. Buna <a href=\"https:\/\/deverloskundige.nl\/zwangerschap\/tekstpagina\/62\/uitwendige-versie\/\" target=\"_blank\" rel=\"noopener\">d\u0131\u015f \u00e7evirme<\/a> diyoruz. Bu \u00e7evirmeler hastanede yap\u0131l\u0131r. Amniyotik s\u0131v\u0131 miktar\u0131na, plasentan\u0131z\u0131n konumuna ve ilk veya ikinci bebe\u011finiz olup olmad\u0131\u011f\u0131na ba\u011fl\u0131 olarak ba\u015far\u0131 oran\u0131 yakla\u015f\u0131k %40 ila %50&#8217;dir.          <\/p>\n<p>[\/et_pb_text][\/et_pb_column][\/et_pb_row][et_pb_row column_structure=&#8221;1_4,1_4,1_2&#8243; _builder_version=&#8221;4.19.0&#8243; _module_preset=&#8221;default&#8221; width=&#8221;90%&#8221; width_tablet=&#8221;&#8221; width_phone=&#8221;98%&#8221; width_last_edited=&#8221;on|phone&#8221; max_width=&#8221;1400px&#8221; module_alignment=&#8221;center&#8221; global_colors_info=&#8221;{}&#8221;][et_pb_column type=&#8221;1_4&#8243; disabled_on=&#8221;on|on|off&#8221; _builder_version=&#8221;4.19.0&#8243; _module_preset=&#8221;default&#8221; global_colors_info=&#8221;{}&#8221; custom_css_main_element_last_edited=&#8221;on|tablet&#8221; custom_css_main_element_tablet=&#8221;width: 0% !important;&#8221; custom_css_main_element_phone=&#8221;width: 0% !important;&#8221;][\/et_pb_column][et_pb_column type=&#8221;1_4&#8243; _builder_version=&#8221;4.19.0&#8243; _module_preset=&#8221;default&#8221; global_colors_info=&#8221;{}&#8221; custom_css_main_element_last_edited=&#8221;on|tablet&#8221; custom_css_main_element_tablet=&#8221;width: 50% !important;&#8221; custom_css_main_element_phone=&#8221;width: 50% !important;&#8221;][et_pb_button button_url=&#8221;https:\/\/verloskundigenpraktijkmargriet.nl\/tr\/24-32-hafta\/&#8221; button_text=&#8221;24-32 Hafta&#8221; button_alignment=&#8221;left&#8221; _builder_version=&#8221;4.19.0&#8243; _module_preset=&#8221;default&#8221; custom_button=&#8221;on&#8221; button_text_color=&#8221;#993300&#8243; button_border_width=&#8221;0px&#8221; button_font=&#8221;|||||on|||&#8221; button_icon=&#8221;&#x23;||divi||400&#8243; button_icon_placement=&#8221;left&#8221; button_on_hover=&#8221;off&#8221; global_colors_info=&#8221;{}&#8221; button_bg_color__hover_enabled=&#8221;on|hover&#8221; button_bg_color__hover=&#8221;RGBA(255,255,255,0)&#8221; button_bg_enable_color__hover=&#8221;on&#8221;][\/et_pb_button][\/et_pb_column][et_pb_column type=&#8221;1_2&#8243; _builder_version=&#8221;4.19.0&#8243; _module_preset=&#8221;default&#8221; global_colors_info=&#8221;{}&#8221; custom_css_main_element_last_edited=&#8221;on|tablet&#8221; custom_css_main_element_tablet=&#8221;width: 33.3% !important;&#8221; custom_css_main_element_phone=&#8221;width: 50% !important;&#8221;][et_pb_button button_url=&#8221;https:\/\/verloskundigenpraktijkmargriet.nl\/tr\/37-42-hafta\/&#8221; button_text=&#8221;37-42 Hafta&#8221; button_alignment=&#8221;right&#8221; _builder_version=&#8221;4.19.0&#8243; _module_preset=&#8221;default&#8221; custom_button=&#8221;on&#8221; button_text_color=&#8221;#993300&#8243; button_border_width=&#8221;0px&#8221; button_font=&#8221;|||||on|||&#8221; button_icon=&#8221;&#x24;||divi||400&#8243; button_on_hover=&#8221;off&#8221; global_colors_info=&#8221;{}&#8221; button_bg_color__hover_enabled=&#8221;on|hover&#8221; button_bg_color__hover=&#8221;RGBA(255,255,255,0)&#8221; button_bg_enable_color__hover=&#8221;on&#8221;][\/et_pb_button][\/et_pb_column][\/et_pb_row][\/et_pb_section]<\/p>\n","protected":false},"excerpt":{"rendered":"<p>MARGRIET EBEL\u0130K KL\u0130N\u0130\u011e\u0130 32-37 HaftaBu sayfada &nbsp; Do\u011fum Plan\u0131 B\u00fcy\u00fcme ultrasonografi veya pozisyon ultrasonografi 32-37 Hafta\u00dc\u00e7\u00fcnc\u00fc ve son trimester birka\u00e7 hafta \u00f6nce ba\u015flad\u0131. Bebe\u011finiz \u015fimdi h\u0131zla b\u00fcy\u00fcyor ve son haftalarda bir ila iki kilo alabilir. Bunu h\u0131zla b\u00fcy\u00fcyen karn\u0131n\u0131zdan fark edeceksiniz. Bebe\u011finizi her g\u00fcn hareket ederken hissediyorsunuz, bu da fiziksel olarak biraz daha zorla\u015ft\u0131rabilir. Bel [&hellip;]<\/p>\n","protected":false},"author":1,"featured_media":0,"parent":0,"menu_order":0,"comment_status":"closed","ping_status":"closed","template":"","meta":{"_et_pb_use_builder":"on","_et_pb_old_content":"","_et_gb_content_width":"","two_page_speed":{"current_score":{"desktop_score":90,"desktop_tti":"0.8\u00a0","mobile_score":81,"mobile_tti":"3.7\u00a0","date":"08.10.2025 05:29:03 pm","status":"completed"}},"footnotes":""},"class_list":["post-5991","page","type-page","status-publish","hentry"],"_links":{"self":[{"href":"https:\/\/verloskundigenpraktijkmargriet.nl\/tr\/wp-json\/wp\/v2\/pages\/5991","targetHints":{"allow":["GET"]}}],"collection":[{"href":"https:\/\/verloskundigenpraktijkmargriet.nl\/tr\/wp-json\/wp\/v2\/pages"}],"about":[{"href":"https:\/\/verloskundigenpraktijkmargriet.nl\/tr\/wp-json\/wp\/v2\/types\/page"}],"author":[{"embeddable":true,"href":"https:\/\/verloskundigenpraktijkmargriet.nl\/tr\/wp-json\/wp\/v2\/users\/1"}],"replies":[{"embeddable":true,"href":"https:\/\/verloskundigenpraktijkmargriet.nl\/tr\/wp-json\/wp\/v2\/comments?post=5991"}],"version-history":[{"count":0,"href":"https:\/\/verloskundigenpraktijkmargriet.nl\/tr\/wp-json\/wp\/v2\/pages\/5991\/revisions"}],"wp:attachment":[{"href":"https:\/\/verloskundigenpraktijkmargriet.nl\/tr\/wp-json\/wp\/v2\/media?parent=5991"}],"curies":[{"name":"wp","href":"https:\/\/api.w.org\/{rel}","templated":true}]}}