{"id":5983,"date":"2025-09-26T14:08:42","date_gmt":"2025-09-26T13:08:42","guid":{"rendered":"https:\/\/verloskundigenpraktijkmargriet.nl\/cocuk-istegi\/"},"modified":"2025-11-02T21:34:18","modified_gmt":"2025-11-02T20:34:18","slug":"cocuk-istegi","status":"publish","type":"page","link":"https:\/\/verloskundigenpraktijkmargriet.nl\/tr\/cocuk-istegi\/","title":{"rendered":"\u00c7ocuk \u0130ste\u011fi"},"content":{"rendered":"<p>[et_pb_section fb_built=&#8221;1&#8243; _builder_version=&#8221;4.27.4&#8243; use_background_color_gradient=&#8221;on&#8221; background_color_gradient_stops=&#8221;rgba(0,0,0,0.18) 0%|rgba(0,0,0,0.18) 100%&#8221; background_color_gradient_overlays_image=&#8221;on&#8221; background_color_gradient_start=&#8221;rgba(0,0,0,0.18)&#8221; background_color_gradient_end=&#8221;rgba(0,0,0,0.18)&#8221; background_image=&#8221;https:\/\/verloskundigenpraktijkmargriet.nl\/wp-content\/uploads\/2022\/11\/newborn-baby-feet-on-creamy-blanket-mom-and-her-c-2021-08-26-20-11-48-utc-scaled-1.jpg&#8221; custom_padding=&#8221;25px||10px||false|false&#8221; bottom_divider_color_tablet=&#8221;RGBA(255,255,255,0)&#8221; bottom_divider_color_phone=&#8221;RGBA(255,255,255,0)&#8221; bottom_divider_color_last_edited=&#8221;on|phone&#8221; hover_enabled=&#8221;0&#8243; locked=&#8221;off&#8221; global_colors_info=&#8221;{}&#8221; sticky_enabled=&#8221;0&#8243;][et_pb_row use_custom_gutter=&#8221;on&#8221; gutter_width=&#8221;2&#8243; make_equal=&#8221;on&#8221; _builder_version=&#8221;4.18.1&#8243; width=&#8221;98%&#8221; width_tablet=&#8221;90%&#8221; width_phone=&#8221;90%&#8221; width_last_edited=&#8221;on|tablet&#8221; max_width=&#8221;1170px&#8221; max_width_tablet=&#8221;90%&#8221; max_width_phone=&#8221;90%&#8221; max_width_last_edited=&#8221;on|tablet&#8221; custom_margin_tablet=&#8221;120px||||false|false&#8221; custom_margin_phone=&#8221;120px||||false|false&#8221; custom_margin_last_edited=&#8221;on|tablet&#8221; global_colors_info=&#8221;{}&#8221;][et_pb_column type=&#8221;4_4&#8243; _builder_version=&#8221;4.16&#8243; custom_padding=&#8221;|||&#8221; global_colors_info=&#8221;{}&#8221; custom_padding__hover=&#8221;|||&#8221;][et_pb_text _builder_version=&#8221;4.27.4&#8243; text_font=&#8221;|||||on|||&#8221; text_text_color=&#8221;#FFFFFF&#8221; text_font_size=&#8221;20px&#8221; header_font=&#8221;Playfair Display|||on|||||&#8221; header_text_color=&#8221;#ffffff&#8221; header_font_size=&#8221;50px&#8221; header_letter_spacing=&#8221;3px&#8221; header_line_height=&#8221;1.5em&#8221; text_orientation=&#8221;center&#8221; max_width=&#8221;800px&#8221; module_alignment=&#8221;center&#8221; custom_padding=&#8221;53px||&#8221; hover_enabled=&#8221;0&#8243; header_font_size_tablet=&#8221;&#8221; header_font_size_phone=&#8221;25px&#8221; header_font_size_last_edited=&#8221;on|phone&#8221; global_colors_info=&#8221;{}&#8221; header_2_text_color=&#8221;#FFFFFF&#8221; header_2_font_size=&#8221;45px&#8221; sticky_enabled=&#8221;0&#8243;]<\/p>\n<h2 class=\"site-title\">MARGRIET EBEL\u0130K KL\u0130N\u0130\u011e\u0130<\/h2>\n<p class=\"site-description\">\u00c7ocuk \u0130ste\u011fi<\/p>\n<p>[\/et_pb_text][et_pb_divider color=&#8221;#ffffff&#8221; _builder_version=&#8221;4.18.0&#8243; _module_preset=&#8221;default&#8221; global_colors_info=&#8221;{}&#8221;][\/et_pb_divider][et_pb_menu menu_id=&#8221;44&#8243; active_link_color=&#8221;#ffffff&#8221; dropdown_menu_line_color=&#8221;#993300&#8243; dropdown_menu_text_color=&#8221;#000000&#8243; dropdown_menu_active_link_color=&#8221;#993300&#8243; mobile_menu_text_color=&#8221;#000000&#8243; disabled_on=&#8221;on|on|off&#8221; _builder_version=&#8221;4.19.0&#8243; _module_preset=&#8221;default&#8221; menu_font=&#8221;|||||on|||&#8221; menu_text_color=&#8221;#ffffff&#8221; menu_font_size=&#8221;17px&#8221; background_enable_color=&#8221;off&#8221; positioning=&#8221;relative&#8221; text_orientation=&#8221;center&#8221; width=&#8221;100%&#8221; global_colors_info=&#8221;{}&#8221;][\/et_pb_menu][\/et_pb_column][\/et_pb_row][\/et_pb_section][et_pb_section fb_built=&#8221;1&#8243; admin_label=&#8221;About&#8221; _builder_version=&#8221;4.18.1&#8243; _module_preset=&#8221;default&#8221; background_image=&#8221;https:\/\/verloskundigenpraktijkmargriet.nl\/wp-content\/uploads\/2022\/11\/wed-bg-3.png&#8221; custom_padding=&#8221;80px||80px||true|false&#8221; locked=&#8221;off&#8221; collapsed=&#8221;on&#8221; global_colors_info=&#8221;{}&#8221;][et_pb_row column_structure=&#8221;1_2,1_2&#8243; make_equal=&#8221;on&#8221; _builder_version=&#8221;4.17.4&#8243; _module_preset=&#8221;default&#8221; global_colors_info=&#8221;{}&#8221;][et_pb_column type=&#8221;1_2&#8243; _builder_version=&#8221;4.17.4&#8243; _module_preset=&#8221;default&#8221; global_colors_info=&#8221;{}&#8221;][et_pb_text _builder_version=&#8221;4.27.4&#8243; _module_preset=&#8221;default&#8221; hover_enabled=&#8221;0&#8243; sticky_enabled=&#8221;0&#8243;]<\/p>\n<p>&nbsp;<\/p>\n<p>&nbsp;<\/p>\n<p>[\/et_pb_text][et_pb_image src=&#8221;https:\/\/verloskundigenpraktijkmargriet.nl\/wp-content\/uploads\/2025\/10\/kinderwens.avif&#8221; title_text=&#8221;\u00c7ocuk \u0130ste\u011fi&#8221; align=&#8221;center&#8221; _builder_version=&#8221;4.27.4&#8243; _module_preset=&#8221;default&#8221; width=&#8221;80%&#8221; custom_margin=&#8221;||0px||false|false&#8221; custom_padding=&#8221;||||false|false&#8221; hover_enabled=&#8221;0&#8243; locked=&#8221;off&#8221; global_colors_info=&#8221;{}&#8221; alt=&#8221;\u00c7ocuk \u0130ste\u011fi&#8221; sticky_enabled=&#8221;0&#8243;][\/et_pb_image][\/et_pb_column][et_pb_column type=&#8221;1_2&#8243; _builder_version=&#8221;4.17.4&#8243; _module_preset=&#8221;default&#8221; transform_scale_last_edited=&#8221;off|phone&#8221; transform_translate_last_edited=&#8221;off|phone&#8221; transform_rotate_last_edited=&#8221;off|phone&#8221; transform_skew_phone=&#8221;-10deg|0deg&#8221; transform_skew_last_edited=&#8221;off|phone&#8221; transform_origin_last_edited=&#8221;off|phone&#8221; transform_styles_last_edited=&#8221;off|phone&#8221; global_colors_info=&#8221;{}&#8221;][et_pb_text _builder_version=&#8221;4.19.0&#8243; header_font=&#8221;|700||||on|||&#8221; header_text_color=&#8221;#333333&#8243; header_font_size=&#8221;40px&#8221; header_letter_spacing=&#8221;1px&#8221; max_width=&#8221;474px&#8221; custom_margin=&#8221;-18px||&#8221; custom_padding=&#8221;0px|||&#8221; header_font_size_tablet=&#8221;&#8221; header_font_size_phone=&#8221;20px&#8221; header_font_size_last_edited=&#8221;on|phone&#8221; locked=&#8221;off&#8221; global_colors_info=&#8221;{}&#8221;]<\/p>\n<h1><span style=\"color: #993300;\">\u00c7ocuk \u0130ste\u011fi<\/span><\/h1>\n<p>[\/et_pb_text][et_pb_text _builder_version=&#8221;4.19.0&#8243; text_font=&#8221;|300|||||||&#8221; text_text_color=&#8221;#000000&#8243; text_font_size=&#8221;16px&#8221; text_line_height=&#8221;1.8em&#8221; header_font=&#8221;Yeseva One||||||||&#8221; header_text_color=&#8221;#3c1c20&#8243; header_font_size=&#8221;47px&#8221; header_line_height=&#8221;1.2em&#8221; custom_margin=&#8221;-13px||&#8221; locked=&#8221;off&#8221; global_colors_info=&#8221;{}&#8221;]<\/p>\n<p>Siz ve partneriniz bu konuyu konu\u015ftunuz ve karar verdiniz: \u00e7ocuk sahibi olmaya ba\u015flamak istiyorsunuz. At\u0131lacak heyecan verici bir ilk ad\u0131m! Ancak bir kere karar verdi\u011finizde, genellikle m\u00fcmk\u00fcn olan en k\u0131sa s\u00fcrede hamile kalmak istersiniz. Maalesef bu her zaman o kadar h\u0131zl\u0131 ger\u00e7ekle\u015fmez. Baz\u0131 durumlarda hamile kalmak bir y\u0131l kadar s\u00fcrebilir.    <\/p>\n<p>Her ay yakla\u015f\u0131k %20 hamile kalma \u015fans\u0131n\u0131z var. 35 ya\u015f veya \u00fczerinde misiniz? O zaman \u015fans %10&#8217;dur. Bu az gibi g\u00f6r\u00fcnebilir, ama endi\u015felenmeyin! A\u015fa\u011f\u0131da sa\u011fl\u0131kl\u0131 bir \u015fekilde hamile kalma \u015fans\u0131n\u0131z\u0131 art\u0131racak birka\u00e7 \u015fey bulunmaktad\u0131r:    <\/p>\n<ul>\n<li style=\"list-style-type: none;\">\n<ul>\n<li>Folik asit ve D vitamini almaya ba\u015flay\u0131n;<\/li>\n<li>Sa\u011fl\u0131kl\u0131 ve \u00e7e\u015fitli beslenin;<\/li>\n<li>Yeterince egzersiz yap\u0131n;<\/li>\n<li>Sigara, alkol ve uyu\u015fturucu kullan\u0131m\u0131n\u0131 b\u0131rak\u0131n.<\/li>\n<\/ul>\n<\/li>\n<\/ul>\n<p>[\/et_pb_text][\/et_pb_column][\/et_pb_row][et_pb_row _builder_version=&#8221;4.18.1&#8243; _module_preset=&#8221;default&#8221; global_colors_info=&#8221;{}&#8221;][et_pb_column type=&#8221;4_4&#8243; _builder_version=&#8221;4.18.1&#8243; _module_preset=&#8221;default&#8221; global_colors_info=&#8221;{}&#8221;][et_pb_text _builder_version=&#8221;4.18.1&#8243; text_font=&#8221;|300|||||||&#8221; text_text_color=&#8221;#000000&#8243; text_font_size=&#8221;16px&#8221; text_line_height=&#8221;1.8em&#8221; header_font=&#8221;Yeseva One||||||||&#8221; header_text_color=&#8221;#3c1c20&#8243; header_font_size=&#8221;47px&#8221; header_line_height=&#8221;1.2em&#8221; custom_margin=&#8221;-13px||&#8221; locked=&#8221;off&#8221; global_colors_info=&#8221;{}&#8221;]<\/p>\n<p><span>Altta yatan bir hastal\u0131\u011f\u0131n\u0131z var m\u0131 veya ila\u00e7 kullan\u0131yor musunuz? O zaman bizimle veya aile hekiminizle ileti\u015fime ge\u00e7meniz en iyisi olacakt\u0131r. Hamile kalma \u015fans\u0131n\u0131z\u0131 art\u0131rabilecek uzman tavsiyesi sunuyoruz. Sa\u011fl\u0131kl\u0131 bir hamilelik hakk\u0131nda daha fazla bilgiyi <u>&#8216;<a href=\"https:\/\/www.strakszwangerworden.nl\/\" target=\"_blank\" rel=\"noopener\">Yak\u0131nda hamile kalmak<\/a>&#8216;<\/u> veya <u>&#8216;<a href=\"https:\/\/deverloskundige.nl\/zwanger-worden\" target=\"_blank\" rel=\"noopener\">Hamile kalmak<\/a>&#8216;<\/u> sayfalar\u0131nda bulabilirsiniz.   <\/span><\/p>\n<p>[\/et_pb_text][\/et_pb_column][\/et_pb_row][et_pb_row _builder_version=&#8221;4.18.1&#8243; _module_preset=&#8221;default&#8221; global_colors_info=&#8221;{}&#8221;][et_pb_column type=&#8221;4_4&#8243; _builder_version=&#8221;4.18.1&#8243; _module_preset=&#8221;default&#8221; global_colors_info=&#8221;{}&#8221;][et_pb_text _builder_version=&#8221;4.27.4&#8243; text_font=&#8221;|300||||on|||&#8221; text_text_color=&#8221;#000000&#8243; text_font_size=&#8221;22px&#8221; text_line_height=&#8221;1.8em&#8221; header_font=&#8221;Yeseva One||||||||&#8221; header_text_color=&#8221;#3c1c20&#8243; header_font_size=&#8221;47px&#8221; header_line_height=&#8221;1.2em&#8221; custom_margin=&#8221;-13px||&#8221; locked=&#8221;off&#8221; global_colors_info=&#8221;{}&#8221;]<\/p>\n<p><strong><span style=\"color: #993300;\">\u00c7ocuk \u0130ste\u011fi &#8211; Bazen (hemen) ba\u015far\u0131l\u0131 olmuyor<\/span><\/strong><\/p>\n<p>[\/et_pb_text][et_pb_text _builder_version=&#8221;4.18.1&#8243; text_font=&#8221;|300|||||||&#8221; text_text_color=&#8221;#000000&#8243; text_font_size=&#8221;16px&#8221; text_line_height=&#8221;1.8em&#8221; header_font=&#8221;Yeseva One||||||||&#8221; header_text_color=&#8221;#3c1c20&#8243; header_font_size=&#8221;47px&#8221; header_line_height=&#8221;1.2em&#8221; custom_margin=&#8221;-13px||&#8221; locked=&#8221;off&#8221; global_colors_info=&#8221;{}&#8221;]<\/p>\n<p>Bir y\u0131l boyunca denemenize ra\u011fmen hamile kalamad\u0131ysan\u0131z, tetkik yapt\u0131rmay\u0131 se\u00e7ebilirsiniz. Bunun i\u00e7in ilk olarak aile hekiminize gitmelisiniz. Aile hekimi, bir jinekolog sevkinin gerekli olup olmad\u0131\u011f\u0131n\u0131 ve do\u011furganl\u0131k tedavilerine uygun olup olmad\u0131\u011f\u0131n\u0131z\u0131 de\u011ferlendirebilir. Bu konu hakk\u0131nda daha fazlas\u0131n\u0131 <a href=\"https:\/\/www.freya.nl\/\" target=\"_blank\" rel=\"noopener\">Freya<\/a>&#8216;da okuyabilirsiniz.   <\/p>\n<p><span> <\/span><\/p>\n<p>[\/et_pb_text][\/et_pb_column][\/et_pb_row][et_pb_row _builder_version=&#8221;4.19.0&#8243; _module_preset=&#8221;default&#8221; global_colors_info=&#8221;{}&#8221;][et_pb_column type=&#8221;4_4&#8243; _builder_version=&#8221;4.19.0&#8243; _module_preset=&#8221;default&#8221; global_colors_info=&#8221;{}&#8221;][et_pb_button button_url=&#8221;https:\/\/verloskundigenpraktijkmargriet.nl\/tr\/00-05-hafta\/&#8221; button_text=&#8221;0-5 Hafta&#8221; button_alignment=&#8221;right&#8221; _builder_version=&#8221;4.19.0&#8243; _module_preset=&#8221;default&#8221; custom_button=&#8221;on&#8221; button_text_color=&#8221;#993300&#8243; button_border_width=&#8221;0px&#8221; button_font=&#8221;|||||on|||&#8221; button_icon=&#8221;&#x24;||divi||400&#8243; button_on_hover=&#8221;off&#8221; global_colors_info=&#8221;{}&#8221; button_bg_color__hover_enabled=&#8221;on|hover&#8221; button_bg_color__hover=&#8221;RGBA(255,255,255,0)&#8221; button_bg_enable_color__hover=&#8221;on&#8221;][\/et_pb_button][\/et_pb_column][\/et_pb_row][\/et_pb_section]<\/p>\n","protected":false},"excerpt":{"rendered":"<p>MARGRIET EBEL\u0130K KL\u0130N\u0130\u011e\u0130 \u00c7ocuk \u0130ste\u011fi&nbsp; &nbsp;\u00c7ocuk \u0130ste\u011fiSiz ve partneriniz bu konuyu konu\u015ftunuz ve karar verdiniz: \u00e7ocuk sahibi olmaya ba\u015flamak istiyorsunuz. At\u0131lacak heyecan verici bir ilk ad\u0131m! Ancak bir kere karar verdi\u011finizde, genellikle m\u00fcmk\u00fcn olan en k\u0131sa s\u00fcrede hamile kalmak istersiniz. Maalesef bu her zaman o kadar h\u0131zl\u0131 ger\u00e7ekle\u015fmez. Baz\u0131 durumlarda hamile kalmak bir y\u0131l kadar [&hellip;]<\/p>\n","protected":false},"author":1,"featured_media":0,"parent":0,"menu_order":0,"comment_status":"closed","ping_status":"closed","template":"","meta":{"_et_pb_use_builder":"on","_et_pb_old_content":"","_et_gb_content_width":"","two_page_speed":{"current_score":{"status":"error_no_score"}},"footnotes":""},"class_list":["post-5983","page","type-page","status-publish","hentry"],"_links":{"self":[{"href":"https:\/\/verloskundigenpraktijkmargriet.nl\/tr\/wp-json\/wp\/v2\/pages\/5983","targetHints":{"allow":["GET"]}}],"collection":[{"href":"https:\/\/verloskundigenpraktijkmargriet.nl\/tr\/wp-json\/wp\/v2\/pages"}],"about":[{"href":"https:\/\/verloskundigenpraktijkmargriet.nl\/tr\/wp-json\/wp\/v2\/types\/page"}],"author":[{"embeddable":true,"href":"https:\/\/verloskundigenpraktijkmargriet.nl\/tr\/wp-json\/wp\/v2\/users\/1"}],"replies":[{"embeddable":true,"href":"https:\/\/verloskundigenpraktijkmargriet.nl\/tr\/wp-json\/wp\/v2\/comments?post=5983"}],"version-history":[{"count":0,"href":"https:\/\/verloskundigenpraktijkmargriet.nl\/tr\/wp-json\/wp\/v2\/pages\/5983\/revisions"}],"wp:attachment":[{"href":"https:\/\/verloskundigenpraktijkmargriet.nl\/tr\/wp-json\/wp\/v2\/media?parent=5983"}],"curies":[{"name":"wp","href":"https:\/\/api.w.org\/{rel}","templated":true}]}}