{"id":6719,"date":"2025-11-02T21:36:27","date_gmt":"2025-11-02T20:36:27","guid":{"rendered":"https:\/\/verloskundigenpraktijkmargriet.nl\/gbs-pozytywny-3-kroki-aby-swiadomie-ograniczyc-ryzyko\/"},"modified":"2025-11-02T21:37:10","modified_gmt":"2025-11-02T20:37:10","slug":"gbs-pozytywny-3-kroki-aby-swiadomie-ograniczyc-ryzyko","status":"publish","type":"page","link":"https:\/\/verloskundigenpraktijkmargriet.nl\/pl\/gbs-pozytywny-3-kroki-aby-swiadomie-ograniczyc-ryzyko\/","title":{"rendered":"GBS-pozytywny: 3 kroki, aby \u015bwiadomie ograniczy\u0107 ryzyko"},"content":{"rendered":"<p>[et_pb_section fb_built=&#8221;1&#8243; _builder_version=&#8221;4.27.4&#8243; use_background_color_gradient=&#8221;on&#8221; background_color_gradient_stops=&#8221;rgba(0,0,0,0.18) 0%|rgba(0,0,0,0.18) 100%&#8221; background_color_gradient_overlays_image=&#8221;on&#8221; background_image=&#8221;https:\/\/verloskundigenpraktijkmargriet.nl\/wp-content\/uploads\/2022\/11\/newborn-baby-feet-on-creamy-blanket-mom-and-her-c-2021-08-26-20-11-48-utc-scaled-1.jpg&#8221; custom_padding=&#8221;25px||55px||false|false&#8221; bottom_divider_style=&#8221;wave&#8221; bottom_divider_color=&#8221;#f9f8f2&#8243; locked=&#8221;off&#8221; global_colors_info=&#8221;{}&#8221;][et_pb_row use_custom_gutter=&#8221;on&#8221; gutter_width=&#8221;2&#8243; make_equal=&#8221;on&#8221; _builder_version=&#8221;4.18.1&#8243; width=&#8221;98%&#8221; width_tablet=&#8221;90%&#8221; width_phone=&#8221;90%&#8221; width_last_edited=&#8221;on|tablet&#8221; max_width=&#8221;1170px&#8221; max_width_tablet=&#8221;90%&#8221; max_width_phone=&#8221;90%&#8221; max_width_last_edited=&#8221;on|tablet&#8221; custom_margin_tablet=&#8221;120px||||false|false&#8221; custom_margin_phone=&#8221;120px||||false|false&#8221; custom_margin_last_edited=&#8221;on|tablet&#8221; global_colors_info=&#8221;{}&#8221;][et_pb_column type=&#8221;4_4&#8243; _builder_version=&#8221;4.16&#8243; custom_padding=&#8221;|||&#8221; global_colors_info=&#8221;{}&#8221; custom_padding__hover=&#8221;|||&#8221;][et_pb_text _builder_version=&#8221;4.27.4&#8243; text_font=&#8221;|||||on|||&#8221; text_text_color=&#8221;#ffffff&#8221; text_font_size=&#8221;20px&#8221; header_font=&#8221;Playfair Display|||on|||||&#8221; header_text_color=&#8221;#ffffff&#8221; header_font_size=&#8221;50px&#8221; header_letter_spacing=&#8221;3px&#8221; header_line_height=&#8221;1.5em&#8221; header_2_text_color=&#8221;#FFFFFF&#8221; header_2_font_size=&#8221;45px&#8221; text_orientation=&#8221;center&#8221; max_width=&#8221;800px&#8221; module_alignment=&#8221;center&#8221; custom_padding=&#8221;53px||&#8221; header_font_size_tablet=&#8221;&#8221; header_font_size_phone=&#8221;25px&#8221; header_font_size_last_edited=&#8221;on|phone&#8221; global_colors_info=&#8221;{}&#8221;]<\/p>\n<h2 class=\"site-title\">PRAKTYKA PO\u0141O\u017bNICZA MARGRIET<\/h2>\n<p class=\"site-description\">GBS-pozytywny w ci\u0105\u017cy<\/p>\n<p>[\/et_pb_text][et_pb_divider color=&#8221;#ffffff&#8221; _builder_version=&#8221;4.18.0&#8243; _module_preset=&#8221;default&#8221; global_colors_info=&#8221;{}&#8221;][\/et_pb_divider][et_pb_menu menu_id=&#8221;44&#8243; active_link_color=&#8221;#ffffff&#8221; dropdown_menu_line_color=&#8221;#993300&#8243; dropdown_menu_text_color=&#8221;#000000&#8243; dropdown_menu_active_link_color=&#8221;#993300&#8243; mobile_menu_text_color=&#8221;#000000&#8243; disabled_on=&#8221;on|on|off&#8221; _builder_version=&#8221;4.19.0&#8243; _module_preset=&#8221;default&#8221; menu_font=&#8221;|||||on|||&#8221; menu_text_color=&#8221;#ffffff&#8221; menu_font_size=&#8221;17px&#8221; background_enable_color=&#8221;off&#8221; positioning=&#8221;relative&#8221; text_orientation=&#8221;center&#8221; width=&#8221;100%&#8221; global_colors_info=&#8221;{}&#8221;][\/et_pb_menu][\/et_pb_column][\/et_pb_row][\/et_pb_section][et_pb_section fb_built=&#8221;1&#8243; admin_label=&#8221;Header&#8221; _builder_version=&#8221;4.18.1&#8243; use_background_color_gradient=&#8221;on&#8221; background_color_gradient_direction=&#8221;90deg&#8221; background_color_gradient_stops=&#8221;rgba(210,218,228,0.38) 45%|#ffffff 45%&#8221; background_color_gradient_start=&#8221;rgba(210,218,228,0.38)&#8221; background_color_gradient_start_position=&#8221;45%&#8221; background_color_gradient_end=&#8221;#ffffff&#8221; background_color_gradient_end_position=&#8221;45%&#8221; background_image=&#8221;https:\/\/verloskundigenpraktijkmargriet.nl\/wp-content\/uploads\/2022\/11\/wed-bg-3.png&#8221; custom_margin=&#8221;||||false|false&#8221; custom_padding=&#8221;54px|0px|54px|0px|true|false&#8221; global_colors_info=&#8221;{}&#8221;][et_pb_row column_structure=&#8221;1_4,3_4&#8243; _builder_version=&#8221;4.18.1&#8243; _module_preset=&#8221;default&#8221; width=&#8221;90%&#8221; max_width=&#8221;1400px&#8221; module_alignment=&#8221;center&#8221; locked=&#8221;off&#8221; global_colors_info=&#8221;{}&#8221;][et_pb_column type=&#8221;1_4&#8243; _builder_version=&#8221;4.18.1&#8243; _module_preset=&#8221;default&#8221; global_colors_info=&#8221;{}&#8221;][et_pb_text disabled_on=&#8221;on|on|off&#8221; _builder_version=&#8221;4.27.4&#8243; _module_preset=&#8221;default&#8221; link_font=&#8221;|600||||on|||&#8221; link_text_color=&#8221;#000000&#8243; link_font_size=&#8221;16px&#8221; ul_text_color=&#8221;#ffffff&#8221; header_font=&#8221;|||on|||||&#8221; header_font_size=&#8221;22px&#8221; background_color=&#8221;rgba(214,185,148,0.87)&#8221; background_enable_image=&#8221;off&#8221; background_size=&#8221;contain&#8221; background_position=&#8221;bottom_center&#8221; custom_padding=&#8221;20px|10px|20px|10px|true|true&#8221; sticky_position=&#8221;top&#8221; sticky_offset_top=&#8221;15px&#8221; hover_enabled=&#8221;0&#8243; border_radii=&#8221;on|15px|15px|15px|15px&#8221; box_shadow_style=&#8221;preset1&#8243; global_colors_info=&#8221;{}&#8221; sticky_enabled=&#8221;0&#8243;]<\/p>\n<h2><span style=\"color: #993300;\"><strong>Na tej stronie<\/strong><\/span><\/h2>\n<p>&nbsp;<\/p>\n<ul>\n<li><a href=\"#abl\">Czym jest GBS?<\/a><\/li>\n<li><a href=\"#abd\">Ryzyko zwi\u0105zane z GBS<\/a><\/li>\n<li><a href=\"#abe\">Opieka nad dzieckiem po porodzie<\/a><\/li>\n<li><a href=\"#abf\">Co mo\u017cesz zrobi\u0107 sama<\/a><\/li>\n<li><a href=\"#abh\">Ustalenia haskie<\/a><\/li>\n<li><a href=\"#abi\">Cz\u0119sto zadawane pytania<\/a><\/li>\n<\/ul>\n<p>[\/et_pb_text][\/et_pb_column][et_pb_column type=&#8221;3_4&#8243; _builder_version=&#8221;4.18.1&#8243; _module_preset=&#8221;default&#8221; global_colors_info=&#8221;{}&#8221;][et_pb_text _builder_version=&#8221;4.27.4&#8243; _module_preset=&#8221;e598b17a-9229-42f6-b238-019d6094332e&#8221; header_font=&#8221;|700||||on|||&#8221; header_text_align=&#8221;left&#8221; header_text_color=&#8221;#000000&#8243; header_font_size=&#8221;35px&#8221; header_line_height=&#8221;1.1em&#8221; custom_margin=&#8221;||10px||false|false&#8221; custom_padding_tablet=&#8221;&#8221; custom_padding_phone=&#8221;|5px||5px|false|true&#8221; custom_padding_last_edited=&#8221;on|phone&#8221; hover_enabled=&#8221;0&#8243; header_font_size_tablet=&#8221;50px&#8221; header_font_size_phone=&#8221;30px&#8221; header_font_size_last_edited=&#8221;on|phone&#8221; header_line_height_tablet=&#8221;1.2em&#8221; header_line_height_phone=&#8221;1.2em&#8221; header_line_height_last_edited=&#8221;on|desktop&#8221; locked=&#8221;off&#8221; global_colors_info=&#8221;{}&#8221; sticky_enabled=&#8221;0&#8243;]<\/p>\n<h1><span style=\"color: #993300;\">GBS-pozytywny w ci\u0105\u017cy: 3 kroki, aby ograniczy\u0107 ryzyko<\/span><\/h1>\n<p>[\/et_pb_text][et_pb_text _builder_version=&#8221;4.27.4&#8243; text_font=&#8221;|300|||||||&#8221; text_text_color=&#8221;#000000&#8243; text_font_size=&#8221;16px&#8221; text_line_height=&#8221;1.8em&#8221; header_font=&#8221;Yeseva One||||||||&#8221; header_text_color=&#8221;#3c1c20&#8243; header_font_size=&#8221;47px&#8221; header_line_height=&#8221;1.2em&#8221; custom_margin=&#8221;-13px||&#8221; locked=&#8221;off&#8221; global_colors_info=&#8221;{}&#8221;]<\/p>\n<p class=\"p1\">Infekcje paciorkowcami grupy B podczas ci\u0105\u017cy mog\u0105 prowadzi\u0107 do powik\u0142a\u0144. Je\u015bli istnieje dodatkowe ryzyko, zalecamy antybiotyki podczas porodu. Robimy to na przyk\u0142ad, gdy w tej ci\u0105\u017cy znaleziono GBS w twoim moczu, je\u015bli wcze\u015bniej mia\u0142a\u015b dziecko z chorob\u0105 GBS, w przypadku gor\u0105czki podczas porodu, przy przedwczesnym porodzie (przed 37 tygodniem) lub je\u015bli twoje wody odesz\u0142y dawno (zwykle &gt;18 godzin).  <\/p>\n<p class=\"p1\">W takim przypadku rodzisz w szpitalu. Otrzymasz kropl\u00f3wk\u0119 z antybiotykami: zaczynamy, gdy zaczynaj\u0105 si\u0119 skurcze lub p\u0119kaj\u0105 b\u0142ony p\u0142odowe i powtarzamy to co 4 godziny a\u017c do porodu. W szpitalach w Haaglanden cz\u0119sto mo\u017cesz rodzi\u0107 ze swoj\u0105 w\u0142asn\u0105 po\u0142o\u017cn\u0105; piel\u0119gniarka lub ginekolog zajmie si\u0119 kropl\u00f3wk\u0105 i lekami. Koniecznie zajrzyj te\u017c na nasz\u0105 stron\u0119 o ostatnich tygodniach <a href=\"https:\/\/verloskundigenpraktijkmargriet.nl\/pl\/37-42-tygodnie\/\">37-42 Tygodnie<\/a>.   <\/p>\n<p class=\"p1\">Je\u015bli jeste\u015b uczulona na penicylin\u0119, wcze\u015bniej uzgadniamy ze szpitalem, jaka alternatywa jest odpowiednia (na podstawie wynik\u00f3w). Jasno zapisujemy to w twojej dokumentacji.  <\/p>\n<p>[\/et_pb_text][et_pb_text module_id=&#8221;abl&#8221; _builder_version=&#8221;4.27.4&#8243; text_font=&#8221;|300|||||||&#8221; text_text_color=&#8221;#000000&#8243; text_font_size=&#8221;16px&#8221; text_line_height=&#8221;1.8em&#8221; header_font=&#8221;Yeseva One||||||||&#8221; header_text_color=&#8221;#3c1c20&#8243; header_font_size=&#8221;47px&#8221; header_line_height=&#8221;1.2em&#8221; header_3_font=&#8221;|600||||on|||&#8221; text_orientation=&#8221;justified&#8221; custom_margin=&#8221;-13px||&#8221; locked=&#8221;off&#8221; global_colors_info=&#8221;{}&#8221;]<\/p>\n<h2 class=\"western\"><span style=\"color: #993300;\">Czym jest GBS?<\/span><\/h2>\n<p>GBS oznacza paciorkowce grupy B, bakterie, kt\u00f3re wiele os\u00f3b nie\u015bwiadomie nosi w jelitach, a czasem tak\u017ce w pochwie. Bycie GBS-pozytywnym nie jest chorob\u0105 przenoszon\u0105 drog\u0105 p\u0142ciow\u0105 i zwykle nic nie odczuwasz: brak sw\u0119dzenia, b\u00f3lu, nietypowej wydzieliny. Nosicielstwo GBS mo\u017ce pojawia\u0107 si\u0119 i znika\u0107 w trakcie ci\u0105\u017cy. Dla ciebie jest to zazwyczaj nieszkodliwe, ale podczas porodu bakteria mo\u017ce czasami zosta\u0107 przeniesiona na twoje dziecko. U ma\u0142ej cz\u0119\u015bci noworodk\u00f3w mo\u017ce to spowodowa\u0107 infekcj\u0119 (tak\u0105 jak zapalenie p\u0142uc lub zaka\u017cenie krwi). Antybiotykami podczas porodu wyra\u017anie obni\u017camy to ryzyko. Poza porodem leczenie zwykle nie jest konieczne, chyba \u017ce GBS w moczu powoduje zapalenie p\u0119cherza.      <\/p>\n<p>[\/et_pb_text][et_pb_text module_id=&#8221;abd&#8221; _builder_version=&#8221;4.27.4&#8243; text_font=&#8221;|300|||||||&#8221; text_text_color=&#8221;#000000&#8243; text_font_size=&#8221;16px&#8221; text_line_height=&#8221;1.8em&#8221; header_font=&#8221;Yeseva One||||||||&#8221; header_text_color=&#8221;#3c1c20&#8243; header_font_size=&#8221;47px&#8221; header_line_height=&#8221;1.2em&#8221; header_3_font=&#8221;|600||||on|||&#8221; text_orientation=&#8221;justified&#8221; custom_margin=&#8221;-13px||&#8221; locked=&#8221;off&#8221; global_colors_info=&#8221;{}&#8221;]<\/p>\n<h2 class=\"western\"><span style=\"color: #993300;\">Ryzyko zwi\u0105zane z GBS <\/span><\/h2>\n<p>GBS jest dla ciebie zwykle nieszkodliwy, ale u twojego dziecka bakteria mo\u017ce w rzadkich przypadkach spowodowa\u0107 infekcj\u0119. Dzieje si\u0119 to g\u0142\u00f3wnie w pierwszym tygodniu po urodzeniu (tzw. \u201ewczesny pocz\u0105tek&#8221;), czasami p\u00f3\u017aniej w pierwszych trzech miesi\u0105cach (\u201ep\u00f3\u017any pocz\u0105tek&#8221;). Bez antybiotyk\u00f3w podczas porodu, gdy istniej\u0105 czynniki ryzyka, to ryzyko jest wy\u017csze. Infekcja GBS mo\u017ce objawia\u0107 si\u0119 jako sepsa, zapalenie p\u0142uc lub zapalenie opon m\u00f3zgowych. Po urodzeniu zwracaj uwag\u0119 na sygna\u0142y takie jak ospa\u0142o\u015b\u0107, s\u0142abe ssanie, szybki lub st\u0119kaj\u0105cy oddech, szary kolor sk\u00f3ry, gor\u0105czka lub przeciwnie &#8211; niska temperatura. Je\u015bli to zauwa\u017cysz, natychmiast zadzwo\u0144 do po\u0142o\u017cnej lub do szpitala.     <\/p>\n<p>Dobra wiadomo\u015b\u0107: przy szybkim rozpoznaniu i leczeniu wi\u0119kszo\u015b\u0107 dzieci ca\u0142kowicie wraca do zdrowia. Dla ciebie jako matki, GBS bez leczenia mo\u017ce czasami powodowa\u0107 zapalenie p\u0119cherza, a po porodzie infekcj\u0119 macicy lub rany (na przyk\u0142ad po cesarskim ci\u0119ciu). Dlatego zalecamy antybiotyki podczas porodu, je\u015bli jest to wskazane zgodnie z polityk\u0105; w ten spos\u00f3b wyra\u017anie zmniejszasz ryzyko dla twojego dziecka i zmniejszasz r\u00f3wnie\u017c swoje w\u0142asne ryzyko wyst\u0105pienia dolegliwo\u015bci.  <\/p>\n<p>[\/et_pb_text][et_pb_text module_id=&#8221;abe&#8221; _builder_version=&#8221;4.27.4&#8243; text_font=&#8221;|300|||||||&#8221; text_text_color=&#8221;#000000&#8243; text_font_size=&#8221;16px&#8221; text_line_height=&#8221;1.8em&#8221; header_font=&#8221;Yeseva One||||||||&#8221; header_text_color=&#8221;#3c1c20&#8243; header_font_size=&#8221;47px&#8221; header_line_height=&#8221;1.2em&#8221; header_3_font=&#8221;|600||||on|||&#8221; text_orientation=&#8221;justified&#8221; custom_margin=&#8221;-13px||&#8221; locked=&#8221;off&#8221; global_colors_info=&#8221;{}&#8221;]<\/p>\n<h2 class=\"western\"><span style=\"color: #993300;\">Opieka nad dzieckiem po urodzeniu<\/span><\/h2>\n<p>Po urodzeniu b\u0119dziemy bardzo uwa\u017cnie obserwowa\u0107 twoje dziecko. To, co dok\u0142adnie robimy, zale\u017cy od ca\u0142o\u015bciowego obrazu: czy twoje dziecko urodzi\u0142o si\u0119 o czasie czy przedwcze\u015bnie, jaka jest temperatura i oddech, oraz kiedy i jak d\u0142ugo otrzymywa\u0142a\u015b antybiotyki? Na tej podstawie decydujemy, czy twoje dziecko b\u0119dzie przez jaki\u015b czas obserwowane na oddziale. Je\u015bli wszystko wygl\u0105da dobrze i antybiotyki zapobiegawcze zosta\u0142y podane na czas, zwykle mo\u017cesz wr\u00f3ci\u0107 do domu z jasnymi instrukcjami, na co zwraca\u0107 uwag\u0119. W razie w\u0105tpliwo\u015bci lub je\u015bli twoje dziecko ma objawy, pediatra mo\u017ce szybko je oceni\u0107.    <\/p>\n<p>[\/et_pb_text][et_pb_text module_id=&#8221;abf&#8221; _builder_version=&#8221;4.27.4&#8243; text_font=&#8221;|300|||||||&#8221; text_text_color=&#8221;#000000&#8243; text_font_size=&#8221;16px&#8221; text_line_height=&#8221;1.8em&#8221; header_font=&#8221;Yeseva One||||||||&#8221; header_text_color=&#8221;#3c1c20&#8243; header_font_size=&#8221;47px&#8221; header_line_height=&#8221;1.2em&#8221; header_3_font=&#8221;|600||||on|||&#8221; background_color=&#8221;rgba(243,219,195,0.34)&#8221; text_orientation=&#8221;justified&#8221; width_tablet=&#8221;&#8221; width_phone=&#8221;&#8221; width_last_edited=&#8221;on|phone&#8221; custom_margin=&#8221;||||false|false&#8221; custom_padding=&#8221;25px|25px|25px|25px|true|true&#8221; border_radii=&#8221;on|15px|15px|15px|15px&#8221; box_shadow_style=&#8221;preset1&#8243; box_shadow_blur=&#8221;2px&#8221; locked=&#8221;off&#8221; global_colors_info=&#8221;{}&#8221;]<\/p>\n<h2><span style=\"color: #993300;\">Co mo\u017cesz zrobi\u0107 sama?<\/span><\/h2>\n<ul>\n<li>Zadzwo\u0144 natychmiast na pocz\u0105tku porodu lub gdy odejd\u0105 ci wody, je\u015bli jeste\u015b GBS-pozytywna, nawet w nocy. Wtedy ustalimy, kiedy udamy si\u0119 do domu porodowego i rozpoczniemy podawanie antybiotyk\u00f3w. <\/li>\n<li>Zapisz swoje alergie (np. na penicylin\u0119) i wcze\u015bniejsze do\u015bwiadczenia w swoim planie porodu i om\u00f3w to z nami podczas kontroli.<\/li>\n<li>W okresie po\u0142ogu zwracaj uwag\u0119 na swoje dziecko: senno\u015b\u0107, st\u0119kanie\/szybki oddech, temperatura (za wysoka\/za niska), s\u0142abe ssanie, szary kolor sk\u00f3ry \u2192 natychmiast dzwo\u0144. Nasze po\u0142o\u017cne r\u00f3wnie\u017c uwa\u017cnie to obserwuj\u0105.  <\/li>\n<\/ul>\n<p>[\/et_pb_text][et_pb_text module_id=&#8221;abh&#8221; _builder_version=&#8221;4.27.4&#8243; text_font=&#8221;|300|||||||&#8221; text_text_color=&#8221;#000000&#8243; text_font_size=&#8221;16px&#8221; text_line_height=&#8221;1.8em&#8221; header_font=&#8221;Yeseva One||||||||&#8221; header_text_color=&#8221;#3c1c20&#8243; header_font_size=&#8221;47px&#8221; header_line_height=&#8221;1.2em&#8221; header_3_font=&#8221;|||||on|||&#8221; text_orientation=&#8221;justified&#8221; custom_margin=&#8221;||||false|false&#8221; locked=&#8221;off&#8221; global_colors_info=&#8221;{}&#8221;]<\/p>\n<h2 class=\"western\"><span style=\"color: #993300;\">Ustalenia haskie (VSV&#8217;s Den Haag e.o.)<\/span><\/h2>\n<p>W Hadze zespo\u0142y opieki oko\u0142oporodowej (VSV&#8217;s, takie jak HMC i Haga Juliana Geboortecentrum) pracuj\u0105 wed\u0142ug tych samych, jasnych ustale\u0144, opartych na krajowych wytycznych (NVK\/NVOG\/KNOV).<\/p>\n<p>Je\u015bli masz zwi\u0119kszone ryzyko przeniesienia GBS, podajemy antybiotyki podczas porodu: zaczynamy, gdy zaczynaj\u0105 si\u0119 skurcze lub p\u0119kaj\u0105 b\u0142ony p\u0142odowe i powtarzamy co 4 godziny. Otrzymasz przy tym jasne instrukcje, na co zwraca\u0107 uwag\u0119 u dziecka. Praktyczne kwestie mog\u0105 si\u0119 nieco r\u00f3\u017cni\u0107 w zale\u017cno\u015bci od szpitala (na przyk\u0142ad oddzia\u0142 lub kryteria wypisu), ale polityka jest wsz\u0119dzie taka sama. Tw\u00f3j osobisty plan zapisujemy wcze\u015bniej w twojej dokumentacji, aby ka\u017cdy wiedzia\u0142, co robi\u0107 i mog\u0142a by\u0107 zapewniona najlepsza opieka.   <\/p>\n<p>Masz w\u0105tpliwo\u015bci, gdy zaczyna si\u0119 por\u00f3d lub gdy odesz\u0142y ci wody, a jeste\u015b GBS-pozytywna? Zadzwo\u0144 do nas natychmiast, aby\u015bmy mogli na czas rozpocz\u0105\u0107 podawanie antybiotyk\u00f3w. <\/p>\n<p>[\/et_pb_text][\/et_pb_column][\/et_pb_row][et_pb_row column_structure=&#8221;1_4,1_2,1_4&#8243; _builder_version=&#8221;4.27.4&#8243; _module_preset=&#8221;default&#8221; width=&#8221;90%&#8221; max_width=&#8221;1400px&#8221; global_colors_info=&#8221;{}&#8221;][et_pb_column type=&#8221;1_4&#8243; _builder_version=&#8221;4.27.4&#8243; _module_preset=&#8221;default&#8221; global_colors_info=&#8221;{}&#8221;][\/et_pb_column][et_pb_column type=&#8221;1_2&#8243; _builder_version=&#8221;4.27.4&#8243; _module_preset=&#8221;default&#8221; global_colors_info=&#8221;{}&#8221;][et_pb_text module_id=&#8221;abi&#8221; _builder_version=&#8221;4.27.4&#8243; text_font=&#8221;|300|||||||&#8221; text_text_color=&#8221;#000000&#8243; text_font_size=&#8221;16px&#8221; text_line_height=&#8221;1.8em&#8221; header_font=&#8221;Yeseva One||||||||&#8221; header_text_color=&#8221;#3c1c20&#8243; header_font_size=&#8221;47px&#8221; header_line_height=&#8221;1.2em&#8221; header_3_font=&#8221;|||||on|||&#8221; text_orientation=&#8221;justified&#8221; custom_margin=&#8221;||||false|false&#8221; locked=&#8221;off&#8221; global_colors_info=&#8221;{}&#8221;]<\/p>\n<h2 class=\"western\"><span style=\"color: #993300;\">Cz\u0119sto zadawane pytania<\/span><\/h2>\n<p>[\/et_pb_text][et_pb_toggle title=&#8221;Czy GBS jest chorob\u0105 przenoszon\u0105 drog\u0105 p\u0142ciow\u0105 lub \u201echorob\u0105 zaka\u017an\u0105&quot; dla mojego otoczenia?&#8221; _builder_version=&#8221;4.27.4&#8243; _module_preset=&#8221;default&#8221; global_colors_info=&#8221;{}&#8221;]<\/p>\n<p>Nie. GBS-pozytywny (lub nosicielstwo wirusa GBS) nale\u017cy do normalnej flory wielu ludzi i nie ma nic wsp\u00f3lnego z przenoszeniem drog\u0105 p\u0142ciow\u0105. Chodzi nam o kontakt podczas porodu i ryzyko dla noworodk\u00f3w.   <\/p>\n<p>[\/et_pb_toggle][et_pb_toggle title=&#8221;Czy mog\u0119 normalnie rodzi\u0107 w wannie lub pod prysznicem, je\u015bli jestem GBS-pozytywna?&#8221; _builder_version=&#8221;4.27.4&#8243; _module_preset=&#8221;default&#8221; global_colors_info=&#8221;{}&#8221;]<\/p>\n<p>Cz\u0119sto tak, o ile mo\u017cemy zapewni\u0107 terminowe rozpocz\u0119cie podawania antybiotyk\u00f3w i nie ma innych medycznych przeciwwskaza\u0144. Uzgadniamy to wcze\u015bniej z zespo\u0142em szpitalnym.  <\/p>\n<p>[\/et_pb_toggle][et_pb_toggle title=&#8221;Czy mog\u0119 rodzi\u0107 w domu, je\u015bli jestem GBS-pozytywna?&#8221; _builder_version=&#8221;4.27.4&#8243; _module_preset=&#8221;default&#8221; global_colors_info=&#8221;{}&#8221;]<\/p>\n<p class=\"p1\">Por\u00f3d w domu jest czasami mo\u017cliwy, je\u015bli jeste\u015b GBS-pozytywna, ale zwykle zalecamy szpital, je\u015bli potrzebujesz antybiotyk\u00f3w podczas porodu. W szpitalu mo\u017cemy poda\u0107 antybiotyki przez kropl\u00f3wk\u0119 i dok\u0142adnie obserwowa\u0107 twoje dziecko. W szpitalach w Hadze mo\u017cesz normalnie rodzi\u0107 z w\u0142asn\u0105 po\u0142o\u017cn\u0105.  <\/p>\n<p>[\/et_pb_toggle][et_pb_toggle title=&#8221;Jakie s\u0105 objawy GBS?&#8221; _builder_version=&#8221;4.27.4&#8243; _module_preset=&#8221;default&#8221; hover_enabled=&#8221;0&#8243; global_colors_info=&#8221;{}&#8221; sticky_enabled=&#8221;0&#8243;]<\/p>\n<p class=\"p1\">U kobiet w ci\u0105\u017cy <span class=\"s1\">nosicielstwo GBS zwykle przebiega bezobjawowo<\/span>. Je\u015bli wyst\u0119puj\u0105 objawy, cz\u0119sto chodzi o <span class=\"s1\">infekcj\u0119 dr\u00f3g moczowych<\/span> (pieczenie lub b\u00f3l przy oddawaniu moczu, cz\u0119ste oddawanie ma\u0142ych ilo\u015bci moczu, b\u00f3l podbrzusza, czasem gor\u0105czka). Podczas porodu <span class=\"s1\">infekcja<\/span> mo\u017ce objawia\u0107 si\u0119 <span class=\"s1\">gor\u0105czk\u0105 (\u226538\u00b0C)<\/span>, dreszczami, <span class=\"s1\">przyspieszonym t\u0119tnem<\/span> u ciebie lub dziecka, <span class=\"s1\">wra\u017cliw\u0105\/bolesn\u0105 macic\u0105<\/span> lub <span class=\"s1\">dziwnie pachn\u0105cym p\u0142ynem owodniowym<\/span>. Po porodzie zwracamy uwag\u0119 na <span class=\"s1\">gor\u0105czk\u0119<\/span>, nasilaj\u0105cy si\u0119 b\u00f3l brzucha\/miednicy, <span class=\"s1\">infekcj\u0119 rany lub zapalenie piersi<\/span> i og\u00f3lne z\u0142e samopoczucie.   <\/p>\n<p>[\/et_pb_toggle][\/et_pb_column][et_pb_column type=&#8221;1_4&#8243; _builder_version=&#8221;4.27.4&#8243; _module_preset=&#8221;default&#8221; global_colors_info=&#8221;{}&#8221;][et_pb_image src=&#8221;https:\/\/verloskundigenpraktijkmargriet.nl\/wp-content\/uploads\/2025\/10\/gbsfoto.png&#8221; alt=&#8221;GBS-pozytywny&#8221; title_text=&#8221;zdj\u0119ciegbs&#8221; _builder_version=&#8221;4.27.4&#8243; _module_preset=&#8221;default&#8221; width=&#8221;80%&#8221; module_alignment=&#8221;right&#8221; global_colors_info=&#8221;{}&#8221;][\/et_pb_image][\/et_pb_column][\/et_pb_row][et_pb_row column_structure=&#8221;1_4,1_4,1_2&#8243; _builder_version=&#8221;4.19.0&#8243; _module_preset=&#8221;default&#8221; width=&#8221;90%&#8221; width_tablet=&#8221;&#8221; width_phone=&#8221;98%&#8221; width_last_edited=&#8221;on|phone&#8221; max_width=&#8221;1400px&#8221; module_alignment=&#8221;center&#8221; global_colors_info=&#8221;{}&#8221;][et_pb_column type=&#8221;1_4&#8243; disabled_on=&#8221;on|on|off&#8221; _builder_version=&#8221;4.19.0&#8243; _module_preset=&#8221;default&#8221; global_colors_info=&#8221;{}&#8221; custom_css_main_element_last_edited=&#8221;on|tablet&#8221; custom_css_main_element_tablet=&#8221;width: 0% !important;&#8221; custom_css_main_element_phone=&#8221;width: 0% !important;&#8221;][\/et_pb_column][et_pb_column type=&#8221;1_4&#8243; _builder_version=&#8221;4.19.0&#8243; _module_preset=&#8221;default&#8221; global_colors_info=&#8221;{}&#8221; custom_css_main_element_last_edited=&#8221;on|tablet&#8221; custom_css_main_element_tablet=&#8221;width: 50% !important;&#8221; custom_css_main_element_phone=&#8221;width: 50% !important;&#8221;][et_pb_button button_url=&#8221;https:\/\/verloskundigenpraktijkmargriet.nl\/pl\/biblioteka-margriet\/&#8221; button_text=&#8221;Powr\u00f3t do Biblioteki&#8221; button_alignment=&#8221;left&#8221; _builder_version=&#8221;4.27.4&#8243; _module_preset=&#8221;default&#8221; custom_button=&#8221;on&#8221; button_text_color=&#8221;#993300&#8243; button_border_width=&#8221;0px&#8221; button_font=&#8221;|||||on|||&#8221; button_icon=&#8221;&#x23;||divi||400&#8243; button_icon_placement=&#8221;left&#8221; button_on_hover=&#8221;off&#8221; global_colors_info=&#8221;{}&#8221; button_bg_color__hover_enabled=&#8221;on|hover&#8221; button_bg_color__hover=&#8221;RGBA(255,255,255,0)&#8221; button_bg_enable_color__hover=&#8221;on&#8221;][\/et_pb_button][\/et_pb_column][et_pb_column type=&#8221;1_2&#8243; _builder_version=&#8221;4.19.0&#8243; _module_preset=&#8221;default&#8221; global_colors_info=&#8221;{}&#8221; custom_css_main_element_last_edited=&#8221;on|tablet&#8221; custom_css_main_element_tablet=&#8221;width: 33.3% !important;&#8221; custom_css_main_element_phone=&#8221;width: 50% !important;&#8221;][et_pb_button button_url=&#8221;https:\/\/verloskundigenpraktijkmargriet.nl\/pl\/blog\/&#8221; button_text=&#8221;Blog&#8221; button_alignment=&#8221;right&#8221; _builder_version=&#8221;4.27.4&#8243; _module_preset=&#8221;default&#8221; custom_button=&#8221;on&#8221; button_text_color=&#8221;#993300&#8243; button_border_width=&#8221;0px&#8221; button_font=&#8221;|||||on|||&#8221; button_icon=&#8221;&#x24;||divi||400&#8243; button_on_hover=&#8221;off&#8221; global_colors_info=&#8221;{}&#8221; button_bg_color__hover_enabled=&#8221;on|hover&#8221; button_bg_color__hover=&#8221;RGBA(255,255,255,0)&#8221; button_bg_enable_color__hover=&#8221;on&#8221;][\/et_pb_button][\/et_pb_column][\/et_pb_row][\/et_pb_section]<\/p>\n","protected":false},"excerpt":{"rendered":"<p>PRAKTYKA PO\u0141O\u017bNICZA MARGRIET GBS-pozytywny w ci\u0105\u017cyNa tej stronie &nbsp; Czym jest GBS? Ryzyko zwi\u0105zane z GBS Opieka nad dzieckiem po porodzie Co mo\u017cesz zrobi\u0107 sama Ustalenia haskie Cz\u0119sto zadawane pytania GBS-pozytywny w ci\u0105\u017cy: 3 kroki, aby ograniczy\u0107 ryzykoInfekcje paciorkowcami grupy B podczas ci\u0105\u017cy mog\u0105 prowadzi\u0107 do powik\u0142a\u0144. Je\u015bli istnieje dodatkowe ryzyko, zalecamy antybiotyki podczas porodu. [&hellip;]<\/p>\n","protected":false},"author":5,"featured_media":0,"parent":0,"menu_order":0,"comment_status":"closed","ping_status":"closed","template":"","meta":{"_et_pb_use_builder":"on","_et_pb_old_content":"","_et_gb_content_width":"","two_page_speed":{"current_score":{"status":"error_no_score"}},"footnotes":""},"class_list":["post-6719","page","type-page","status-publish","hentry"],"_links":{"self":[{"href":"https:\/\/verloskundigenpraktijkmargriet.nl\/pl\/wp-json\/wp\/v2\/pages\/6719","targetHints":{"allow":["GET"]}}],"collection":[{"href":"https:\/\/verloskundigenpraktijkmargriet.nl\/pl\/wp-json\/wp\/v2\/pages"}],"about":[{"href":"https:\/\/verloskundigenpraktijkmargriet.nl\/pl\/wp-json\/wp\/v2\/types\/page"}],"author":[{"embeddable":true,"href":"https:\/\/verloskundigenpraktijkmargriet.nl\/pl\/wp-json\/wp\/v2\/users\/5"}],"replies":[{"embeddable":true,"href":"https:\/\/verloskundigenpraktijkmargriet.nl\/pl\/wp-json\/wp\/v2\/comments?post=6719"}],"version-history":[{"count":0,"href":"https:\/\/verloskundigenpraktijkmargriet.nl\/pl\/wp-json\/wp\/v2\/pages\/6719\/revisions"}],"wp:attachment":[{"href":"https:\/\/verloskundigenpraktijkmargriet.nl\/pl\/wp-json\/wp\/v2\/media?parent=6719"}],"curies":[{"name":"wp","href":"https:\/\/api.w.org\/{rel}","templated":true}]}}