{"id":5459,"date":"2025-09-10T09:46:45","date_gmt":"2025-09-10T08:46:45","guid":{"rendered":"https:\/\/verloskundigenpraktijkmargriet.nl\/32-37-tygodni\/"},"modified":"2025-11-02T21:36:07","modified_gmt":"2025-11-02T20:36:07","slug":"32-37-tygodni","status":"publish","type":"page","link":"https:\/\/verloskundigenpraktijkmargriet.nl\/pl\/32-37-tygodni\/","title":{"rendered":"32-37 Tygodni"},"content":{"rendered":"<p>[et_pb_section fb_built=&#8221;1&#8243; next_background_color=&#8221;#ffffff&#8221; _builder_version=&#8221;4.27.4&#8243; use_background_color_gradient=&#8221;on&#8221; background_color_gradient_stops=&#8221;rgba(0,0,0,0.18) 0%|rgba(0,0,0,0.18) 100%&#8221; background_color_gradient_overlays_image=&#8221;on&#8221; background_image=&#8221;https:\/\/verloskundigenpraktijkmargriet.nl\/wp-content\/uploads\/2022\/11\/newborn-baby-feet-on-creamy-blanket-mom-and-her-c-2021-08-26-20-11-48-utc-scaled-1.jpg&#8221; custom_padding=&#8221;25px||25px||true|false&#8221; bottom_divider_style=&#8221;asymmetric4&#8243; global_colors_info=&#8221;{}&#8221;][et_pb_row use_custom_gutter=&#8221;on&#8221; gutter_width=&#8221;2&#8243; make_equal=&#8221;on&#8221; _builder_version=&#8221;4.18.1&#8243; width=&#8221;98%&#8221; width_tablet=&#8221;90%&#8221; width_phone=&#8221;90%&#8221; width_last_edited=&#8221;on|tablet&#8221; max_width=&#8221;1170px&#8221; max_width_tablet=&#8221;90%&#8221; max_width_phone=&#8221;90%&#8221; max_width_last_edited=&#8221;on|tablet&#8221; custom_margin_tablet=&#8221;120px||||false|false&#8221; custom_margin_phone=&#8221;120px||||false|false&#8221; custom_margin_last_edited=&#8221;on|tablet&#8221; global_colors_info=&#8221;{}&#8221;][et_pb_column type=&#8221;4_4&#8243; _builder_version=&#8221;4.16&#8243; custom_padding=&#8221;|||&#8221; global_colors_info=&#8221;{}&#8221; custom_padding__hover=&#8221;|||&#8221;][et_pb_text _builder_version=&#8221;4.27.4&#8243; text_font=&#8221;|||||on|||&#8221; text_text_color=&#8221;#ffffff&#8221; text_font_size=&#8221;20px&#8221; header_font=&#8221;Playfair Display|||on|||||&#8221; header_text_color=&#8221;#ffffff&#8221; header_font_size=&#8221;50px&#8221; header_letter_spacing=&#8221;3px&#8221; header_line_height=&#8221;1.5em&#8221; header_2_text_color=&#8221;#FFFFFF&#8221; header_2_font_size=&#8221;45px&#8221; text_orientation=&#8221;center&#8221; max_width=&#8221;800px&#8221; module_alignment=&#8221;center&#8221; custom_padding=&#8221;53px||&#8221; header_font_size_tablet=&#8221;&#8221; header_font_size_phone=&#8221;25px&#8221; header_font_size_last_edited=&#8221;on|phone&#8221; global_colors_info=&#8221;{}&#8221;]<\/p>\n<h2 class=\"site-title\">PRAKTYKA PO\u0141O\u017bNICZA MARGRIET<\/h2>\n<p class=\"site-description\">32-37 Tygodni<\/p>\n<p>[\/et_pb_text][et_pb_divider color=&#8221;#ffffff&#8221; _builder_version=&#8221;4.18.0&#8243; _module_preset=&#8221;default&#8221; global_colors_info=&#8221;{}&#8221;][\/et_pb_divider][et_pb_menu menu_id=&#8221;44&#8243; active_link_color=&#8221;#ffffff&#8221; dropdown_menu_line_color=&#8221;#993300&#8243; dropdown_menu_text_color=&#8221;#000000&#8243; dropdown_menu_active_link_color=&#8221;#993300&#8243; mobile_menu_text_color=&#8221;#000000&#8243; disabled_on=&#8221;on|on|off&#8221; _builder_version=&#8221;4.19.0&#8243; _module_preset=&#8221;default&#8221; menu_font=&#8221;|||||on|||&#8221; menu_text_color=&#8221;#ffffff&#8221; menu_font_size=&#8221;17px&#8221; background_enable_color=&#8221;off&#8221; positioning=&#8221;relative&#8221; text_orientation=&#8221;center&#8221; width=&#8221;100%&#8221; global_colors_info=&#8221;{}&#8221;][\/et_pb_menu][\/et_pb_column][\/et_pb_row][\/et_pb_section][et_pb_section fb_built=&#8221;1&#8243; admin_label=&#8221;Header&#8221; _builder_version=&#8221;4.18.1&#8243; _module_preset=&#8221;default&#8221; background_enable_color=&#8221;off&#8221; background_image=&#8221;https:\/\/verloskundigenpraktijkmargriet.nl\/wp-content\/uploads\/2022\/11\/wed-bg-1.png&#8221; background_size=&#8221;contain&#8221; overflow-x=&#8221;hidden&#8221; overflow-y=&#8221;hidden&#8221; custom_padding=&#8221;50px||50px||true|false&#8221; global_colors_info=&#8221;{}&#8221;][et_pb_row column_structure=&#8221;1_4,3_4&#8243; _builder_version=&#8221;4.18.1&#8243; _module_preset=&#8221;default&#8221; width=&#8221;90%&#8221; max_width=&#8221;1400px&#8221; module_alignment=&#8221;center&#8221; hover_enabled=&#8221;0&#8243; locked=&#8221;off&#8221; global_colors_info=&#8221;{}&#8221; sticky_enabled=&#8221;0&#8243;][et_pb_column type=&#8221;1_4&#8243; _builder_version=&#8221;4.18.1&#8243; _module_preset=&#8221;default&#8221; global_colors_info=&#8221;{}&#8221;][et_pb_text disabled_on=&#8221;on|on|off&#8221; _builder_version=&#8221;4.27.4&#8243; _module_preset=&#8221;default&#8221; link_font=&#8221;|600||||on|||&#8221; link_text_color=&#8221;#000000&#8243; link_font_size=&#8221;16px&#8221; ul_text_color=&#8221;#ffffff&#8221; header_font=&#8221;|||on|||||&#8221; header_font_size=&#8221;22px&#8221; background_color=&#8221;rgba(214,185,148,0.87)&#8221; background_enable_image=&#8221;off&#8221; background_size=&#8221;contain&#8221; background_position=&#8221;bottom_center&#8221; custom_padding=&#8221;20px|10px|20px|10px|true|true&#8221; sticky_position=&#8221;top&#8221; sticky_offset_top=&#8221;40px&#8221; hover_enabled=&#8221;0&#8243; border_radii=&#8221;on|15px|15px|15px|15px&#8221; box_shadow_style=&#8221;preset1&#8243; locked=&#8221;off&#8221; global_colors_info=&#8221;{}&#8221; sticky_enabled=&#8221;0&#8243;]<\/p>\n<h2><span style=\"color: #993300;\"><strong>Na tej stronie<\/strong><\/span><\/h2>\n<p>&nbsp;<\/p>\n<ul>\n<li><a href=\"#beva\">Plan porodu<\/a><\/li>\n<li><a href=\"#groe\">USG wzrostu lub po\u0142o\u017cenia p\u0142odu<\/a><\/li>\n<\/ul>\n<p>[\/et_pb_text][\/et_pb_column][et_pb_column type=&#8221;3_4&#8243; _builder_version=&#8221;4.18.1&#8243; _module_preset=&#8221;default&#8221; global_colors_info=&#8221;{}&#8221;][et_pb_text _builder_version=&#8221;4.18.1&#8243; _module_preset=&#8221;e598b17a-9229-42f6-b238-019d6094332e&#8221; header_font=&#8221;|700||||on|||&#8221; header_text_color=&#8221;#000000&#8243; header_font_size=&#8221;40px&#8221; header_line_height=&#8221;1.1em&#8221; custom_margin=&#8221;3px||10px||false|false&#8221; custom_padding_tablet=&#8221;&#8221; custom_padding_phone=&#8221;|5px||5px|false|true&#8221; custom_padding_last_edited=&#8221;on|phone&#8221; header_font_size_tablet=&#8221;50px&#8221; header_font_size_phone=&#8221;30px&#8221; header_font_size_last_edited=&#8221;on|phone&#8221; header_line_height_tablet=&#8221;1.2em&#8221; header_line_height_phone=&#8221;1.2em&#8221; header_line_height_last_edited=&#8221;on|desktop&#8221; locked=&#8221;off&#8221; global_colors_info=&#8221;{}&#8221;]<\/p>\n<h1><span style=\"color: #993300;\">32-37 Tygodni<\/span><\/h1>\n<p>[\/et_pb_text][et_pb_text _builder_version=&#8221;4.18.1&#8243; text_font=&#8221;|300|||||||&#8221; text_text_color=&#8221;#000000&#8243; text_font_size=&#8221;16px&#8221; text_line_height=&#8221;1.8em&#8221; header_font=&#8221;Yeseva One||||||||&#8221; header_text_color=&#8221;#3c1c20&#8243; header_font_size=&#8221;47px&#8221; header_line_height=&#8221;1.2em&#8221; text_orientation=&#8221;justified&#8221; custom_margin=&#8221;||||false|false&#8221; custom_padding=&#8221;|50px|||false|false&#8221; custom_padding_tablet=&#8221;|50px|||false|false&#8221; custom_padding_phone=&#8221;|5px||5px|false|true&#8221; custom_padding_last_edited=&#8221;on|phone&#8221; locked=&#8221;off&#8221; global_colors_info=&#8221;{}&#8221;]<\/p>\n<p><span>Trzeci i ostatni trymestr rozpocz\u0105\u0142 si\u0119 ju\u017c kilka tygodni temu. Twoje dziecko ro\u015bnie teraz szybko i mo\u017ce przybra\u0107 na wadze od jednego do dw\u00f3ch kilogram\u00f3w w ostatnich tygodniach. Szybko zauwa\u017cysz to po swoim brzuchu, kt\u00f3ry teraz intensywnie ro\u015bnie. Czujesz ruchy dziecka ka\u017cdego dnia, przez co mo\u017ce by\u0107 ci fizycznie trudniej. Mo\u017cesz odczuwa\u0107 b\u00f3l wi\u0119zade\u0142 lub cz\u0119\u015bciej do\u015bwiadcza\u0107 twardnienia brzucha. Dodatkowo, dziecko zaczyna si\u0119 opuszcza\u0107, co mo\u017ce powodowa\u0107 k\u0142uj\u0105cy b\u00f3l.      <br \/>W tym okresie b\u0119dziesz nas odwiedza\u0107 co dwa tygodnie. Om\u00f3wimy twoje \u017cyczenia i oczekiwania dotycz\u0105ce porodu, gdzie chcesz rodzi\u0107 i w jaki spos\u00f3b. <br \/><\/span><\/p>\n<p>[\/et_pb_text][\/et_pb_column][\/et_pb_row][et_pb_row column_structure=&#8221;1_4,1_4,1_2&#8243; _builder_version=&#8221;4.19.0&#8243; _module_preset=&#8221;default&#8221; width=&#8221;90%&#8221; max_width=&#8221;1400px&#8221; module_alignment=&#8221;center&#8221; locked=&#8221;off&#8221; global_colors_info=&#8221;{}&#8221;][et_pb_column type=&#8221;1_4&#8243; _builder_version=&#8221;4.18.1&#8243; _module_preset=&#8221;default&#8221; global_colors_info=&#8221;{}&#8221;][\/et_pb_column][et_pb_column type=&#8221;1_4&#8243; _builder_version=&#8221;4.19.0&#8243; _module_preset=&#8221;default&#8221; global_colors_info=&#8221;{}&#8221;][et_pb_text module_id=&#8221;beva&#8221; _builder_version=&#8221;4.27.4&#8243; text_font=&#8221;|300|||||||&#8221; text_text_color=&#8221;#000000&#8243; text_font_size=&#8221;16px&#8221; text_line_height=&#8221;1.8em&#8221; header_font=&#8221;Yeseva One||||||||&#8221; header_text_color=&#8221;#3c1c20&#8243; header_font_size=&#8221;47px&#8221; header_line_height=&#8221;1.2em&#8221; header_3_font=&#8221;|600||||on|||&#8221; text_orientation=&#8221;justified&#8221; custom_margin=&#8221;||||false|false&#8221; locked=&#8221;off&#8221; global_colors_info=&#8221;{}&#8221;]<\/p>\n<h2 class=\"western\"><span style=\"color: #993300;\">Plan porodu<\/span><\/h2>\n<p>Oko\u0142o 32. tygodnia ci\u0105\u017cy wyja\u015bnimy ci wszystko i poprosimy o napisanie planu porodu. Pisz\u0105c plan porodu, mo\u017cesz jasno okre\u015bli\u0107 swoje \u017cyczenia dotycz\u0105ce porodu oraz to, co ci odpowiada, a co nie. Zaznaczasz r\u00f3wnie\u017c, gdzie najch\u0119tniej chcia\u0142aby\u015b rodzi\u0107.  <\/p>\n<p>W Hadze mamy szeroki wyb\u00f3r mo\u017cliwo\u015bci, ale oczywi\u015bcie mo\u017cesz te\u017c rodzi\u0107 w domu. Je\u015bli zdecydujesz si\u0119 na to ostatnie, opieka po\u0142o\u017cnicza om\u00f3wi z tob\u0105 wszystkie niezb\u0119dne przygotowania. <\/p>\n<p>&nbsp;<\/p>\n<p>[\/et_pb_text][\/et_pb_column][et_pb_column type=&#8221;1_2&#8243; _builder_version=&#8221;4.19.0&#8243; _module_preset=&#8221;default&#8221; custom_css_main_element=&#8221;width: 40% !important;&#8221; global_colors_info=&#8221;{}&#8221; custom_css_main_element_last_edited=&#8221;on|tablet&#8221; custom_css_main_element_phone=&#8221;width: 100% !important;&#8221; custom_css_main_element_tablet=&#8221;width: 100% !important;&#8221;][et_pb_image src=&#8221;https:\/\/verloskundigenpraktijkmargriet.nl\/wp-content\/uploads\/2022\/11\/badbevalling-.jpg&#8221; title_text=&#8221;por\u00f3d w wodzie&#8221; _builder_version=&#8221;4.19.0&#8243; _module_preset=&#8221;default&#8221; global_colors_info=&#8221;{}&#8221;][\/et_pb_image][\/et_pb_column][\/et_pb_row][et_pb_row column_structure=&#8221;1_4,3_4&#8243; _builder_version=&#8221;4.18.1&#8243; _module_preset=&#8221;default&#8221; width=&#8221;90%&#8221; max_width=&#8221;1400px&#8221; module_alignment=&#8221;center&#8221; custom_padding=&#8221;||0px|||&#8221; locked=&#8221;off&#8221; global_colors_info=&#8221;{}&#8221;][et_pb_column type=&#8221;1_4&#8243; _builder_version=&#8221;4.18.1&#8243; _module_preset=&#8221;default&#8221; global_colors_info=&#8221;{}&#8221;][\/et_pb_column][et_pb_column type=&#8221;3_4&#8243; _builder_version=&#8221;4.18.1&#8243; _module_preset=&#8221;default&#8221; global_colors_info=&#8221;{}&#8221;][et_pb_text module_id=&#8221;groe&#8221; _builder_version=&#8221;4.19.0&#8243; text_font=&#8221;|300|||||||&#8221; text_text_color=&#8221;#000000&#8243; text_font_size=&#8221;16px&#8221; text_line_height=&#8221;1.8em&#8221; header_font=&#8221;Yeseva One||||||||&#8221; header_text_color=&#8221;#3c1c20&#8243; header_font_size=&#8221;47px&#8221; header_line_height=&#8221;1.2em&#8221; header_3_font=&#8221;|600||||on|||&#8221; text_orientation=&#8221;justified&#8221; min_height=&#8221;357.2px&#8221; custom_margin=&#8221;50px||||false|false&#8221; locked=&#8221;off&#8221; global_colors_info=&#8221;{}&#8221;]<\/p>\n<h3 class=\"western\"><span style=\"color: #993300;\"> <\/span><\/h3>\n<p>Mo\u017cesz te\u017c wybra\u0107 szpital HMC Westeinde lub Haga. W obu szpitalach b\u0119dziesz rodzi\u0107 z nami i po\u0142o\u017cn\u0105. Tylko w wyj\u0105tkowych przypadkach mogliby\u015bmy potrzebowa\u0107 przenie\u015b\u0107 si\u0119 do jednego z okolicznych szpitali, ale nawet wtedy b\u0119dziemy ci towarzyszy\u0107.  <\/p>\n<p>Stw\u00f3rz plan porodu tak prosty i jasny, jak to mo\u017cliwe. W ten spos\u00f3b b\u0119dzie on zrozumia\u0142y dla wszystkich innych pracownik\u00f3w s\u0142u\u017cby zdrowia, kt\u00f3rzy b\u0119d\u0105 obecni przy twoim porodzie. Oko\u0142o 34. tygodnia om\u00f3wimy plan porodu razem.  <\/p>\n<p>Zobacz poni\u017csze linki, aby przygotowa\u0107 si\u0119 do planu porodu:<\/p>\n<ul>\n<li style=\"list-style-type: none;\">\n<ul>\n<li><a href=\"https:\/\/deverloskundige.nl\/over-de-verloskundige\/subtekstpagina\/185\/bevallen-hoe-bereid-je-je-voor\" target=\"_blank\" rel=\"noopener\">Jak przygotowa\u0107 si\u0119 do porodu<\/a><\/li>\n<li><a href=\"https:\/\/deverloskundige.nl\/nieuws\/artikel\/krachtige-verhalen-over-zwangerschap-en-geboorte\/333\" target=\"_blank\" rel=\"noopener\">Historie z praktyki<\/a><\/li>\n<li><a href=\"https:\/\/deverloskundige.nl\/over-de-verloskundige\/subtekstpagina\/186\/bevallingshoudingen\/\" target=\"_blank\" rel=\"noopener\">Kt\u00f3ra pozycja jest dla ciebie odpowiednia<\/a><\/li>\n<li><a href=\"https:\/\/deverloskundige.nl\/over-de-verloskundige\/subtekstpagina\/187\/bevallingspijn\/\" target=\"_blank\" rel=\"noopener\">Jak radzi\u0107 sobie z b\u00f3lem?<\/a><\/li>\n<\/ul>\n<\/li>\n<\/ul>\n<p>[\/et_pb_text][\/et_pb_column][\/et_pb_row][et_pb_row column_structure=&#8221;1_4,3_4&#8243; _builder_version=&#8221;4.18.1&#8243; _module_preset=&#8221;default&#8221; width=&#8221;90%&#8221; max_width=&#8221;1400px&#8221; module_alignment=&#8221;center&#8221; min_height=&#8221;470.8px&#8221; custom_padding=&#8221;10px|||||&#8221; locked=&#8221;off&#8221; global_colors_info=&#8221;{}&#8221;][et_pb_column type=&#8221;1_4&#8243; _builder_version=&#8221;4.18.1&#8243; _module_preset=&#8221;default&#8221; global_colors_info=&#8221;{}&#8221;][\/et_pb_column][et_pb_column type=&#8221;3_4&#8243; _builder_version=&#8221;4.18.1&#8243; _module_preset=&#8221;default&#8221; global_colors_info=&#8221;{}&#8221;][et_pb_text module_id=&#8221;groe&#8221; _builder_version=&#8221;4.27.4&#8243; text_font=&#8221;|300|||||||&#8221; text_text_color=&#8221;#000000&#8243; text_font_size=&#8221;16px&#8221; text_line_height=&#8221;1.8em&#8221; header_font=&#8221;Yeseva One||||||||&#8221; header_text_color=&#8221;#3c1c20&#8243; header_font_size=&#8221;47px&#8221; header_line_height=&#8221;1.2em&#8221; header_3_font=&#8221;|600||||on|||&#8221; text_orientation=&#8221;justified&#8221; min_height=&#8221;372.8px&#8221; custom_margin=&#8221;50px||||false|false&#8221; locked=&#8221;off&#8221; global_colors_info=&#8221;{}&#8221;]<\/p>\n<h2 class=\"western\"><span style=\"color: #993300;\">USG wzrostu lub po\u0142o\u017cenia p\u0142odu<\/span><\/h2>\n<p>W trzecim trymestrze mo\u017ce zaistnie\u0107 potrzeba wykonania USG wzrostu. Czasami wynika to z okre\u015blonej \u015bcie\u017cki opieki, kt\u00f3r\u0105 ustalili\u015bmy na pocz\u0105tku ci\u0105\u017cy. W innych przypadkach mo\u017ce to by\u0107 spowodowane naszymi w\u0105tpliwo\u015bciami co do wzrostu dziecka. Na przyk\u0142ad, podczas badania zewn\u0119trznego mo\u017cemy podejrzewa\u0107, \u017ce dziecko jest nieco za du\u017ce lub za ma\u0142e i chcemy to potwierdzi\u0107 USG wzrostu. USG nigdy nie daje 100% gwarancji, ale jest dok\u0142adniejsze ni\u017c badanie zewn\u0119trzne.<br \/>Mo\u017ce si\u0119 te\u017c zdarzy\u0107, \u017ce nie jeste\u015bmy w 100% pewni, czy g\u0142\u00f3wka dziecka znajduje si\u0119 na dole. Niekt\u00f3re dzieci (tylko trzy do czterech procent) wci\u0105\u017c le\u017c\u0105 g\u0142\u00f3wk\u0105 do g\u00f3ry w macicy. Nazywamy to po\u0142o\u017ceniem miednicowym i mo\u017ce to powodowa\u0107 problemy podczas porodu. Gdy na USG zobaczymy, \u017ce g\u0142\u00f3wka znajduje si\u0119 w g\u00f3rnej cz\u0119\u015bci macicy, om\u00f3wimy z wami mo\u017cliwo\u015b\u0107 obr\u00f3cenia dziecka. Nazywamy to <a href=\"https:\/\/deverloskundige.nl\/zwangerschap\/tekstpagina\/62\/uitwendige-versie\/\" target=\"_blank\" rel=\"noopener\">wersj\u0105 zewn\u0119trzn\u0105<\/a>. Te zabiegi wykonuje si\u0119 w szpitalu. W zale\u017cno\u015bci od ilo\u015bci w\u00f3d p\u0142odowych, lokalizacji \u0142o\u017cyska oraz tego, czy to pierwsze czy drugie dziecko, wska\u017anik powodzenia wynosi oko\u0142o 40-50%.          <\/p>\n<p>[\/et_pb_text][\/et_pb_column][\/et_pb_row][et_pb_row column_structure=&#8221;1_4,1_4,1_2&#8243; _builder_version=&#8221;4.19.0&#8243; _module_preset=&#8221;default&#8221; width=&#8221;90%&#8221; width_tablet=&#8221;&#8221; width_phone=&#8221;98%&#8221; width_last_edited=&#8221;on|phone&#8221; max_width=&#8221;1400px&#8221; module_alignment=&#8221;center&#8221; global_colors_info=&#8221;{}&#8221;][et_pb_column type=&#8221;1_4&#8243; disabled_on=&#8221;on|on|off&#8221; _builder_version=&#8221;4.19.0&#8243; _module_preset=&#8221;default&#8221; global_colors_info=&#8221;{}&#8221; custom_css_main_element_last_edited=&#8221;on|tablet&#8221; custom_css_main_element_tablet=&#8221;width: 0% !important;&#8221; custom_css_main_element_phone=&#8221;width: 0% !important;&#8221;][\/et_pb_column][et_pb_column type=&#8221;1_4&#8243; _builder_version=&#8221;4.19.0&#8243; _module_preset=&#8221;default&#8221; global_colors_info=&#8221;{}&#8221; custom_css_main_element_last_edited=&#8221;on|tablet&#8221; custom_css_main_element_tablet=&#8221;width: 50% !important;&#8221; custom_css_main_element_phone=&#8221;width: 50% !important;&#8221;][et_pb_button button_url=&#8221;https:\/\/verloskundigenpraktijkmargriet.nl\/pl\/24-32-tygodnie\/&#8221; button_text=&#8221;24-32 Tygodnie&#8221; button_alignment=&#8221;left&#8221; _builder_version=&#8221;4.19.0&#8243; _module_preset=&#8221;default&#8221; custom_button=&#8221;on&#8221; button_text_color=&#8221;#993300&#8243; button_border_width=&#8221;0px&#8221; button_font=&#8221;|||||on|||&#8221; button_icon=&#8221;&#x23;||divi||400&#8243; button_icon_placement=&#8221;left&#8221; button_on_hover=&#8221;off&#8221; global_colors_info=&#8221;{}&#8221; button_bg_color__hover_enabled=&#8221;on|hover&#8221; button_bg_color__hover=&#8221;RGBA(255,255,255,0)&#8221; button_bg_enable_color__hover=&#8221;on&#8221;][\/et_pb_button][\/et_pb_column][et_pb_column type=&#8221;1_2&#8243; _builder_version=&#8221;4.19.0&#8243; _module_preset=&#8221;default&#8221; global_colors_info=&#8221;{}&#8221; custom_css_main_element_last_edited=&#8221;on|tablet&#8221; custom_css_main_element_tablet=&#8221;width: 33.3% !important;&#8221; custom_css_main_element_phone=&#8221;width: 50% !important;&#8221;][et_pb_button button_url=&#8221;https:\/\/verloskundigenpraktijkmargriet.nl\/pl\/37-42-tygodnie\/&#8221; button_text=&#8221;37-42 Tygodnie&#8221; button_alignment=&#8221;right&#8221; _builder_version=&#8221;4.19.0&#8243; _module_preset=&#8221;default&#8221; custom_button=&#8221;on&#8221; button_text_color=&#8221;#993300&#8243; button_border_width=&#8221;0px&#8221; button_font=&#8221;|||||on|||&#8221; button_icon=&#8221;&#x24;||divi||400&#8243; button_on_hover=&#8221;off&#8221; global_colors_info=&#8221;{}&#8221; button_bg_color__hover_enabled=&#8221;on|hover&#8221; button_bg_color__hover=&#8221;RGBA(255,255,255,0)&#8221; button_bg_enable_color__hover=&#8221;on&#8221;][\/et_pb_button][\/et_pb_column][\/et_pb_row][\/et_pb_section]<\/p>\n","protected":false},"excerpt":{"rendered":"<p>PRAKTYKA PO\u0141O\u017bNICZA MARGRIET 32-37 TygodniNa tej stronie &nbsp; Plan porodu USG wzrostu lub po\u0142o\u017cenia p\u0142odu 32-37 TygodniTrzeci i ostatni trymestr rozpocz\u0105\u0142 si\u0119 ju\u017c kilka tygodni temu. Twoje dziecko ro\u015bnie teraz szybko i mo\u017ce przybra\u0107 na wadze od jednego do dw\u00f3ch kilogram\u00f3w w ostatnich tygodniach. Szybko zauwa\u017cysz to po swoim brzuchu, kt\u00f3ry teraz intensywnie ro\u015bnie. Czujesz [&hellip;]<\/p>\n","protected":false},"author":1,"featured_media":0,"parent":0,"menu_order":0,"comment_status":"closed","ping_status":"closed","template":"","meta":{"_et_pb_use_builder":"on","_et_pb_old_content":"","_et_gb_content_width":"","two_page_speed":{"current_score":{"desktop_score":90,"desktop_tti":"0.8\u00a0","mobile_score":88,"mobile_tti":"3.5\u00a0","date":"08.10.2025 08:16:12 pm","status":"completed"}},"footnotes":""},"class_list":["post-5459","page","type-page","status-publish","hentry"],"_links":{"self":[{"href":"https:\/\/verloskundigenpraktijkmargriet.nl\/pl\/wp-json\/wp\/v2\/pages\/5459","targetHints":{"allow":["GET"]}}],"collection":[{"href":"https:\/\/verloskundigenpraktijkmargriet.nl\/pl\/wp-json\/wp\/v2\/pages"}],"about":[{"href":"https:\/\/verloskundigenpraktijkmargriet.nl\/pl\/wp-json\/wp\/v2\/types\/page"}],"author":[{"embeddable":true,"href":"https:\/\/verloskundigenpraktijkmargriet.nl\/pl\/wp-json\/wp\/v2\/users\/1"}],"replies":[{"embeddable":true,"href":"https:\/\/verloskundigenpraktijkmargriet.nl\/pl\/wp-json\/wp\/v2\/comments?post=5459"}],"version-history":[{"count":0,"href":"https:\/\/verloskundigenpraktijkmargriet.nl\/pl\/wp-json\/wp\/v2\/pages\/5459\/revisions"}],"wp:attachment":[{"href":"https:\/\/verloskundigenpraktijkmargriet.nl\/pl\/wp-json\/wp\/v2\/media?parent=5459"}],"curies":[{"name":"wp","href":"https:\/\/api.w.org\/{rel}","templated":true}]}}