{"id":5445,"date":"2025-09-10T09:46:16","date_gmt":"2025-09-10T08:46:16","guid":{"rendered":"https:\/\/verloskundigenpraktijkmargriet.nl\/chec-posiadania-dziecka\/"},"modified":"2025-11-02T21:35:21","modified_gmt":"2025-11-02T20:35:21","slug":"chec-posiadania-dziecka","status":"publish","type":"page","link":"https:\/\/verloskundigenpraktijkmargriet.nl\/pl\/chec-posiadania-dziecka\/","title":{"rendered":"Ch\u0119\u0107 posiadania dziecka"},"content":{"rendered":"<p>[et_pb_section fb_built=&#8221;1&#8243; _builder_version=&#8221;4.27.4&#8243; use_background_color_gradient=&#8221;on&#8221; background_color_gradient_stops=&#8221;rgba(0,0,0,0.18) 0%|rgba(0,0,0,0.18) 100%&#8221; background_color_gradient_overlays_image=&#8221;on&#8221; background_color_gradient_start=&#8221;rgba(0,0,0,0.18)&#8221; background_color_gradient_end=&#8221;rgba(0,0,0,0.18)&#8221; background_image=&#8221;https:\/\/verloskundigenpraktijkmargriet.nl\/wp-content\/uploads\/2022\/11\/newborn-baby-feet-on-creamy-blanket-mom-and-her-c-2021-08-26-20-11-48-utc-scaled-1.jpg&#8221; custom_padding=&#8221;25px||10px||false|false&#8221; bottom_divider_color_tablet=&#8221;RGBA(255,255,255,0)&#8221; bottom_divider_color_phone=&#8221;RGBA(255,255,255,0)&#8221; bottom_divider_color_last_edited=&#8221;on|phone&#8221; hover_enabled=&#8221;0&#8243; locked=&#8221;off&#8221; global_colors_info=&#8221;{}&#8221; sticky_enabled=&#8221;0&#8243;][et_pb_row use_custom_gutter=&#8221;on&#8221; gutter_width=&#8221;2&#8243; make_equal=&#8221;on&#8221; _builder_version=&#8221;4.18.1&#8243; width=&#8221;98%&#8221; width_tablet=&#8221;90%&#8221; width_phone=&#8221;90%&#8221; width_last_edited=&#8221;on|tablet&#8221; max_width=&#8221;1170px&#8221; max_width_tablet=&#8221;90%&#8221; max_width_phone=&#8221;90%&#8221; max_width_last_edited=&#8221;on|tablet&#8221; custom_margin_tablet=&#8221;120px||||false|false&#8221; custom_margin_phone=&#8221;120px||||false|false&#8221; custom_margin_last_edited=&#8221;on|tablet&#8221; global_colors_info=&#8221;{}&#8221;][et_pb_column type=&#8221;4_4&#8243; _builder_version=&#8221;4.16&#8243; custom_padding=&#8221;|||&#8221; global_colors_info=&#8221;{}&#8221; custom_padding__hover=&#8221;|||&#8221;][et_pb_text _builder_version=&#8221;4.27.4&#8243; text_font=&#8221;|||||on|||&#8221; text_text_color=&#8221;#FFFFFF&#8221; text_font_size=&#8221;20px&#8221; header_font=&#8221;Playfair Display|||on|||||&#8221; header_text_color=&#8221;#ffffff&#8221; header_font_size=&#8221;50px&#8221; header_letter_spacing=&#8221;3px&#8221; header_line_height=&#8221;1.5em&#8221; text_orientation=&#8221;center&#8221; max_width=&#8221;800px&#8221; module_alignment=&#8221;center&#8221; custom_padding=&#8221;53px||&#8221; hover_enabled=&#8221;0&#8243; header_font_size_tablet=&#8221;&#8221; header_font_size_phone=&#8221;25px&#8221; header_font_size_last_edited=&#8221;on|phone&#8221; global_colors_info=&#8221;{}&#8221; header_2_text_color=&#8221;#FFFFFF&#8221; header_2_font_size=&#8221;45px&#8221; sticky_enabled=&#8221;0&#8243;]<\/p>\n<h2 class=\"site-title\">PRAKTYKA PO\u0141O\u017bNICZA MARGRIET<\/h2>\n<p class=\"site-description\">Ch\u0119\u0107 posiadania dziecka<\/p>\n<p>[\/et_pb_text][et_pb_divider color=&#8221;#ffffff&#8221; _builder_version=&#8221;4.18.0&#8243; _module_preset=&#8221;default&#8221; global_colors_info=&#8221;{}&#8221;][\/et_pb_divider][et_pb_menu menu_id=&#8221;44&#8243; active_link_color=&#8221;#ffffff&#8221; dropdown_menu_line_color=&#8221;#993300&#8243; dropdown_menu_text_color=&#8221;#000000&#8243; dropdown_menu_active_link_color=&#8221;#993300&#8243; mobile_menu_text_color=&#8221;#000000&#8243; disabled_on=&#8221;on|on|off&#8221; _builder_version=&#8221;4.19.0&#8243; _module_preset=&#8221;default&#8221; menu_font=&#8221;|||||on|||&#8221; menu_text_color=&#8221;#ffffff&#8221; menu_font_size=&#8221;17px&#8221; background_enable_color=&#8221;off&#8221; positioning=&#8221;relative&#8221; text_orientation=&#8221;center&#8221; width=&#8221;100%&#8221; global_colors_info=&#8221;{}&#8221;][\/et_pb_menu][\/et_pb_column][\/et_pb_row][\/et_pb_section][et_pb_section fb_built=&#8221;1&#8243; admin_label=&#8221;About&#8221; _builder_version=&#8221;4.18.1&#8243; _module_preset=&#8221;default&#8221; background_image=&#8221;https:\/\/verloskundigenpraktijkmargriet.nl\/wp-content\/uploads\/2022\/11\/wed-bg-3.png&#8221; custom_padding=&#8221;80px||80px||true|false&#8221; locked=&#8221;off&#8221; collapsed=&#8221;on&#8221; global_colors_info=&#8221;{}&#8221;][et_pb_row column_structure=&#8221;1_2,1_2&#8243; make_equal=&#8221;on&#8221; _builder_version=&#8221;4.17.4&#8243; _module_preset=&#8221;default&#8221; global_colors_info=&#8221;{}&#8221;][et_pb_column type=&#8221;1_2&#8243; _builder_version=&#8221;4.17.4&#8243; _module_preset=&#8221;default&#8221; global_colors_info=&#8221;{}&#8221;][et_pb_text _builder_version=&#8221;4.27.4&#8243; _module_preset=&#8221;default&#8221; hover_enabled=&#8221;0&#8243; sticky_enabled=&#8221;0&#8243;]<\/p>\n<p>&nbsp;<\/p>\n<p>&nbsp;<\/p>\n<p>[\/et_pb_text][et_pb_image src=&#8221;https:\/\/verloskundigenpraktijkmargriet.nl\/wp-content\/uploads\/2025\/10\/kinderwens.avif&#8221; title_text=&#8221;ch\u0119\u0107 posiadania dziecka&#8221; align=&#8221;center&#8221; _builder_version=&#8221;4.27.4&#8243; _module_preset=&#8221;default&#8221; width=&#8221;80%&#8221; custom_margin=&#8221;||0px||false|false&#8221; custom_padding=&#8221;||||false|false&#8221; hover_enabled=&#8221;0&#8243; locked=&#8221;off&#8221; global_colors_info=&#8221;{}&#8221; alt=&#8221;ch\u0119\u0107 posiadania dziecka&#8221; sticky_enabled=&#8221;0&#8243;][\/et_pb_image][\/et_pb_column][et_pb_column type=&#8221;1_2&#8243; _builder_version=&#8221;4.17.4&#8243; _module_preset=&#8221;default&#8221; transform_scale_last_edited=&#8221;off|phone&#8221; transform_translate_last_edited=&#8221;off|phone&#8221; transform_rotate_last_edited=&#8221;off|phone&#8221; transform_skew_phone=&#8221;-10deg|0deg&#8221; transform_skew_last_edited=&#8221;off|phone&#8221; transform_origin_last_edited=&#8221;off|phone&#8221; transform_styles_last_edited=&#8221;off|phone&#8221; global_colors_info=&#8221;{}&#8221;][et_pb_text _builder_version=&#8221;4.19.0&#8243; header_font=&#8221;|700||||on|||&#8221; header_text_color=&#8221;#333333&#8243; header_font_size=&#8221;40px&#8221; header_letter_spacing=&#8221;1px&#8221; max_width=&#8221;474px&#8221; custom_margin=&#8221;-18px||&#8221; custom_padding=&#8221;0px|||&#8221; header_font_size_tablet=&#8221;&#8221; header_font_size_phone=&#8221;20px&#8221; header_font_size_last_edited=&#8221;on|phone&#8221; locked=&#8221;off&#8221; global_colors_info=&#8221;{}&#8221;]<\/p>\n<h1><span style=\"color: #993300;\">Ch\u0119\u0107 posiadania dziecka<\/span><\/h1>\n<p>[\/et_pb_text][et_pb_text _builder_version=&#8221;4.19.0&#8243; text_font=&#8221;|300|||||||&#8221; text_text_color=&#8221;#000000&#8243; text_font_size=&#8221;16px&#8221; text_line_height=&#8221;1.8em&#8221; header_font=&#8221;Yeseva One||||||||&#8221; header_text_color=&#8221;#3c1c20&#8243; header_font_size=&#8221;47px&#8221; header_line_height=&#8221;1.2em&#8221; custom_margin=&#8221;-13px||&#8221; locked=&#8221;off&#8221; global_colors_info=&#8221;{}&#8221;]<\/p>\n<p>Ty i tw\u00f3j partner rozmawiali\u015bcie o tym i podj\u0119li\u015bcie decyzj\u0119: chcecie zacz\u0105\u0107 mie\u0107 dzieci. To ekscytuj\u0105cy pierwszy krok! Ale kiedy ju\u017c podejmiesz decyzj\u0119, cz\u0119sto chcesz zaj\u015b\u0107 w ci\u0105\u017c\u0119 jak najszybciej. Niestety nie zawsze idzie to tak szybko. W niekt\u00f3rych przypadkach mo\u017ce min\u0105\u0107 nawet rok, zanim zajdziesz w ci\u0105\u017c\u0119.    <\/p>\n<p>Ka\u017cdego miesi\u0105ca masz oko\u0142o 20% szans na zaj\u015bcie w ci\u0105\u017c\u0119. Masz 35 lat lub wi\u0119cej? Wtedy szanse wynosz\u0105 10%. To brzmi niewiele, ale nie martw si\u0119! Poni\u017cej znajdziesz kilka rzeczy, kt\u00f3re zwi\u0119kszaj\u0105 szanse na zdrowe zaj\u015bcie w ci\u0105\u017c\u0119:    <\/p>\n<ul>\n<li style=\"list-style-type: none;\">\n<ul>\n<li>Zacznij przyjmowa\u0107 kwas foliowy i witamin\u0119 D;<\/li>\n<li>Jedz zdrowo i r\u00f3\u017cnorodnie;<\/li>\n<li>Ruszaj si\u0119 wystarczaj\u0105co;<\/li>\n<li>Przesta\u0144 pali\u0107, pi\u0107 alkohol i u\u017cywa\u0107 narkotyk\u00f3w.<\/li>\n<\/ul>\n<\/li>\n<\/ul>\n<p>[\/et_pb_text][\/et_pb_column][\/et_pb_row][et_pb_row _builder_version=&#8221;4.18.1&#8243; _module_preset=&#8221;default&#8221; global_colors_info=&#8221;{}&#8221;][et_pb_column type=&#8221;4_4&#8243; _builder_version=&#8221;4.18.1&#8243; _module_preset=&#8221;default&#8221; global_colors_info=&#8221;{}&#8221;][et_pb_text _builder_version=&#8221;4.18.1&#8243; text_font=&#8221;|300|||||||&#8221; text_text_color=&#8221;#000000&#8243; text_font_size=&#8221;16px&#8221; text_line_height=&#8221;1.8em&#8221; header_font=&#8221;Yeseva One||||||||&#8221; header_text_color=&#8221;#3c1c20&#8243; header_font_size=&#8221;47px&#8221; header_line_height=&#8221;1.2em&#8221; custom_margin=&#8221;-13px||&#8221; locked=&#8221;off&#8221; global_colors_info=&#8221;{}&#8221;]<\/p>\n<p><span>Masz jak\u0105\u015b chorob\u0119 podstawow\u0105 lub przyjmujesz leki? Wtedy najlepiej skontaktuj si\u0119 z nami lub ze swoim lekarzem rodzinnym. Oferujemy fachowe porady, dzi\u0119ki kt\u00f3rym twoje szanse na zaj\u015bcie w ci\u0105\u017c\u0119 mog\u0105 si\u0119 zwi\u0119kszy\u0107. Wi\u0119cej informacji o zdrowej ci\u0105\u017cy znajdziesz w <u>&#8217;<a href=\"https:\/\/www.strakszwangerworden.nl\/\" target=\"_blank\" rel=\"noopener\">Wkr\u00f3tce zaj\u015bcie w ci\u0105\u017c\u0119<\/a>&#8217;<\/u> lub <u>&#8217;<a href=\"https:\/\/deverloskundige.nl\/zwanger-worden\" target=\"_blank\" rel=\"noopener\">Zaj\u015bcie w ci\u0105\u017c\u0119<\/a>&#8217;<\/u>.   <\/span><\/p>\n<p>[\/et_pb_text][\/et_pb_column][\/et_pb_row][et_pb_row _builder_version=&#8221;4.18.1&#8243; _module_preset=&#8221;default&#8221; global_colors_info=&#8221;{}&#8221;][et_pb_column type=&#8221;4_4&#8243; _builder_version=&#8221;4.18.1&#8243; _module_preset=&#8221;default&#8221; global_colors_info=&#8221;{}&#8221;][et_pb_text _builder_version=&#8221;4.27.4&#8243; text_font=&#8221;|300||||on|||&#8221; text_text_color=&#8221;#000000&#8243; text_font_size=&#8221;22px&#8221; text_line_height=&#8221;1.8em&#8221; header_font=&#8221;Yeseva One||||||||&#8221; header_text_color=&#8221;#3c1c20&#8243; header_font_size=&#8221;47px&#8221; header_line_height=&#8221;1.2em&#8221; custom_margin=&#8221;-13px||&#8221; locked=&#8221;off&#8221; global_colors_info=&#8221;{}&#8221;]<\/p>\n<p><strong><span style=\"color: #993300;\">Planowanie dziecka &#8211; Czasem nie udaje si\u0119 (od razu)<\/span><\/strong><\/p>\n<p>[\/et_pb_text][et_pb_text _builder_version=&#8221;4.18.1&#8243; text_font=&#8221;|300|||||||&#8221; text_text_color=&#8221;#000000&#8243; text_font_size=&#8221;16px&#8221; text_line_height=&#8221;1.8em&#8221; header_font=&#8221;Yeseva One||||||||&#8221; header_text_color=&#8221;#3c1c20&#8243; header_font_size=&#8221;47px&#8221; header_line_height=&#8221;1.2em&#8221; custom_margin=&#8221;-13px||&#8221; locked=&#8221;off&#8221; global_colors_info=&#8221;{}&#8221;]<\/p>\n<p>Je\u015bli po roku pr\u00f3b nie uda\u0142o si\u0119 zaj\u015b\u0107 w ci\u0105\u017c\u0119, mo\u017cesz zdecydowa\u0107 si\u0119 na badania. W tym celu najpierw id\u017a do lekarza rodzinnego. Lekarz rodzinny mo\u017ce oceni\u0107, czy potrzebne jest skierowanie do ginekologa i czy kwalifikujesz si\u0119 do leczenia niep\u0142odno\u015bci. Przeczytaj wi\u0119cej na <a href=\"https:\/\/www.freya.nl\/\" target=\"_blank\" rel=\"noopener\">Freya<\/a>.   <\/p>\n<p><span> <\/span><\/p>\n<p>[\/et_pb_text][\/et_pb_column][\/et_pb_row][et_pb_row _builder_version=&#8221;4.19.0&#8243; _module_preset=&#8221;default&#8221; global_colors_info=&#8221;{}&#8221;][et_pb_column type=&#8221;4_4&#8243; _builder_version=&#8221;4.19.0&#8243; _module_preset=&#8221;default&#8221; global_colors_info=&#8221;{}&#8221;][et_pb_button button_url=&#8221;https:\/\/verloskundigenpraktijkmargriet.nl\/pl\/00-05-tygodni\/&#8221; button_text=&#8221;0-5 tygodni&#8221; button_alignment=&#8221;right&#8221; _builder_version=&#8221;4.19.0&#8243; _module_preset=&#8221;default&#8221; custom_button=&#8221;on&#8221; button_text_color=&#8221;#993300&#8243; button_border_width=&#8221;0px&#8221; button_font=&#8221;|||||on|||&#8221; button_icon=&#8221;&#x24;||divi||400&#8243; button_on_hover=&#8221;off&#8221; global_colors_info=&#8221;{}&#8221; button_bg_color__hover_enabled=&#8221;on|hover&#8221; button_bg_color__hover=&#8221;RGBA(255,255,255,0)&#8221; button_bg_enable_color__hover=&#8221;on&#8221;][\/et_pb_button][\/et_pb_column][\/et_pb_row][\/et_pb_section]<\/p>\n","protected":false},"excerpt":{"rendered":"<p>PRAKTYKA PO\u0141O\u017bNICZA MARGRIET Ch\u0119\u0107 posiadania dziecka&nbsp; &nbsp;Ch\u0119\u0107 posiadania dzieckaTy i tw\u00f3j partner rozmawiali\u015bcie o tym i podj\u0119li\u015bcie decyzj\u0119: chcecie zacz\u0105\u0107 mie\u0107 dzieci. To ekscytuj\u0105cy pierwszy krok! Ale kiedy ju\u017c podejmiesz decyzj\u0119, cz\u0119sto chcesz zaj\u015b\u0107 w ci\u0105\u017c\u0119 jak najszybciej. Niestety nie zawsze idzie to tak szybko. W niekt\u00f3rych przypadkach mo\u017ce min\u0105\u0107 nawet rok, zanim zajdziesz w [&hellip;]<\/p>\n","protected":false},"author":1,"featured_media":0,"parent":0,"menu_order":0,"comment_status":"closed","ping_status":"closed","template":"","meta":{"_et_pb_use_builder":"on","_et_pb_old_content":"","_et_gb_content_width":"","two_page_speed":{"current_score":{"desktop_score":91,"desktop_tti":"0.7\u00a0","mobile_score":83,"mobile_tti":"3.5\u00a0","date":"03.10.2025 10:06:23 pm","status":"error_no_score"}},"footnotes":""},"class_list":["post-5445","page","type-page","status-publish","hentry"],"_links":{"self":[{"href":"https:\/\/verloskundigenpraktijkmargriet.nl\/pl\/wp-json\/wp\/v2\/pages\/5445","targetHints":{"allow":["GET"]}}],"collection":[{"href":"https:\/\/verloskundigenpraktijkmargriet.nl\/pl\/wp-json\/wp\/v2\/pages"}],"about":[{"href":"https:\/\/verloskundigenpraktijkmargriet.nl\/pl\/wp-json\/wp\/v2\/types\/page"}],"author":[{"embeddable":true,"href":"https:\/\/verloskundigenpraktijkmargriet.nl\/pl\/wp-json\/wp\/v2\/users\/1"}],"replies":[{"embeddable":true,"href":"https:\/\/verloskundigenpraktijkmargriet.nl\/pl\/wp-json\/wp\/v2\/comments?post=5445"}],"version-history":[{"count":0,"href":"https:\/\/verloskundigenpraktijkmargriet.nl\/pl\/wp-json\/wp\/v2\/pages\/5445\/revisions"}],"wp:attachment":[{"href":"https:\/\/verloskundigenpraktijkmargriet.nl\/pl\/wp-json\/wp\/v2\/media?parent=5445"}],"curies":[{"name":"wp","href":"https:\/\/api.w.org\/{rel}","templated":true}]}}