{"id":5435,"date":"2025-09-10T09:46:12","date_gmt":"2025-09-10T08:46:12","guid":{"rendered":"https:\/\/verloskundigenpraktijkmargriet.nl\/kontakt\/"},"modified":"2025-11-02T21:34:54","modified_gmt":"2025-11-02T20:34:54","slug":"kontakt","status":"publish","type":"page","link":"https:\/\/verloskundigenpraktijkmargriet.nl\/pl\/kontakt\/","title":{"rendered":"Kontakt"},"content":{"rendered":"<p>[et_pb_section fb_built=&#8221;1&#8243; next_background_color=&#8221;#ffffff&#8221; _builder_version=&#8221;4.27.4&#8243; use_background_color_gradient=&#8221;on&#8221; background_color_gradient_stops=&#8221;rgba(153,51,0,0.2) 0%|rgba(153,51,0,0.2) 100%&#8221; background_color_gradient_overlays_image=&#8221;on&#8221; background_image=&#8221;https:\/\/verloskundigenpraktijkmargriet.nl\/wp-content\/uploads\/2022\/11\/furniture-08.jpg&#8221; custom_padding=&#8221;25px||25px||true|false&#8221; bottom_divider_style=&#8221;ramp&#8221; hover_enabled=&#8221;0&#8243; collapsed=&#8221;on&#8221; global_colors_info=&#8221;{}&#8221; sticky_enabled=&#8221;0&#8243;][et_pb_row use_custom_gutter=&#8221;on&#8221; gutter_width=&#8221;2&#8243; make_equal=&#8221;on&#8221; _builder_version=&#8221;4.18.1&#8243; width=&#8221;98%&#8221; width_tablet=&#8221;90%&#8221; width_phone=&#8221;90%&#8221; width_last_edited=&#8221;on|tablet&#8221; max_width=&#8221;1170px&#8221; max_width_tablet=&#8221;90%&#8221; max_width_phone=&#8221;90%&#8221; max_width_last_edited=&#8221;on|tablet&#8221; custom_margin_tablet=&#8221;120px||||false|false&#8221; custom_margin_phone=&#8221;120px||||false|false&#8221; custom_margin_last_edited=&#8221;on|tablet&#8221; global_colors_info=&#8221;{}&#8221;][et_pb_column type=&#8221;4_4&#8243; _builder_version=&#8221;4.16&#8243; custom_padding=&#8221;|||&#8221; global_colors_info=&#8221;{}&#8221; custom_padding__hover=&#8221;|||&#8221;][et_pb_text _builder_version=&#8221;4.27.4&#8243; text_font=&#8221;|||||on|||&#8221; text_text_color=&#8221;#ffffff&#8221; text_font_size=&#8221;20px&#8221; header_font=&#8221;Playfair Display|||on|||||&#8221; header_text_color=&#8221;#ffffff&#8221; header_font_size=&#8221;50px&#8221; header_letter_spacing=&#8221;3px&#8221; header_line_height=&#8221;1.5em&#8221; text_orientation=&#8221;center&#8221; max_width=&#8221;800px&#8221; module_alignment=&#8221;center&#8221; custom_padding=&#8221;53px||&#8221; hover_enabled=&#8221;0&#8243; header_font_size_tablet=&#8221;&#8221; header_font_size_phone=&#8221;25px&#8221; header_font_size_last_edited=&#8221;on|phone&#8221; global_colors_info=&#8221;{}&#8221; header_2_text_color=&#8221;#FFFFFF&#8221; header_2_font_size=&#8221;45px&#8221; sticky_enabled=&#8221;0&#8243;]<\/p>\n<h2 class=\"site-title\">PRAKTYKA PO\u0141O\u017bNICZA MARGRIET<\/h2>\n<p class=\"site-description\">Kontakt<\/p>\n<p>[\/et_pb_text][et_pb_divider color=&#8221;#ffffff&#8221; _builder_version=&#8221;4.18.0&#8243; _module_preset=&#8221;default&#8221; global_colors_info=&#8221;{}&#8221;][\/et_pb_divider][et_pb_menu menu_id=&#8221;44&#8243; active_link_color=&#8221;#ffffff&#8221; dropdown_menu_line_color=&#8221;#993300&#8243; dropdown_menu_text_color=&#8221;#000000&#8243; dropdown_menu_active_link_color=&#8221;#993300&#8243; mobile_menu_text_color=&#8221;#000000&#8243; disabled_on=&#8221;on|on|off&#8221; _builder_version=&#8221;4.19.0&#8243; _module_preset=&#8221;default&#8221; menu_font=&#8221;|||||on|||&#8221; menu_text_color=&#8221;#ffffff&#8221; menu_font_size=&#8221;17px&#8221; background_enable_color=&#8221;off&#8221; positioning=&#8221;relative&#8221; text_orientation=&#8221;center&#8221; width=&#8221;100%&#8221; global_colors_info=&#8221;{}&#8221;][\/et_pb_menu][\/et_pb_column][\/et_pb_row][\/et_pb_section][et_pb_section fb_built=&#8221;1&#8243; admin_label=&#8221;Contact&#8221; _builder_version=&#8221;4.18.1&#8243; _module_preset=&#8221;default&#8221; background_enable_image=&#8221;off&#8221; background_position=&#8221;top_center&#8221; custom_margin=&#8221;||||false|false&#8221; custom_padding=&#8221;0px||||false|false&#8221; top_divider_flip=&#8221;horizontal|vertical&#8221; locked=&#8221;off&#8221; collapsed=&#8221;on&#8221; global_colors_info=&#8221;{}&#8221;][et_pb_row _builder_version=&#8221;4.27.4&#8243; _module_preset=&#8221;default&#8221; width_tablet=&#8221;&#8221; width_phone=&#8221;95%&#8221; width_last_edited=&#8221;on|phone&#8221; custom_margin=&#8221;80px||||false|false&#8221; locked=&#8221;off&#8221; global_colors_info=&#8221;{}&#8221;][et_pb_column type=&#8221;4_4&#8243; _builder_version=&#8221;4.18.1&#8243; _module_preset=&#8221;default&#8221; global_colors_info=&#8221;{}&#8221;][et_pb_text _builder_version=&#8221;4.27.4&#8243; _module_preset=&#8221;c2849e14-f298-4e85-93bb-b7eb6ec6b099&#8243; header_font=&#8221;|700||||on|||&#8221; header_text_color=&#8221;#333333&#8243; header_font_size=&#8221;60px&#8221; header_letter_spacing=&#8221;1px&#8221; header_line_height=&#8221;1.4em&#8221; module_alignment=&#8221;center&#8221; custom_margin=&#8221;||||false|false&#8221; custom_padding=&#8221;0px|||&#8221; header_font_size_tablet=&#8221;&#8221; header_font_size_phone=&#8221;20px&#8221; header_font_size_last_edited=&#8221;on|phone&#8221; global_colors_info=&#8221;{}&#8221;]<\/p>\n<h1 style=\"text-align: center;\"><span style=\"color: #993300;\">Skontaktuj si\u0119 z nami<\/span><\/h1>\n<p>[\/et_pb_text][et_pb_text _builder_version=&#8221;4.18.1&#8243; text_font=&#8221;|300|||||||&#8221; text_text_color=&#8221;#000000&#8243; text_font_size=&#8221;16px&#8221; text_line_height=&#8221;1.8em&#8221; header_font=&#8221;Yeseva One||||||||&#8221; header_text_color=&#8221;#3c1c20&#8243; header_font_size=&#8221;47px&#8221; header_line_height=&#8221;1.2em&#8221; text_orientation=&#8221;justified&#8221; custom_margin=&#8221;-13px||&#8221; locked=&#8221;off&#8221; global_colors_info=&#8221;{}&#8221;]<\/p>\n<p>Jako po\u0142o\u017cne ch\u0119tnie odpowiemy na Twoje pytania dotycz\u0105ce planowania ci\u0105\u017cy, ci\u0105\u017cy, porodu i po\u0142ogu. Nasza praktyka mie\u015bci si\u0119 w Loosduinen, sk\u0105d wspieramy (przysz\u0142ych) rodzic\u00f3w w regionie Hagi i okolicach. Mamy r\u00f3wnie\u017c multidyscyplinarn\u0105 praktyk\u0119 przy Weimarstraat, gdzie mo\u017cemy wykonywa\u0107 USG i gdzie znajduje si\u0119 baza naszych opiekunek po\u0142o\u017cniczych. Je\u015bli masz jakie\u015b pytania, mo\u017cesz si\u0119 z nami skontaktowa\u0107, korzystaj\u0105c z poni\u017cszych danych kontaktowych! Dla wszystkich, kt\u00f3rzy mieszkaj\u0105 lub pracuj\u0105 w Westland i dla kt\u00f3rych dojazd do Loosduinen lub centrum jest zbyt daleki, mamy lokalizacj\u0119 w Honselersdijk, gdzie ch\u0119tnie si\u0119 z Wami spotkamy.    <\/p>\n<p>Mamy r\u00f3\u017cne lokalizacje w Hadze i w Westland:<\/p>\n<p>[\/et_pb_text][\/et_pb_column][\/et_pb_row][et_pb_row _builder_version=&#8221;4.18.1&#8243; _module_preset=&#8221;default&#8221; background_enable_color=&#8221;off&#8221; width=&#8221;95%&#8221; max_width=&#8221;1400px&#8221; custom_padding=&#8221;5px|20px|5px|20px|true|true&#8221; global_colors_info=&#8221;{}&#8221;][et_pb_column type=&#8221;4_4&#8243; _builder_version=&#8221;4.18.1&#8243; _module_preset=&#8221;default&#8221; global_colors_info=&#8221;{}&#8221;][et_pb_text _builder_version=&#8221;4.27.4&#8243; _module_preset=&#8221;c2849e14-f298-4e85-93bb-b7eb6ec6b099&#8243; header_font=&#8221;|700||||on|||&#8221; header_text_color=&#8221;#333333&#8243; header_font_size=&#8221;60px&#8221; header_letter_spacing=&#8221;1px&#8221; header_line_height=&#8221;1.4em&#8221; module_alignment=&#8221;center&#8221; custom_margin=&#8221;20px||||false|false&#8221; custom_padding=&#8221;0px|||&#8221; header_font_size_tablet=&#8221;&#8221; header_font_size_phone=&#8221;20px&#8221; header_font_size_last_edited=&#8221;on|phone&#8221; global_colors_info=&#8221;{}&#8221;]<\/p>\n<h2 style=\"text-align: center;\"><span style=\"color: #993300;\">Lokalizacje<\/span><\/h2>\n<p>[\/et_pb_text][et_pb_map address=&#8221;Weimarstraat 20, 2562 GX Den Haag, Nederland&#8221; zoom_level=&#8221;12&#8243; address_lat=&#8221;52.076779033802&#8243; address_lng=&#8221;4.2847647987305&#8243; _builder_version=&#8221;4.27.4&#8243; _module_preset=&#8221;default&#8221; global_colors_info=&#8221;{}&#8221;][et_pb_map_pin title=&#8221;Praktyka Po\u0142o\u017cnicza Margriet&#8221; pin_address=&#8221;Weimarstraat 20, 2562 GX Den Haag, Nederland&#8221; pin_address_lat=&#8221;52.0783159&#8243; pin_address_lng=&#8221;4.2860199&#8243; _builder_version=&#8221;4.20.4&#8243; _module_preset=&#8221;default&#8221; global_colors_info=&#8221;{}&#8221;]<\/p>\n<p>Lokalizacja Weimarstraat<\/p>\n<p>[\/et_pb_map_pin][\/et_pb_map][\/et_pb_column][\/et_pb_row][\/et_pb_section][et_pb_section fb_built=&#8221;1&#8243; _builder_version=&#8221;4.19.0&#8243; _module_preset=&#8221;default&#8221; locked=&#8221;off&#8221; global_colors_info=&#8221;{}&#8221;][et_pb_row column_structure=&#8221;1_3,1_3,1_3&#8243; _builder_version=&#8221;4.19.0&#8243; _module_preset=&#8221;default&#8221; global_colors_info=&#8221;{}&#8221;][et_pb_column type=&#8221;1_3&#8243; _builder_version=&#8221;4.19.0&#8243; _module_preset=&#8221;default&#8221; global_colors_info=&#8221;{}&#8221;][et_pb_text _builder_version=&#8221;4.27.4&#8243; _module_preset=&#8221;default&#8221; global_colors_info=&#8221;{}&#8221;]<\/p>\n<h3><span style=\"color: #993300; font-family: inherit;\"><strong>Lokalizacja Weimarstraat<\/strong><\/span><span style=\"color: #993300; font-family: inherit;\"><strong><\/strong><\/span><\/h3>\n<p><span style=\"color: #993300; font-family: inherit;\"><strong>Nasza praktyka w centrum Hagi<\/strong><\/span><\/p>\n<p><strong>Praktyka Po\u0142o\u017cnicza Margriet<br \/>Weimarstraat 20<br \/><\/strong><strong>2562 GX Den Haag<br \/>Tel: +316<span class=\"LrzXr zdqRlf kno-fv\">10260103<\/span><br \/><\/strong><\/p>\n<p><strong><\/strong><\/p>\n<p>&nbsp;<\/p>\n<p><span style=\"color: #993300; font-family: inherit;\"><strong><\/strong><\/span><\/p>\n<p>&nbsp;<\/p>\n<p>[\/et_pb_text][\/et_pb_column][et_pb_column type=&#8221;1_3&#8243; _builder_version=&#8221;4.19.0&#8243; _module_preset=&#8221;default&#8221; global_colors_info=&#8221;{}&#8221;][\/et_pb_column][et_pb_column type=&#8221;1_3&#8243; _builder_version=&#8221;4.19.0&#8243; _module_preset=&#8221;default&#8221; global_colors_info=&#8221;{}&#8221;][\/et_pb_column][\/et_pb_row][\/et_pb_section]<\/p>\n","protected":false},"excerpt":{"rendered":"<p>PRAKTYKA PO\u0141O\u017bNICZA MARGRIET KontaktSkontaktuj si\u0119 z namiJako po\u0142o\u017cne ch\u0119tnie odpowiemy na Twoje pytania dotycz\u0105ce planowania ci\u0105\u017cy, ci\u0105\u017cy, porodu i po\u0142ogu. Nasza praktyka mie\u015bci si\u0119 w Loosduinen, sk\u0105d wspieramy (przysz\u0142ych) rodzic\u00f3w w regionie Hagi i okolicach. Mamy r\u00f3wnie\u017c multidyscyplinarn\u0105 praktyk\u0119 przy Weimarstraat, gdzie mo\u017cemy wykonywa\u0107 USG i gdzie znajduje si\u0119 baza naszych opiekunek po\u0142o\u017cniczych. Je\u015bli masz [&hellip;]<\/p>\n","protected":false},"author":1,"featured_media":0,"parent":0,"menu_order":0,"comment_status":"closed","ping_status":"closed","template":"","meta":{"_et_pb_use_builder":"on","_et_pb_old_content":"","_et_gb_content_width":"","two_page_speed":{"current_score":{"desktop_score":90,"desktop_tti":"0.7\u00a0","mobile_score":89,"mobile_tti":"3.5\u00a0","date":"02.10.2025 09:40:28 pm","status":"error_no_score"}},"footnotes":""},"class_list":["post-5435","page","type-page","status-publish","hentry"],"_links":{"self":[{"href":"https:\/\/verloskundigenpraktijkmargriet.nl\/pl\/wp-json\/wp\/v2\/pages\/5435","targetHints":{"allow":["GET"]}}],"collection":[{"href":"https:\/\/verloskundigenpraktijkmargriet.nl\/pl\/wp-json\/wp\/v2\/pages"}],"about":[{"href":"https:\/\/verloskundigenpraktijkmargriet.nl\/pl\/wp-json\/wp\/v2\/types\/page"}],"author":[{"embeddable":true,"href":"https:\/\/verloskundigenpraktijkmargriet.nl\/pl\/wp-json\/wp\/v2\/users\/1"}],"replies":[{"embeddable":true,"href":"https:\/\/verloskundigenpraktijkmargriet.nl\/pl\/wp-json\/wp\/v2\/comments?post=5435"}],"version-history":[{"count":0,"href":"https:\/\/verloskundigenpraktijkmargriet.nl\/pl\/wp-json\/wp\/v2\/pages\/5435\/revisions"}],"wp:attachment":[{"href":"https:\/\/verloskundigenpraktijkmargriet.nl\/pl\/wp-json\/wp\/v2\/media?parent=5435"}],"curies":[{"name":"wp","href":"https:\/\/api.w.org\/{rel}","templated":true}]}}