{"id":5189,"date":"2023-04-22T22:32:41","date_gmt":"2023-04-22T21:32:41","guid":{"rendered":"https:\/\/verloskundigenpraktijkmargriet.nl\/00-05-tygodni\/"},"modified":"2025-11-02T21:23:15","modified_gmt":"2025-11-02T20:23:15","slug":"00-05-tygodni","status":"publish","type":"page","link":"https:\/\/verloskundigenpraktijkmargriet.nl\/pl\/00-05-tygodni\/","title":{"rendered":"0-5 Tygodni"},"content":{"rendered":"<p>[et_pb_section fb_built=&#8221;1&#8243; _builder_version=&#8221;4.27.4&#8243; use_background_color_gradient=&#8221;on&#8221; background_color_gradient_stops=&#8221;rgba(0,0,0,0.18) 0%|rgba(0,0,0,0.18) 100%&#8221; background_color_gradient_overlays_image=&#8221;on&#8221; background_image=&#8221;https:\/\/verloskundigenpraktijkmargriet.nl\/wp-content\/uploads\/2022\/11\/newborn-baby-feet-on-creamy-blanket-mom-and-her-c-2021-08-26-20-11-48-utc-scaled-1.jpg&#8221; custom_padding=&#8221;35px||35px||true|false&#8221; bottom_divider_style=&#8221;ramp2&#8243; bottom_divider_color=&#8221;#f9f8f2&#8243; locked=&#8221;off&#8221; global_colors_info=&#8221;{}&#8221;][et_pb_row use_custom_gutter=&#8221;on&#8221; gutter_width=&#8221;2&#8243; make_equal=&#8221;on&#8221; _builder_version=&#8221;4.18.1&#8243; width=&#8221;98%&#8221; width_tablet=&#8221;90%&#8221; width_phone=&#8221;90%&#8221; width_last_edited=&#8221;on|tablet&#8221; max_width=&#8221;1170px&#8221; max_width_tablet=&#8221;90%&#8221; max_width_phone=&#8221;90%&#8221; max_width_last_edited=&#8221;on|tablet&#8221; custom_margin_tablet=&#8221;120px||||false|false&#8221; custom_margin_phone=&#8221;120px||||false|false&#8221; custom_margin_last_edited=&#8221;on|tablet&#8221; global_colors_info=&#8221;{}&#8221;][et_pb_column type=&#8221;4_4&#8243; _builder_version=&#8221;4.16&#8243; custom_padding=&#8221;|||&#8221; global_colors_info=&#8221;{}&#8221; custom_padding__hover=&#8221;|||&#8221;][et_pb_text _builder_version=&#8221;4.27.4&#8243; text_font=&#8221;|||||on|||&#8221; text_text_color=&#8221;#ffffff&#8221; text_font_size=&#8221;20px&#8221; header_font=&#8221;Playfair Display|||on|||||&#8221; header_text_color=&#8221;#ffffff&#8221; header_font_size=&#8221;50px&#8221; header_letter_spacing=&#8221;3px&#8221; header_line_height=&#8221;1.5em&#8221; header_2_text_color=&#8221;#FFFFFF&#8221; header_2_font_size=&#8221;45px&#8221; text_orientation=&#8221;center&#8221; max_width=&#8221;800px&#8221; module_alignment=&#8221;center&#8221; custom_padding=&#8221;53px||&#8221; header_font_size_tablet=&#8221;&#8221; header_font_size_phone=&#8221;25px&#8221; header_font_size_last_edited=&#8221;on|phone&#8221; global_colors_info=&#8221;{}&#8221;]<\/p>\n<h2 class=\"site-title\">PRAKTYKA PO\u0141O\u017bNICZA MARGRIET<\/h2>\n<p class=\"site-description\">0-5 tygodni<\/p>\n<p>[\/et_pb_text][et_pb_divider color=&#8221;#ffffff&#8221; _builder_version=&#8221;4.18.0&#8243; _module_preset=&#8221;default&#8221; global_colors_info=&#8221;{}&#8221;][\/et_pb_divider][et_pb_menu menu_id=&#8221;3&#8243; active_link_color=&#8221;#ffffff&#8221; dropdown_menu_line_color=&#8221;#993300&#8243; dropdown_menu_text_color=&#8221;#000000&#8243; dropdown_menu_active_link_color=&#8221;#993300&#8243; mobile_menu_text_color=&#8221;#000000&#8243; disabled_on=&#8221;on|on|off&#8221; _builder_version=&#8221;4.20.4&#8243; _module_preset=&#8221;default&#8221; menu_font=&#8221;|||||on|||&#8221; menu_text_color=&#8221;#ffffff&#8221; menu_font_size=&#8221;17px&#8221; background_enable_color=&#8221;off&#8221; positioning=&#8221;relative&#8221; text_orientation=&#8221;center&#8221; width=&#8221;100%&#8221; global_colors_info=&#8221;{}&#8221;][\/et_pb_menu][\/et_pb_column][\/et_pb_row][\/et_pb_section][et_pb_section fb_built=&#8221;1&#8243; admin_label=&#8221;Header&#8221; _builder_version=&#8221;4.18.1&#8243; use_background_color_gradient=&#8221;on&#8221; background_color_gradient_direction=&#8221;90deg&#8221; background_color_gradient_stops=&#8221;rgba(210,218,228,0.38) 45%|#ffffff 45%&#8221; background_color_gradient_start=&#8221;rgba(210,218,228,0.38)&#8221; background_color_gradient_start_position=&#8221;45%&#8221; background_color_gradient_end=&#8221;#ffffff&#8221; background_color_gradient_end_position=&#8221;45%&#8221; background_image=&#8221;https:\/\/verloskundigenpraktijkmargriet.nl\/wp-content\/uploads\/2022\/11\/wed-bg-3.png&#8221; custom_margin=&#8221;||||false|false&#8221; custom_padding=&#8221;50px|0px|50px|0px|true|false&#8221; global_colors_info=&#8221;{}&#8221;][et_pb_row column_structure=&#8221;1_4,1_2,1_4&#8243; _builder_version=&#8221;4.18.1&#8243; _module_preset=&#8221;default&#8221; width=&#8221;90%&#8221; max_width=&#8221;1400px&#8221; module_alignment=&#8221;center&#8221; global_colors_info=&#8221;{}&#8221;][et_pb_column type=&#8221;1_4&#8243; disabled_on=&#8221;on|on|off&#8221; _builder_version=&#8221;4.18.1&#8243; _module_preset=&#8221;default&#8221; global_colors_info=&#8221;{}&#8221;][et_pb_text _builder_version=&#8221;4.27.4&#8243; _module_preset=&#8221;default&#8221; link_font=&#8221;|600||||on|||&#8221; link_text_color=&#8221;#000000&#8243; link_font_size=&#8221;16px&#8221; ul_text_color=&#8221;#ffffff&#8221; header_font=&#8221;|||on|||||&#8221; header_font_size=&#8221;22px&#8221; background_color=&#8221;rgba(214,185,148,0.87)&#8221; background_enable_image=&#8221;off&#8221; background_size=&#8221;contain&#8221; background_position=&#8221;bottom_center&#8221; custom_padding=&#8221;20px|10px|20px|10px|true|true&#8221; sticky_position=&#8221;top&#8221; sticky_offset_top=&#8221;15px&#8221; hover_enabled=&#8221;0&#8243; border_radii=&#8221;on|15px|15px|15px|15px&#8221; box_shadow_style=&#8221;preset1&#8243; global_colors_info=&#8221;{}&#8221; sticky_enabled=&#8221;0&#8243;]<\/p>\n<h2><span style=\"color: #993300;\"><strong>Na tej stronie<\/strong><\/span><\/h2>\n<p>&nbsp;<\/p>\n<ul>\n<li><a href=\"#afsp\">Um\u00f3w wizyt\u0119<\/a><\/li>\n<li><a href=\"#foli\">Kwas foliowy i witamina D<\/a><\/li>\n<li><a href=\"#voed\">Od\u017cywianie i styl \u017cycia<\/a><\/li>\n<li><a href=\"#bloe\">Krwawienie i poronienie<\/a><\/li>\n<\/ul>\n<p>[\/et_pb_text][\/et_pb_column][et_pb_column type=&#8221;1_2&#8243; _builder_version=&#8221;4.18.1&#8243; _module_preset=&#8221;default&#8221; global_colors_info=&#8221;{}&#8221;][et_pb_text _builder_version=&#8221;4.19.0&#8243; text_font=&#8221;||||||||&#8221; header_font=&#8221;|700||||on|||&#8221; header_font_size=&#8221;40px&#8221; header_line_height=&#8221;1.3em&#8221; header_font_size_tablet=&#8221;50px&#8221; header_font_size_phone=&#8221;40px&#8221; header_font_size_last_edited=&#8221;on|phone&#8221; global_colors_info=&#8221;{}&#8221;]<\/p>\n<h1><span style=\"color: #993300;\">0-5 tygodni<\/span><\/h1>\n<p>[\/et_pb_text][et_pb_text _builder_version=&#8221;4.27.4&#8243; text_font=&#8221;||||||||&#8221; header_font=&#8221;|700||||on|||&#8221; header_font_size=&#8221;40px&#8221; header_line_height=&#8221;1.3em&#8221; header_font_size_tablet=&#8221;50px&#8221; header_font_size_phone=&#8221;40px&#8221; header_font_size_last_edited=&#8221;on|phone&#8221; global_colors_info=&#8221;{}&#8221;]<\/p>\n<h2><span style=\"color: #993300;\">Pozytywny test ci\u0105\u017cowy<\/span><\/h2>\n<p>[\/et_pb_text][et_pb_text _builder_version=&#8221;4.18.1&#8243; text_font=&#8221;|300|||||||&#8221; text_text_color=&#8221;#000000&#8243; text_font_size=&#8221;16px&#8221; text_line_height=&#8221;1.8em&#8221; header_font=&#8221;Yeseva One||||||||&#8221; header_text_color=&#8221;#3c1c20&#8243; header_font_size=&#8221;47px&#8221; header_line_height=&#8221;1.2em&#8221; text_orientation=&#8221;justified&#8221; custom_margin=&#8221;-13px||&#8221; locked=&#8221;off&#8221; global_colors_info=&#8221;{}&#8221;]<\/p>\n<p>Uda\u0142o si\u0119 i jeste\u015b w ci\u0105\u017cy? Gratulacje! Pierwszym sygna\u0142em, \u017ce mo\u017cesz by\u0107 w ci\u0105\u017cy, jest cz\u0119sto brak miesi\u0105czki. Nast\u0119pnie potwierdza to pozytywny test ci\u0105\u017cowy. Czasami trudno w to uwierzy\u0107 i wykonujesz kilka test\u00f3w. To naturalna reakcja, ale mo\u017cesz by\u0107 spokojna: testy ci\u0105\u017cowe dost\u0119pne w sklepach s\u0105 bardzo wiarygodne. W momencie wykonania pozytywnego testu ci\u0105\u017cowego twoje dziecko jest jeszcze bardzo ma\u0142e, wielko\u015bci ziarenka!      <\/p>\n<p>[\/et_pb_text][\/et_pb_column][et_pb_column type=&#8221;1_4&#8243; _builder_version=&#8221;4.18.1&#8243; _module_preset=&#8221;default&#8221; global_colors_info=&#8221;{}&#8221;][et_pb_image src=&#8221;https:\/\/verloskundigenpraktijkmargriet.nl\/wp-content\/uploads\/2022\/11\/wachtkamer.jpg&#8221; title_text=&#8221;poczekalnia&#8221; align=&#8221;center&#8221; _builder_version=&#8221;4.19.0&#8243; _module_preset=&#8221;default&#8221; custom_margin=&#8221;40px||||false|false&#8221; border_radii=&#8221;on|5px|5px|5px|5px&#8221; box_shadow_style=&#8221;preset1&#8243; global_colors_info=&#8221;{}&#8221;][\/et_pb_image][\/et_pb_column][\/et_pb_row][et_pb_row column_structure=&#8221;1_4,3_4&#8243; _builder_version=&#8221;4.18.1&#8243; _module_preset=&#8221;default&#8221; width=&#8221;90%&#8221; max_width=&#8221;1400px&#8221; module_alignment=&#8221;center&#8221; global_colors_info=&#8221;{}&#8221;][et_pb_column type=&#8221;1_4&#8243; disabled_on=&#8221;on|on|off&#8221; _builder_version=&#8221;4.18.1&#8243; _module_preset=&#8221;default&#8221; global_colors_info=&#8221;{}&#8221;][\/et_pb_column][et_pb_column type=&#8221;3_4&#8243; _builder_version=&#8221;4.18.1&#8243; _module_preset=&#8221;default&#8221; global_colors_info=&#8221;{}&#8221;][et_pb_text module_id=&#8221;afsp&#8221; _builder_version=&#8221;4.27.4&#8243; text_font=&#8221;|300|||||||&#8221; text_text_color=&#8221;#000000&#8243; text_font_size=&#8221;16px&#8221; text_line_height=&#8221;1.8em&#8221; header_font=&#8221;Yeseva One||||||||&#8221; header_text_color=&#8221;#3c1c20&#8243; header_font_size=&#8221;47px&#8221; header_line_height=&#8221;1.2em&#8221; header_3_font=&#8221;|600||||on|||&#8221; text_orientation=&#8221;justified&#8221; custom_margin=&#8221;-13px||&#8221; locked=&#8221;off&#8221; global_colors_info=&#8221;{}&#8221;]<\/p>\n<h3 class=\"western\"><span style=\"color: #993300;\">Co dzieje si\u0119 w pierwszych tygodniach?<\/span><\/h3>\n<p class=\"p1\">W po\u0142o\u017cnictwie liczymy od <span class=\"s1\">ostatniej miesi\u0105czki<\/span>. W tych pierwszych tygodniach kalendarzowych nie ma jeszcze zarodka, ale u\u017cywamy tego jako <span class=\"s1\">punktu pocz\u0105tkowego<\/span> do jednolitego liczenia wszystkich termin\u00f3w. <\/p>\n<p class=\"p1\">Podczas <span class=\"s1\">owulacji<\/span> kom\u00f3rka jajowa spotyka si\u0119 z plemnikiem. Zap\u0142odniona kom\u00f3rka jajowa (zygota) w\u0119druje przez kilka dni do macicy i <span class=\"s1\">zagnie\u017cd\u017ca si\u0119<\/span>. W wi\u0119kszo\u015bci zdrowych ci\u0105\u017c zagnie\u017cd\u017cenie nast\u0119puje <span class=\"s1\">8-10 dni po owulacji<\/span>. To normalne, \u017ce wyst\u0119puj\u0105 indywidualne r\u00f3\u017cnice; zagnie\u017cd\u017cenie, kt\u00f3re nast\u0119puje znacznie p\u00f3\u017aniej, cz\u0119\u015bciej wi\u0105\u017ce si\u0119 z wczesnym poronieniem, ale zazwyczaj wszystko przebiega prawid\u0142owo.   <\/p>\n<p class=\"p1\">Po udanym zagnie\u017cd\u017ceniu organizm zaczyna produkowa\u0107 <span class=\"s1\">hCG<\/span>. Ten hormon sprawia, \u017ce <span class=\"s1\">cia\u0142ko \u017c\u00f3\u0142te<\/span> (w jajniku) nadal produkuje progesteron, dzi\u0119ki czemu b\u0142ona \u015bluzowa macicy utrzymuje si\u0119 i <span class=\"s1\">nie wyst\u0119puje miesi\u0105czka<\/span>. Testy ci\u0105\u017cowe zazwyczaj staj\u0105 si\u0119 pozytywne <span class=\"s1\">oko\u0142o lub kr\u00f3tko po spodziewanej miesi\u0105czce<\/span> (czasami ju\u017c od 3-4 tygodnia). Testy krwi mog\u0105 wykry\u0107 hCG wcze\u015bniej i dok\u0142adniej, ale pojedynczy wynik m\u00f3wi niewiele; w razie w\u0105tpliwo\u015bci lekarze wol\u0105 obserwowa\u0107 <span class=\"s1\">trend w ci\u0105gu 48 godzin<\/span>.   <\/p>\n<p class=\"p1\">W 5 tygodniu rozw\u00f3j <span class=\"s1\">uk\u0142adu nerwowego, serca i g\u0142\u00f3wnych narz\u0105d\u00f3w<\/span> nabiera tempa. <span class=\"s1\">Cewka nerwowa<\/span> (m.in. m\u00f3zg i rdze\u0144 kr\u0119gowy) zamyka si\u0119 w <span class=\"s1\">czwartym tygodniu po pocz\u0119ciu<\/span> (oko\u0142o 6 tygodni ci\u0105\u017cy licz\u0105c od ostatniej miesi\u0105czki), dlatego wytyczne zalecaj\u0105 przyjmowanie <span class=\"s1\">kwasu foliowego<\/span> przed i na pocz\u0105tku ci\u0105\u017cy. <span class=\"s1\">Serce<\/span> formuje si\u0119 i zaczyna bi\u0107 <span class=\"s1\">oko\u0142o tego okresu<\/span>, cho\u0107 nie zawsze jest to od razu widoczne na USG.  <\/p>\n<p>[\/et_pb_text][et_pb_text module_id=&#8221;afsp&#8221; _builder_version=&#8221;4.19.0&#8243; text_font=&#8221;|300|||||||&#8221; text_text_color=&#8221;#000000&#8243; text_font_size=&#8221;16px&#8221; text_line_height=&#8221;1.8em&#8221; header_font=&#8221;Yeseva One||||||||&#8221; header_text_color=&#8221;#3c1c20&#8243; header_font_size=&#8221;47px&#8221; header_line_height=&#8221;1.2em&#8221; header_3_font=&#8221;|600||||on|||&#8221; text_orientation=&#8221;justified&#8221; custom_margin=&#8221;-13px||&#8221; locked=&#8221;off&#8221; global_colors_info=&#8221;{}&#8221;]<\/p>\n<h3 class=\"western\"><span style=\"color: #993300;\">Zarejestruj si\u0119 online lub um\u00f3w wizyt\u0119<\/span><\/h3>\n<p>Gdy tylko dowiesz si\u0119, \u017ce jeste\u015b w ci\u0105\u017cy, mo\u017cesz do nas zadzwoni\u0107 lub <a href=\"https:\/\/margriet.uwpraktijkonline.nl\/\" target=\"_blank\" rel=\"noopener\">zarejestrowa\u0107 si\u0119 online<\/a>. Zawsze planujemy pierwsz\u0105 wizyt\u0119 mi\u0119dzy 6 a 7 tygodniem ci\u0105\u017cy. Istnieje r\u00f3wnie\u017c mo\u017cliwo\u015b\u0107 zaplanowania wczesnego USG. Je\u015bli tego chcesz, mo\u017cesz to zaznaczy\u0107 ju\u017c podczas pierwszej rozmowy telefonicznej.<\/p>\n<p>[\/et_pb_text][\/et_pb_column][\/et_pb_row][et_pb_row column_structure=&#8221;1_4,1_4,1_2&#8243; _builder_version=&#8221;4.18.1&#8243; _module_preset=&#8221;default&#8221; width=&#8221;90%&#8221; max_width=&#8221;1400px&#8221; module_alignment=&#8221;center&#8221; global_colors_info=&#8221;{}&#8221;][et_pb_column type=&#8221;1_4&#8243; disabled_on=&#8221;on|on|off&#8221; _builder_version=&#8221;4.18.1&#8243; _module_preset=&#8221;default&#8221; global_colors_info=&#8221;{}&#8221;][\/et_pb_column][et_pb_column type=&#8221;1_4&#8243; _builder_version=&#8221;4.18.1&#8243; _module_preset=&#8221;default&#8221; global_colors_info=&#8221;{}&#8221;][et_pb_image src=&#8221;https:\/\/verloskundigenpraktijkmargriet.nl\/wp-content\/uploads\/2022\/11\/Imag2.png&#8221; title_text=&#8221;Imag2&#8243; url=&#8221;https:\/\/www.pns.nl\/documenten\/folder-zwanger&#8221; url_new_window=&#8221;on&#8221; align=&#8221;center&#8221; _builder_version=&#8221;4.19.0&#8243; _module_preset=&#8221;default&#8221; width=&#8221;100%&#8221; border_radii=&#8221;on|5px|5px|5px|5px&#8221; box_shadow_style=&#8221;preset1&#8243; global_colors_info=&#8221;{}&#8221;][\/et_pb_image][\/et_pb_column][et_pb_column type=&#8221;1_2&#8243; _builder_version=&#8221;4.18.1&#8243; _module_preset=&#8221;default&#8221; global_colors_info=&#8221;{}&#8221;][et_pb_text module_id=&#8221;foli&#8221; _builder_version=&#8221;4.19.0&#8243; text_font=&#8221;|300|||||||&#8221; text_text_color=&#8221;#000000&#8243; text_font_size=&#8221;16px&#8221; text_line_height=&#8221;1.8em&#8221; header_font=&#8221;Yeseva One||||||||&#8221; header_text_color=&#8221;#3c1c20&#8243; header_font_size=&#8221;47px&#8221; header_line_height=&#8221;1.2em&#8221; header_3_font=&#8221;|600||||on|||&#8221; text_orientation=&#8221;justified&#8221; custom_margin=&#8221;20px||60px||false|false&#8221; locked=&#8221;off&#8221; global_colors_info=&#8221;{}&#8221;]<\/p>\n<h3 class=\"western\"><span style=\"color: #993300;\">Kwas foliowy i witamina D<\/span><\/h3>\n<p>Najlepszym momentem na rozpocz\u0119cie przyjmowania kwasu foliowego i witaminy D jest okres, gdy planujesz zaj\u015b\u0107 w ci\u0105\u017c\u0119. Marka nie ma znaczenia, poniewa\u017c wszystkie tabletki z kwasem foliowym i witamin\u0105 D s\u0105 odpowiednie dla ci\u0119\u017carnych. Kwas foliowy zwi\u0119ksza szanse na zdrow\u0105 ci\u0105\u017c\u0119, zmniejszaj\u0105c na przyk\u0142ad ryzyko wyst\u0105pienia wad cewy nerwowej lub czaszki u dziecka. Najlepiej zacz\u0105\u0107 przyjmowanie cztery tygodnie przed zap\u0142odnieniem i kontynuowa\u0107 do 10 tygodni po zap\u0142odnieniu.   <\/p>\n<p>[\/et_pb_text][et_pb_text module_id=&#8221;voed&#8221; _builder_version=&#8221;4.18.1&#8243; text_font=&#8221;|300|||||||&#8221; text_text_color=&#8221;#000000&#8243; text_font_size=&#8221;16px&#8221; text_line_height=&#8221;1.8em&#8221; header_font=&#8221;Yeseva One||||||||&#8221; header_text_color=&#8221;#3c1c20&#8243; header_font_size=&#8221;47px&#8221; header_line_height=&#8221;1.2em&#8221; header_3_font=&#8221;|600||||on|||&#8221; text_orientation=&#8221;justified&#8221; custom_margin=&#8221;-13px||&#8221; locked=&#8221;off&#8221; global_colors_info=&#8221;{}&#8221;]<\/p>\n<h3 class=\"western\"><span style=\"color: #993300;\">Od\u017cywianie i styl \u017cycia<\/span><\/h3>\n<p>Dla prawid\u0142owego rozwoju twojego dziecka wa\u017cne jest, aby prowadzi\u0107 jak najzdrowszy tryb \u017cycia. Oznacza to zaprzestanie palenia, u\u017cywania narkotyk\u00f3w i picia alkoholu. Ponadto zalecamy zdrowe i zr\u00f3\u017cnicowane od\u017cywianie oraz odpowiedni\u0105 ilo\u015b\u0107 ruchu. Dodatkowo mo\u017cesz przyjmowa\u0107 kwas foliowy i witamin\u0119 D. Nie musisz absolutnie je\u015b\u0107 za dwoje, w twoim brzuchu nie ma jeszcze drugiej osoby!    <\/p>\n<p>[\/et_pb_text][\/et_pb_column][\/et_pb_row][et_pb_row column_structure=&#8221;1_4,3_4&#8243; _builder_version=&#8221;4.18.1&#8243; _module_preset=&#8221;default&#8221; width=&#8221;90%&#8221; max_width=&#8221;1400px&#8221; module_alignment=&#8221;center&#8221; global_colors_info=&#8221;{}&#8221;][et_pb_column type=&#8221;1_4&#8243; disabled_on=&#8221;on|on|off&#8221; _builder_version=&#8221;4.18.1&#8243; _module_preset=&#8221;default&#8221; global_colors_info=&#8221;{}&#8221;][\/et_pb_column][et_pb_column type=&#8221;3_4&#8243; _builder_version=&#8221;4.18.1&#8243; _module_preset=&#8221;default&#8221; global_colors_info=&#8221;{}&#8221;][et_pb_text module_id=&#8221;bloe&#8221; _builder_version=&#8221;4.18.1&#8243; text_font=&#8221;|300|||||||&#8221; text_text_color=&#8221;#000000&#8243; text_font_size=&#8221;16px&#8221; text_line_height=&#8221;1.8em&#8221; header_font=&#8221;Yeseva One||||||||&#8221; header_text_color=&#8221;#3c1c20&#8243; header_font_size=&#8221;47px&#8221; header_line_height=&#8221;1.2em&#8221; header_3_font=&#8221;|600||||on|||&#8221; text_orientation=&#8221;justified&#8221; custom_margin=&#8221;-13px||&#8221; locked=&#8221;off&#8221; global_colors_info=&#8221;{}&#8221;]<\/p>\n<h3 class=\"western\"><span style=\"color: #993300;\">Krwawienie i poronienie<\/span><\/h3>\n<p>W pierwszych trzech miesi\u0105cach ci\u0105\u017cy oko\u0142o 1 na 5 kobiet do\u015bwiadcza krwawienia. Na pocz\u0105tku mo\u017ce to by\u0107 spowodowane implantacj\u0105 lub, w najgorszym przypadku, poronieniem. Niestety, 1 na 10 ci\u0105\u017c ko\u0144czy si\u0119 poronieniem. W wi\u0119kszo\u015bci przypadk\u00f3w jest to spowodowane wad\u0105 rozwojow\u0105, kt\u00f3ra uniemo\u017cliwia rozw\u00f3j zarodka. Rzadko jest to problem genetyczny, wi\u0119c nie martw si\u0119 tym. Niezale\u017cnie od tego, w kt\u00f3rym tygodniu ci\u0105\u017cy jeste\u015b, poronienie jest dla wielu kobiet emocjonalnie bolesne. Je\u015bli podejrzewasz poronienie, natychmiast skontaktuj si\u0119 z nami <u>kontakt<\/u>!      <o:p><\/o:p><\/p>\n<p>[\/et_pb_text][et_pb_text module_id=&#8221;afs&#8221; _builder_version=&#8221;4.18.1&#8243; text_font=&#8221;|300|||||||&#8221; text_text_color=&#8221;#000000&#8243; text_font_size=&#8221;16px&#8221; text_line_height=&#8221;1.8em&#8221; header_font=&#8221;Yeseva One||||||||&#8221; header_text_color=&#8221;#3c1c20&#8243; header_font_size=&#8221;47px&#8221; header_line_height=&#8221;1.2em&#8221; header_3_font=&#8221;|600||||on|||&#8221; header_3_font_size=&#8221;30px&#8221; text_orientation=&#8221;justified&#8221; custom_margin=&#8221;-13px||&#8221; custom_padding=&#8221;||0px|||&#8221; locked=&#8221;off&#8221; global_colors_info=&#8221;{}&#8221;]<\/p>\n<p>Podczas poronienia twoje cia\u0142o wydala zarodek. Przypomina to siln\u0105 miesi\u0105czk\u0119. Jest to naturalny proces, ale dla wielu kobiet to traumatyczne wydarzenie. Je\u015bli wyst\u0119puje obfite krwawienie, zawsze skontaktuj si\u0119 z nami. Mo\u017cemy wykona\u0107 USG, aby sprawdzi\u0107 \u017ar\u00f3d\u0142o krwawienia i czy zarodek jest nadal nienaruszony.     <o:p><\/o:p><\/p>\n<p>W przypadku poronienia b\u0119dziemy towarzyszy\u0107 ci w tym procesie, aby uczyni\u0107 go jak najbardziej zno\u015bnym. Wyja\u015bnimy, kiedy powinna\u015b do nas dzwoni\u0107 i przeka\u017cemy ci informacje o przebiegu procesu. Je\u015bli wyst\u0119puje krwawienie po 12<sup>-tym<\/sup> tygodniu ci\u0105\u017cy, zawsze skontaktuj si\u0119 z nami <u>kontakt<\/u>.   <o:p><\/o:p><\/p>\n<p>[\/et_pb_text][\/et_pb_column][\/et_pb_row][et_pb_row column_structure=&#8221;1_4,1_4,1_2&#8243; _builder_version=&#8221;4.19.0&#8243; _module_preset=&#8221;default&#8221; width=&#8221;90%&#8221; width_tablet=&#8221;90%&#8221; width_phone=&#8221;98%&#8221; width_last_edited=&#8221;on|phone&#8221; max_width=&#8221;1400px&#8221; module_alignment=&#8221;center&#8221; global_colors_info=&#8221;{}&#8221;][et_pb_column type=&#8221;1_4&#8243; disabled_on=&#8221;on|on|off&#8221; _builder_version=&#8221;4.19.0&#8243; _module_preset=&#8221;default&#8221; global_colors_info=&#8221;{}&#8221; custom_css_main_element_last_edited=&#8221;on|tablet&#8221; custom_css_main_element_tablet=&#8221;width: 0% !important;&#8221; custom_css_main_element_phone=&#8221;width: 0% !important;&#8221;][\/et_pb_column][et_pb_column type=&#8221;1_4&#8243; _builder_version=&#8221;4.19.0&#8243; _module_preset=&#8221;default&#8221; global_colors_info=&#8221;{}&#8221; custom_css_main_element_last_edited=&#8221;on|tablet&#8221; custom_css_main_element_tablet=&#8221;width: 50% !important;&#8221; custom_css_main_element_phone=&#8221;width: 50% !important;&#8221;][et_pb_button button_url=&#8221;https:\/\/verloskundigenpraktijkmargriet.nl\/pl\/chec-posiadania-dziecka\/&#8221; button_text=&#8221;Ch\u0119\u0107 posiadania dziecka&#8221; button_alignment=&#8221;left&#8221; _builder_version=&#8221;4.19.0&#8243; _module_preset=&#8221;default&#8221; custom_button=&#8221;on&#8221; button_text_color=&#8221;#993300&#8243; button_border_width=&#8221;0px&#8221; button_font=&#8221;|||||on|||&#8221; button_icon=&#8221;&#x23;||divi||400&#8243; button_icon_placement=&#8221;left&#8221; button_on_hover=&#8221;off&#8221; global_colors_info=&#8221;{}&#8221; button_bg_color__hover_enabled=&#8221;on|hover&#8221; button_bg_color__hover=&#8221;RGBA(255,255,255,0)&#8221; button_bg_enable_color__hover=&#8221;on&#8221;][\/et_pb_button][\/et_pb_column][et_pb_column type=&#8221;1_2&#8243; _builder_version=&#8221;4.19.0&#8243; _module_preset=&#8221;default&#8221; global_colors_info=&#8221;{}&#8221; custom_css_main_element_last_edited=&#8221;on|tablet&#8221; custom_css_main_element_tablet=&#8221;width: 33.3% !important;&#8221; custom_css_main_element_phone=&#8221;width: 50% !important;&#8221;][et_pb_button button_url=&#8221;https:\/\/verloskundigenpraktijkmargriet.nl\/pl\/05-11-tygodni05-11-tygodni\/&#8221; button_text=&#8221;5-11 Tygodni&#8221; button_alignment=&#8221;right&#8221; _builder_version=&#8221;4.19.0&#8243; _module_preset=&#8221;default&#8221; custom_button=&#8221;on&#8221; button_text_color=&#8221;#993300&#8243; button_border_width=&#8221;0px&#8221; button_font=&#8221;|||||on|||&#8221; button_icon=&#8221;&#x24;||divi||400&#8243; button_on_hover=&#8221;off&#8221; global_colors_info=&#8221;{}&#8221; button_bg_color__hover_enabled=&#8221;on|hover&#8221; button_bg_color__hover=&#8221;RGBA(255,255,255,0)&#8221; button_bg_enable_color__hover=&#8221;on&#8221;][\/et_pb_button][\/et_pb_column][\/et_pb_row][\/et_pb_section]<\/p>\n","protected":false},"excerpt":{"rendered":"<p>PRAKTYKA PO\u0141O\u017bNICZA MARGRIET 0-5 tygodniNa tej stronie &nbsp; Um\u00f3w wizyt\u0119 Kwas foliowy i witamina D Od\u017cywianie i styl \u017cycia Krwawienie i poronienie 0-5 tygodniPozytywny test ci\u0105\u017cowyUda\u0142o si\u0119 i jeste\u015b w ci\u0105\u017cy? Gratulacje! Pierwszym sygna\u0142em, \u017ce mo\u017cesz by\u0107 w ci\u0105\u017cy, jest cz\u0119sto brak miesi\u0105czki. Nast\u0119pnie potwierdza to pozytywny test ci\u0105\u017cowy. Czasami trudno w to uwierzy\u0107 i [&hellip;]<\/p>\n","protected":false},"author":1,"featured_media":0,"parent":0,"menu_order":0,"comment_status":"closed","ping_status":"closed","template":"","meta":{"_et_pb_use_builder":"on","_et_pb_old_content":"","_et_gb_content_width":"","two_page_speed":{"current_score":{"desktop_score":93,"desktop_tti":"0.8\u00a0","mobile_score":78,"mobile_tti":"3.7\u00a0","date":"09.10.2025 10:19:29 am","status":"completed"}},"footnotes":""},"class_list":["post-5189","page","type-page","status-publish","hentry"],"_links":{"self":[{"href":"https:\/\/verloskundigenpraktijkmargriet.nl\/pl\/wp-json\/wp\/v2\/pages\/5189","targetHints":{"allow":["GET"]}}],"collection":[{"href":"https:\/\/verloskundigenpraktijkmargriet.nl\/pl\/wp-json\/wp\/v2\/pages"}],"about":[{"href":"https:\/\/verloskundigenpraktijkmargriet.nl\/pl\/wp-json\/wp\/v2\/types\/page"}],"author":[{"embeddable":true,"href":"https:\/\/verloskundigenpraktijkmargriet.nl\/pl\/wp-json\/wp\/v2\/users\/1"}],"replies":[{"embeddable":true,"href":"https:\/\/verloskundigenpraktijkmargriet.nl\/pl\/wp-json\/wp\/v2\/comments?post=5189"}],"version-history":[{"count":0,"href":"https:\/\/verloskundigenpraktijkmargriet.nl\/pl\/wp-json\/wp\/v2\/pages\/5189\/revisions"}],"wp:attachment":[{"href":"https:\/\/verloskundigenpraktijkmargriet.nl\/pl\/wp-json\/wp\/v2\/media?parent=5189"}],"curies":[{"name":"wp","href":"https:\/\/api.w.org\/{rel}","templated":true}]}}